{"id":2418,"date":"2025-12-05T22:34:12","date_gmt":"2025-12-05T19:34:12","guid":{"rendered":"https:\/\/markapool.splusweb.com\/smart-hazir-havuz\/"},"modified":"2025-12-20T23:07:58","modified_gmt":"2025-12-20T20:07:58","slug":"smart-fertigpool","status":"publish","type":"product","link":"https:\/\/markapool.com\/de\/smart-fertigpool\/","title":{"rendered":"Smart Fertigpool"},"content":{"rendered":"<h2>Smart Fertigpool<\/h2>\n<p>Der Smart Fertigpool ist eine kompakte Fiberglas-Pooll\u00f6sung, die modernes Design mit hoher Widerstandsf\u00e4higkeit vereint. Dieses Modell wurde speziell f\u00fcr begrenzte Platzverh\u00e4ltnisse entwickelt und bietet dank seiner \u00e4sthetischen Optik und funktionalen Struktur eine ideale Nutzung in G\u00e4rten und auf Terrassen.<\/p>\n<h2>Modernes Design und erstklassige Qualit\u00e4t<\/h2>\n<p>Der Smart Modell Fiberglaspool \u00fcberzeugt durch seine robuste Bauweise mit einer Lebensdauer von bis zu 50 Jahren. Dank der glatten Oberfl\u00e4che ist die Reinigung besonders einfach, der Wartungsaufwand minimal und durch die schnelle Installation ist der Pool in kurzer Zeit einsatzbereit. Sein elegantes Erscheinungsbild verleiht Ihren Au\u00dfenbereichen eine moderne Note.<\/p>\n<ul>\n<li>Lebensdauer von bis zu 50 Jahren \u2013 Hochfeste Fiberglasstruktur<\/li>\n<li>Kompaktes Design \u2013 Perfekte L\u00f6sung f\u00fcr kleine Fl\u00e4chen<\/li>\n<li>Geringer Wartungsaufwand<\/li>\n<li>Schnelle Installation \u2013 In kurzer Zeit einsatzbereit<\/li>\n<li>Glatte und hygienische Oberfl\u00e4che<\/li>\n<\/ul>\n<h2>Lieferumfang<\/h2>\n<ul>\n<li>Inbetriebnahme des Pools<\/li>\n<li>Poolfilter (400 mm) und Filtersand<\/li>\n<li>0,5 HP Umw\u00e4lzpumpe<\/li>\n<li>Fiberglas-Filtrationssystem-Kabine<\/li>\n<li>Komplette Montagearbeiten<\/li>\n<li>Pool-Innenausstattung:\n<ul>\n<li>2 Beleuchtungseinheiten<\/li>\n<li>1 Skimmer<\/li>\n<li>3+1 D\u00fcsen<\/li>\n<\/ul>\n<\/li>\n<li>Polyester-Poolk\u00f6rper<\/li>\n<li>Verrohrung zwischen Pool und Filtrationskabine<\/li>\n<li>Elektrische Installationen f\u00fcr Pool (Pumpe und Beleuchtungsschaltschrank)<\/li>\n<\/ul>\n<h2>Vorteile des Smart Fertigpools<\/h2>\n<ul>\n<li>Modernes und kompaktes Design<\/li>\n<li>Langlebiger, hochwertiger Fiberglaspool<\/li>\n<li>Geringe Wartungskosten<\/li>\n<li>Einfache Installation und Bedienung<\/li>\n<li>Ideale L\u00f6sung f\u00fcr G\u00e4rten und Terrassen<\/li>\n<\/ul>\n<p>Der Smart Fertigpool vereint Langlebigkeit, \u00c4sthetik und praktische Nutzungsvorteile und ist damit die perfekte Wahl f\u00fcr alle, die einen modernen und langlebigen Fertigpool suchen.<\/p>\n<table width=\"1425\">\n<tbody>\n<tr>\n<td width=\"637\">CODE<\/td>\n<td width=\"788\">ABMESSUNGEN (Breite x L\u00e4nge x Tiefe)<\/td>\n<\/tr>\n<tr>\n<td>SMT01<\/td>\n<td>2,25 x 4,45 x 1,5 MT<\/td>\n<\/tr>\n<\/tbody>\n<\/table>\n","protected":false},"excerpt":{"rendered":"<p>Der Smart Fertigpool bietet dank seines kompakten Designs und der hochfesten Fiberglasstruktur eine moderne, langlebige und wartungsarme Pooll\u00f6sung f\u00fcr kleine Fl\u00e4chen und stellt eine \u00e4sthetische sowie praktische Wahl f\u00fcr G\u00e4rten und Terrassen dar.<\/p>\n","protected":false},"featured_media":2419,"comment_status":"open","ping_status":"closed","template":"","meta":{"_joinchat":[]},"product_brand":[],"product_cat":[87],"product_tag":[],"class_list":{"0":"post-2418","1":"product","2":"type-product","3":"status-publish","4":"has-post-thumbnail","6":"product_cat-fertigpools","8":"first","9":"instock","10":"shipping-taxable","11":"product-type-simple"},"_links":{"self":[{"href":"https:\/\/markapool.com\/de\/wp-json\/wp\/v2\/product\/2418","targetHints":{"allow":["GET"]}}],"collection":[{"href":"https:\/\/markapool.com\/de\/wp-json\/wp\/v2\/product"}],"about":[{"href":"https:\/\/markapool.com\/de\/wp-json\/wp\/v2\/types\/product"}],"replies":[{"embeddable":true,"href":"https:\/\/markapool.com\/de\/wp-json\/wp\/v2\/comments?post=2418"}],"wp:featuredmedia":[{"embeddable":true,"href":"https:\/\/markapool.com\/de\/wp-json\/wp\/v2\/media\/2419"}],"wp:attachment":[{"href":"https:\/\/markapool.com\/de\/wp-json\/wp\/v2\/media?parent=2418"}],"wp:term":[{"taxonomy":"product_brand","embeddable":true,"href":"https:\/\/markapool.com\/de\/wp-json\/wp\/v2\/product_brand?post=2418"},{"taxonomy":"product_cat","embeddable":true,"href":"https:\/\/markapool.com\/de\/wp-json\/wp\/v2\/product_cat?post=2418"},{"taxonomy":"product_tag","embeddable":true,"href":"https:\/\/markapool.com\/de\/wp-json\/wp\/v2\/product_tag?post=2418"}],"curies":[{"name":"wp","href":"https:\/\/api.w.org\/{rel}","templated":true}]}}