{"id":2495,"date":"2025-12-05T18:47:46","date_gmt":"2025-12-05T15:47:46","guid":{"rendered":"https:\/\/markapool.splusweb.com\/betona-gecme-havuz-makine-dairesi-kapagi-75x75\/"},"modified":"2025-12-20T22:55:50","modified_gmt":"2025-12-20T19:55:50","slug":"in-beton-eingelassener-pool-technikraumdeckel-75x75","status":"publish","type":"product","link":"https:\/\/markapool.com\/de\/in-beton-eingelassener-pool-technikraumdeckel-75x75\/","title":{"rendered":"In Beton eingelassener Pool-Technikraumdeckel 75&#215;75"},"content":{"rendered":"<h2>In Beton eingelassener Pool-Technikraumdeckel<\/h2>\n<p>In Beton eingelassene Abdeckungen f\u00fcr Pool-Technikr\u00e4ume und Ausgleichsbeh\u00e4lter werden aus hochfestem Fibermaterial (GFK), Glasfaser und isophthalischem Polyester hergestellt.<br \/>\nF\u00fcr die Oberfl\u00e4chenbeschichtung wird eine langlebige Polyurethan-Epoxid-Polyester-Beschichtung verwendet.<\/p>\n<p>Diese Konstruktionen sind unempfindlich gegen\u00fcber Poolchemikalien, \u00e4u\u00dferen Einfl\u00fcssen und Vibrationen. Dank ihrer leichten, stabilen und robusten Bauweise k\u00f6nnen sie \u00fcber viele Jahre hinweg sicher eingesetzt werden.<\/p>\n<h2>Farboptionen<\/h2>\n<p>Standardfarben: Beige, Creme, Grau und Braun.<br \/>\nAuf Wunsch sind auch spezielle Sonderfarben erh\u00e4ltlich.<\/p>\n<h2>Zubeh\u00f6r<\/h2>\n<ul>\n<li>Scharniere<\/li>\n<li>Schloss \u2013 Griff<\/li>\n<li>Deckel-Haltearm<\/li>\n<li>EPDM-Dichtband<\/li>\n<\/ul>\n<h2>Einsatzbereiche<\/h2>\n<p>Diese Abdeckungen werden sicher in Pool-Technikr\u00e4umen und Ausgleichsbeh\u00e4ltern eingesetzt.<\/p>\n","protected":false},"excerpt":{"rendered":"<p>Der in Beton eingelassene Pool-Technikraumdeckel bietet dank seiner robusten Konstruktion aus GFK, Glasfaser und isophthalischem Polyester einen langlebigen Schutz gegen Poolchemikalien und \u00e4u\u00dfere Einfl\u00fcsse. Mit seiner leichten und zugleich stabilen Bauweise sowie Standard- und Sonderfarboptionen stellt er eine zuverl\u00e4ssige L\u00f6sung f\u00fcr Pool-Technikr\u00e4ume und Ausgleichsbeh\u00e4lter dar.<\/p>\n","protected":false},"featured_media":2466,"comment_status":"open","ping_status":"closed","template":"","meta":{"_joinchat":[]},"product_brand":[],"product_cat":[76],"product_tag":[],"class_list":{"0":"post-2495","1":"product","2":"type-product","3":"status-publish","4":"has-post-thumbnail","6":"product_cat-pooltechnikraum-abdeckung","8":"first","9":"instock","10":"shipping-taxable","11":"product-type-simple"},"_links":{"self":[{"href":"https:\/\/markapool.com\/de\/wp-json\/wp\/v2\/product\/2495","targetHints":{"allow":["GET"]}}],"collection":[{"href":"https:\/\/markapool.com\/de\/wp-json\/wp\/v2\/product"}],"about":[{"href":"https:\/\/markapool.com\/de\/wp-json\/wp\/v2\/types\/product"}],"replies":[{"embeddable":true,"href":"https:\/\/markapool.com\/de\/wp-json\/wp\/v2\/comments?post=2495"}],"wp:featuredmedia":[{"embeddable":true,"href":"https:\/\/markapool.com\/de\/wp-json\/wp\/v2\/media\/2466"}],"wp:attachment":[{"href":"https:\/\/markapool.com\/de\/wp-json\/wp\/v2\/media?parent=2495"}],"wp:term":[{"taxonomy":"product_brand","embeddable":true,"href":"https:\/\/markapool.com\/de\/wp-json\/wp\/v2\/product_brand?post=2495"},{"taxonomy":"product_cat","embeddable":true,"href":"https:\/\/markapool.com\/de\/wp-json\/wp\/v2\/product_cat?post=2495"},{"taxonomy":"product_tag","embeddable":true,"href":"https:\/\/markapool.com\/de\/wp-json\/wp\/v2\/product_tag?post=2495"}],"curies":[{"name":"wp","href":"https:\/\/api.w.org\/{rel}","templated":true}]}}