{"id":2803,"date":"2025-12-05T16:17:50","date_gmt":"2025-12-05T13:17:50","guid":{"rendered":"https:\/\/markapool.splusweb.com\/kalifornia-akilli-havuz-ustu-kapatma\/"},"modified":"2025-12-21T00:06:52","modified_gmt":"2025-12-20T21:06:52","slug":"kalifornia-smart-poolueberdachung","status":"publish","type":"product","link":"https:\/\/markapool.com\/de\/kalifornia-smart-poolueberdachung\/","title":{"rendered":"Kalifornia Smart Pool\u00fcberdachung"},"content":{"rendered":"<h2>Kalifornia Smart Pool\u00fcberdachung<\/h2>\n<p>Das Modell Kalifornia Smart Pool\u00fcberdachung ist ein intelligentes Abdeckungssystem, das dank spezieller Polycarbonat- und Aluminiumprofile einen geringeren \u00f6kologischen Fu\u00dfabdruck hinterl\u00e4sst und moderne SMART-L\u00f6sungen bietet. Die Materialoptimierung senkt die Kosten, ohne Stabilit\u00e4t und Langlebigkeit zu beeintr\u00e4chtigen. Das Modell ist in klassischer Bogenform (Arc) gestaltet, verf\u00fcgt \u00fcber eine Schiebet\u00fcr im Seitenteil und ist mit Solid- oder Multiwall-Polycarbonatverglasung erh\u00e4ltlich.<\/p>\n<h2>Verglasungsoptionen<\/h2>\n<h3>Solid-Polycarbonat-Verglasung<\/h3>\n<ul>\n<li>Kristallklare, vollst\u00e4ndig transparente Optik<\/li>\n<li>Maximale Sichtklarheit in den Poolbereich<\/li>\n<li>Moderne und schlichte \u00c4sthetik<\/li>\n<\/ul>\n<h3>Multiwall-Polycarbonat-Verglasung<\/h3>\n<ul>\n<li>Die wirtschaftlichste Verglasungsl\u00f6sung<\/li>\n<li>Sorgt f\u00fcr Sichtschutz in den Poolbereich von au\u00dfen<\/li>\n<li>Hervorragende W\u00e4rmed\u00e4mmleistung<\/li>\n<\/ul>\n<h2>Technische Eigenschaften<\/h2>\n<h3>Allgemeine Konstruktion<\/h3>\n<ul>\n<li>Klassisches, bogenf\u00f6rmiges (Arc) Design<\/li>\n<li>Solid- oder Multiwall-Polycarbonatverglasung<\/li>\n<li>Patentiertes, abgerundetes Sicherheitsprofilsystem<\/li>\n<li>H\u00f6henbereich: 1,10 \u2013 2,15 m (abh\u00e4ngig von der Breite)<\/li>\n<\/ul>\n<h3>Sicherheit<\/h3>\n<ul>\n<li>Dauerhaftes Sturmschutzsystem<\/li>\n<li>Abschlie\u00dfbare Schiebet\u00fcr im Seitenteil oder Dreht\u00fcr im gr\u00f6\u00dften Segment<\/li>\n<li>Im Profil integrierter, benutzerfreundlicher Sicherheitsverschluss<\/li>\n<li>13 mm ultra-flaches, begehbares eloxiertes Schienensystem<\/li>\n<\/ul>\n<h3>Konstruktion und Langlebigkeit<\/h3>\n<ul>\n<li>Von au\u00dfen unsichtbare rostfreie Chromstahlschrauben<\/li>\n<li>Staub- und wasserbest\u00e4ndiges Rollensystem mit Doppelkugellagern<\/li>\n<li>Langlebige und \u00e4sthetische Konstruktion durch verdeckte Verbindungen<\/li>\n<\/ul>\n<h2>Optionale Ausstattungen<\/h2>\n<ul>\n<li>Zus\u00e4tzliche Schiebe- oder Dreht\u00fcren<\/li>\n<li>Erh\u00f6hte Ledge-Turn-up-Ausf\u00fchrung an der Vorder- oder R\u00fcckwand<\/li>\n<\/ul>\n<h2>Warum Kalifornia Smart Pool\u00fcberdachung?<\/h2>\n<ul>\n<li>Bietet sicheren Schutz f\u00fcr Kinder und Haustiere<\/li>\n<li>Reduziert Wartungs- und Reinigungskosten<\/li>\n<li>Sch\u00fctzt den Pool und verl\u00e4ngert die Nutzungssaison<\/li>\n<\/ul>\n","protected":false},"excerpt":{"rendered":"<p>Die Kalifornia Smart Pool\u00fcberdachung bietet mit ihrem klassischen Bogen-Design, der optimierten Polycarbonat-Aluminium-Konstruktion, der Schiebet\u00fcroption sowie den Solid- und Multiwall-Verglasungsalternativen eine wirtschaftliche, langlebige und sichere L\u00f6sung. Sie h\u00e4lt den Pool sauber und gesch\u00fctzt, senkt die Wartungskosten und verl\u00e4ngert die Poolsaison.<\/p>\n","protected":false},"featured_media":2804,"comment_status":"open","ping_status":"closed","template":"","meta":{"_joinchat":[]},"product_brand":[],"product_cat":[83],"product_tag":[],"class_list":{"0":"post-2803","1":"product","2":"type-product","3":"status-publish","4":"has-post-thumbnail","6":"product_cat-pool-abdeckungssysteme","8":"first","9":"instock","10":"shipping-taxable","11":"product-type-simple"},"_links":{"self":[{"href":"https:\/\/markapool.com\/de\/wp-json\/wp\/v2\/product\/2803","targetHints":{"allow":["GET"]}}],"collection":[{"href":"https:\/\/markapool.com\/de\/wp-json\/wp\/v2\/product"}],"about":[{"href":"https:\/\/markapool.com\/de\/wp-json\/wp\/v2\/types\/product"}],"replies":[{"embeddable":true,"href":"https:\/\/markapool.com\/de\/wp-json\/wp\/v2\/comments?post=2803"}],"wp:featuredmedia":[{"embeddable":true,"href":"https:\/\/markapool.com\/de\/wp-json\/wp\/v2\/media\/2804"}],"wp:attachment":[{"href":"https:\/\/markapool.com\/de\/wp-json\/wp\/v2\/media?parent=2803"}],"wp:term":[{"taxonomy":"product_brand","embeddable":true,"href":"https:\/\/markapool.com\/de\/wp-json\/wp\/v2\/product_brand?post=2803"},{"taxonomy":"product_cat","embeddable":true,"href":"https:\/\/markapool.com\/de\/wp-json\/wp\/v2\/product_cat?post=2803"},{"taxonomy":"product_tag","embeddable":true,"href":"https:\/\/markapool.com\/de\/wp-json\/wp\/v2\/product_tag?post=2803"}],"curies":[{"name":"wp","href":"https:\/\/api.w.org\/{rel}","templated":true}]}}