{"id":2871,"date":"2025-12-05T13:52:01","date_gmt":"2025-12-05T10:52:01","guid":{"rendered":"https:\/\/markapool.splusweb.com\/arizona-havuz-ustu-kapatma\/"},"modified":"2025-12-21T00:25:10","modified_gmt":"2025-12-20T21:25:10","slug":"arizona-poolueberdachung","status":"publish","type":"product","link":"https:\/\/markapool.com\/de\/arizona-poolueberdachung\/","title":{"rendered":"Arizona Pool\u00fcberdachung"},"content":{"rendered":"<h2>Arizona Pool\u00fcberdachung<\/h2>\n<p>Das Arizona Pool\u00fcberdachungssystem vereint \u00c4sthetik und Funktionalit\u00e4t durch seine niedrige, korbf\u00f6rmig gew\u00f6lbte Bauform und die optionale Schiebet\u00fcr. Dieses Modell kann sowohl mit vollst\u00e4ndig transparenter Solid-Polycarbonatverglasung als auch mit Multiwall-Polycarbonatverglasung gefertigt werden.<\/p>\n<h2>Verglasungsoptionen<\/h2>\n<p>Beim Arizona-Modell k\u00f6nnen Sie zwischen zwei verschiedenen Polycarbonat-Verglasungsarten w\u00e4hlen. Bei der Auswahl empfiehlt es sich, Ihre Anforderungen, Erwartungen und Ihr Budget zu ber\u00fccksichtigen.<\/p>\n<h3>Solid-Polycarbonat-Verglasung<\/h3>\n<ul>\n<li>Kristallklare, vollst\u00e4ndig transparente Optik<\/li>\n<li>Klare Sicht in den Poolbereich<\/li>\n<li>Modernes, sauberes und minimalistisches Erscheinungsbild<\/li>\n<\/ul>\n<h3>Multiwall-Polycarbonat-Verglasung<\/h3>\n<ul>\n<li>Die wirtschaftlichste Verglasungsoption<\/li>\n<li>Sorgt f\u00fcr Sichtschutz in den Poolbereich von au\u00dfen<\/li>\n<li>H\u00f6chste Effizienz in der W\u00e4rmed\u00e4mmung<\/li>\n<\/ul>\n<h2>Technische Eigenschaften<\/h2>\n<h3>Allgemeine Konstruktion<\/h3>\n<ul>\n<li>Korbf\u00f6rmig gew\u00f6lbtes (Basket-Curved) Design<\/li>\n<li>Solid- oder Multiwall-Polycarbonatverglasung<\/li>\n<li>Patentiertes, abgerundetes Sicherheitsprofilsystem<\/li>\n<li>H\u00f6henbereich: 0,65 \u2013 1,30 m (abh\u00e4ngig von der Breite)<\/li>\n<\/ul>\n<h3>Sicherheit<\/h3>\n<ul>\n<li>Dauerhaftes Sturmschutzsystem<\/li>\n<li>Abschlie\u00dfbare Schiebet\u00fcr im Seitenteil oder Dreht\u00fcr im gr\u00f6\u00dften Segment<\/li>\n<li>Im Profil integrierter, benutzerfreundlicher Sicherheitsverschluss<\/li>\n<li>15 mm ultra-flaches, eloxiertes und begehbares Schienensystem<\/li>\n<\/ul>\n<h3>Robuste Konstruktion<\/h3>\n<ul>\n<li>Von au\u00dfen unsichtbare rostfreie Chromstahlschrauben<\/li>\n<li>Staub- und wasserbest\u00e4ndiges Hochleistungs-Rollensystem mit Doppelkugellagern<\/li>\n<\/ul>\n<h2>Optionale Ausstattungen<\/h2>\n<ul>\n<li>Zus\u00e4tzliche Schiebe- oder Dreht\u00fcren<\/li>\n<li>Ledge-Turn-up-Erh\u00f6hung an der Vorder- oder R\u00fcckwand<\/li>\n<li>Turn-up mit hoher Verglasung an der Vorder- oder R\u00fcckwand<\/li>\n<li>Kindersicheres Segmentverriegelungssystem<\/li>\n<li>Individuelle Segmentaufteilung<\/li>\n<li>Option zur Erh\u00f6hung der Bogenh\u00f6he<\/li>\n<li>Aluminiumrahmen mit RAL-Farboptionen<\/li>\n<li>Motorisiertes Bewegungssystem<\/li>\n<\/ul>\n<h2>Warum empfehlen wir das Arizona-Modell?<\/h2>\n<ul>\n<li>Schafft einen sicheren Poolbereich f\u00fcr Kinder und Haustiere<\/li>\n<li>Reduziert die Pool-Wartungskosten<\/li>\n<li>H\u00e4lt den Pool sauber und gesch\u00fctzt<\/li>\n<li>Verl\u00e4ngert die Poolsaison deutlich<\/li>\n<\/ul>\n","protected":false},"excerpt":{"rendered":"<p>Das Arizona Pool\u00fcberdachungssystem bietet mit seinem korbf\u00f6rmig gew\u00f6lbten Design, der Schiebet\u00fcroption sowie den Solid- und Multiwall-Polycarbonatverglasungsalternativen eine \u00e4sthetische und funktionale Poolschutzl\u00f6sung, die Sicherheit, Sauberkeit und eine deutlich verl\u00e4ngerte Nutzungssaison gew\u00e4hrleistet.<\/p>\n","protected":false},"featured_media":2872,"comment_status":"open","ping_status":"closed","template":"","meta":{"_joinchat":[]},"product_brand":[],"product_cat":[83],"product_tag":[],"class_list":{"0":"post-2871","1":"product","2":"type-product","3":"status-publish","4":"has-post-thumbnail","6":"product_cat-pool-abdeckungssysteme","8":"first","9":"instock","10":"shipping-taxable","11":"product-type-simple"},"_links":{"self":[{"href":"https:\/\/markapool.com\/de\/wp-json\/wp\/v2\/product\/2871","targetHints":{"allow":["GET"]}}],"collection":[{"href":"https:\/\/markapool.com\/de\/wp-json\/wp\/v2\/product"}],"about":[{"href":"https:\/\/markapool.com\/de\/wp-json\/wp\/v2\/types\/product"}],"replies":[{"embeddable":true,"href":"https:\/\/markapool.com\/de\/wp-json\/wp\/v2\/comments?post=2871"}],"wp:featuredmedia":[{"embeddable":true,"href":"https:\/\/markapool.com\/de\/wp-json\/wp\/v2\/media\/2872"}],"wp:attachment":[{"href":"https:\/\/markapool.com\/de\/wp-json\/wp\/v2\/media?parent=2871"}],"wp:term":[{"taxonomy":"product_brand","embeddable":true,"href":"https:\/\/markapool.com\/de\/wp-json\/wp\/v2\/product_brand?post=2871"},{"taxonomy":"product_cat","embeddable":true,"href":"https:\/\/markapool.com\/de\/wp-json\/wp\/v2\/product_cat?post=2871"},{"taxonomy":"product_tag","embeddable":true,"href":"https:\/\/markapool.com\/de\/wp-json\/wp\/v2\/product_tag?post=2871"}],"curies":[{"name":"wp","href":"https:\/\/api.w.org\/{rel}","templated":true}]}}