{"id":2927,"date":"2025-12-05T13:29:04","date_gmt":"2025-12-05T10:29:04","guid":{"rendered":"https:\/\/markapool.splusweb.com\/nevada-plus-havuz-ustu-kapatma-sistemi\/"},"modified":"2025-12-21T00:39:20","modified_gmt":"2025-12-20T21:39:20","slug":"nevada-plus-poolueberdachungssystem","status":"publish","type":"product","link":"https:\/\/markapool.com\/de\/nevada-plus-poolueberdachungssystem\/","title":{"rendered":"Nevada Plus Pool\u00fcberdachungssystem"},"content":{"rendered":"<h2>Nevada Plus Pool\u00fcberdachungssystem<\/h2>\n<p>Das Nevada Plus Pool\u00fcberdachungssystem ist eine Premium-Poolschutzl\u00f6sung, die modernes und minimalistisches Design mit einer erh\u00f6hten, kantigen Form kombiniert und \u00fcber ein Schiebet\u00fcrsystem verf\u00fcgt. Es wird ausschlie\u00dflich mit vollst\u00e4ndig transparenter Solid-Polycarbonatverglasung gefertigt und kann bis zu einer Breite von 5 Metern mit einem einseitigen Schienensystem eingesetzt werden.<\/p>\n<h2>Solid-Polycarbonat-Verglasung<\/h2>\n<p>Dieses Modell wird ausschlie\u00dflich mit 4 mm starkem, vollst\u00e4ndig transparentem Solid-Polycarbonat angeboten. Aufgrund der speziellen Form ist Multiwall-Polycarbonat f\u00fcr Biegung und Kantenformung nicht geeignet. Die kristallklare Oberfl\u00e4che bietet vollst\u00e4ndige Sicht rund um den Pool und verleiht dem Abdeckungssystem eine schlichte und moderne Ausstrahlung.<\/p>\n<h2>Technische Eigenschaften<\/h2>\n<h3>Allgemeine Konstruktion<\/h3>\n<ul>\n<li>Modernes, erh\u00f6htes und kantiges Design<\/li>\n<li>Schiebet\u00fcrsystem<\/li>\n<li>4 mm starkes, transparentes Solid-Polycarbonat<\/li>\n<li>Patentierte, abgerundete Sicherheits-Aluminiumprofile<\/li>\n<li>H\u00f6henbereich: 0,6 \u2013 1,0 m (abh\u00e4ngig von der Breite)<\/li>\n<\/ul>\n<h3>Sicherheit<\/h3>\n<ul>\n<li>Dauerhaftes Sturmschutzsystem<\/li>\n<li>Abschlie\u00dfbare seitliche Schiebet\u00fcr oder Dreht\u00fcr im gr\u00f6\u00dften Segment<\/li>\n<li>Im Profil integrierter Sicherheitsverriegelungsmechanismus<\/li>\n<li>13 mm ultra-flaches, eloxiertes und begehbares Schienensystem<\/li>\n<\/ul>\n<h3>Robuste Konstruktion<\/h3>\n<ul>\n<li>Von au\u00dfen unsichtbare rostfreie Chromstahl-Befestigungselemente<\/li>\n<li>Staub- und wasserbest\u00e4ndiges, robustes Rollensystem mit Doppelkugellagern<\/li>\n<\/ul>\n<h2>Optionale Ausstattungen<\/h2>\n<ul>\n<li>Einseitiges Schienensystem<\/li>\n<li>Zus\u00e4tzliche Schiebe- oder Dreht\u00fcren<\/li>\n<li>Ledge-Turn-up-Erh\u00f6hung an der Vorder- oder R\u00fcckwand<\/li>\n<li>Turn-up mit hoher Verglasung<\/li>\n<li>Kindersicherung<\/li>\n<li>Individuelles Segmentdesign<\/li>\n<li>Option zur Erh\u00f6hung der Bogenh\u00f6he<\/li>\n<li>Aluminiumrahmen mit RAL-Farboptionen<\/li>\n<li>Motorisiertes Bewegungssystem<\/li>\n<\/ul>\n<h2>Warum empfehlen wir das Nevada Plus Modell?<\/h2>\n<ul>\n<li>Bietet hohe Sicherheit f\u00fcr Kinder und Haustiere<\/li>\n<li>Reduziert Poolreinigungs- und Wartungskosten<\/li>\n<li>H\u00e4lt den Pool sauber und bewahrt die Wasserqualit\u00e4t<\/li>\n<li>Verl\u00e4ngert die Poolsaison deutlich<\/li>\n<\/ul>\n","protected":false},"excerpt":{"rendered":"<p>Das Nevada Plus Pool\u00fcberdachungssystem vereint mit seinem erh\u00f6hten, kantigen Design, der Schiebet\u00fcrkonstruktion und der 4 mm starken, vollst\u00e4ndig transparenten Solid-Polycarbonatverglasung modernes Erscheinungsbild und hohe Sicherheit. Es senkt die Wartungskosten, erh\u00e4lt die Sichtbarkeit und verl\u00e4ngert die Poolsaison sp\u00fcrbar.<\/p>\n","protected":false},"featured_media":2928,"comment_status":"open","ping_status":"closed","template":"","meta":{"_joinchat":[]},"product_brand":[],"product_cat":[83],"product_tag":[],"class_list":{"0":"post-2927","1":"product","2":"type-product","3":"status-publish","4":"has-post-thumbnail","6":"product_cat-pool-abdeckungssysteme","8":"first","9":"instock","10":"shipping-taxable","11":"product-type-simple"},"_links":{"self":[{"href":"https:\/\/markapool.com\/de\/wp-json\/wp\/v2\/product\/2927","targetHints":{"allow":["GET"]}}],"collection":[{"href":"https:\/\/markapool.com\/de\/wp-json\/wp\/v2\/product"}],"about":[{"href":"https:\/\/markapool.com\/de\/wp-json\/wp\/v2\/types\/product"}],"replies":[{"embeddable":true,"href":"https:\/\/markapool.com\/de\/wp-json\/wp\/v2\/comments?post=2927"}],"wp:featuredmedia":[{"embeddable":true,"href":"https:\/\/markapool.com\/de\/wp-json\/wp\/v2\/media\/2928"}],"wp:attachment":[{"href":"https:\/\/markapool.com\/de\/wp-json\/wp\/v2\/media?parent=2927"}],"wp:term":[{"taxonomy":"product_brand","embeddable":true,"href":"https:\/\/markapool.com\/de\/wp-json\/wp\/v2\/product_brand?post=2927"},{"taxonomy":"product_cat","embeddable":true,"href":"https:\/\/markapool.com\/de\/wp-json\/wp\/v2\/product_cat?post=2927"},{"taxonomy":"product_tag","embeddable":true,"href":"https:\/\/markapool.com\/de\/wp-json\/wp\/v2\/product_tag?post=2927"}],"curies":[{"name":"wp","href":"https:\/\/api.w.org\/{rel}","templated":true}]}}