{"id":2983,"date":"2025-12-05T18:34:54","date_gmt":"2025-12-05T15:34:54","guid":{"rendered":"https:\/\/markapool.splusweb.com\/izotermik-havuz-kapatma-ortusu\/"},"modified":"2025-12-21T22:38:33","modified_gmt":"2025-12-21T19:38:33","slug":"isothermische-poolabdeckung","status":"publish","type":"product","link":"https:\/\/markapool.com\/de\/isothermische-poolabdeckung\/","title":{"rendered":"Isothermische Poolabdeckung"},"content":{"rendered":"<h2>Isothermische Poolabdeckung<\/h2>\n<p>Die isothermische Poolabdeckung ist eine \u00e4u\u00dferst effiziente Abdeckungsl\u00f6sung, die speziell entwickelt wurde, um die Wassertemperatur des Pools zu erhalten. Am Abend oder zu Zeiten, in denen der Pool nicht genutzt wird, l\u00e4sst sie sich dank der Kurbelmechanik einfach \u00fcber den Pool ziehen und verhindert so den W\u00e4rmeverlust des Wassers.<\/p>\n<p>Dieses System bietet insbesondere f\u00fcr Nutzer, die Schwierigkeiten bei der Poolbeheizung haben, einen gro\u00dfen Vorteil und erm\u00f6glicht eine zugleich praktische sowie wirtschaftliche Nutzung. Dank der hohen W\u00e4rmespeicherleistung bleibt das Poolwasser deutlich l\u00e4nger warm.<\/p>\n<h2>Energieeinsparung<\/h2>\n<p>Bei regelm\u00e4\u00dfiger Nutzung kann die isothermische Poolabdeckung die Heizkosten um etwa 30\u201340 % senken. Dadurch amortisiert sich das Produkt in der Regel innerhalb weniger Jahre und stellt eine ideale Poolabdeckung dar, die Energieeinsparung und Komfort optimal miteinander verbindet.<\/p>\n","protected":false},"excerpt":{"rendered":"<p>Die isothermische Poolabdeckung ist eine praktische und effiziente L\u00f6sung, die den W\u00e4rmeverlust des Poolwassers verhindert, sich \u00fcber eine Kurbel leicht \u00f6ffnen und schlie\u00dfen l\u00e4sst und bei regelm\u00e4\u00dfiger Nutzung die Heizkosten um 30\u201340 % reduziert, sodass sich die Investition in kurzer Zeit selbst bezahlt macht.<\/p>\n","protected":false},"featured_media":2984,"comment_status":"open","ping_status":"closed","template":"","meta":{"_joinchat":[]},"product_brand":[],"product_cat":[83],"product_tag":[],"class_list":{"0":"post-2983","1":"product","2":"type-product","3":"status-publish","4":"has-post-thumbnail","6":"product_cat-pool-abdeckungssysteme","8":"first","9":"instock","10":"shipping-taxable","11":"product-type-simple"},"_links":{"self":[{"href":"https:\/\/markapool.com\/de\/wp-json\/wp\/v2\/product\/2983","targetHints":{"allow":["GET"]}}],"collection":[{"href":"https:\/\/markapool.com\/de\/wp-json\/wp\/v2\/product"}],"about":[{"href":"https:\/\/markapool.com\/de\/wp-json\/wp\/v2\/types\/product"}],"replies":[{"embeddable":true,"href":"https:\/\/markapool.com\/de\/wp-json\/wp\/v2\/comments?post=2983"}],"wp:featuredmedia":[{"embeddable":true,"href":"https:\/\/markapool.com\/de\/wp-json\/wp\/v2\/media\/2984"}],"wp:attachment":[{"href":"https:\/\/markapool.com\/de\/wp-json\/wp\/v2\/media?parent=2983"}],"wp:term":[{"taxonomy":"product_brand","embeddable":true,"href":"https:\/\/markapool.com\/de\/wp-json\/wp\/v2\/product_brand?post=2983"},{"taxonomy":"product_cat","embeddable":true,"href":"https:\/\/markapool.com\/de\/wp-json\/wp\/v2\/product_cat?post=2983"},{"taxonomy":"product_tag","embeddable":true,"href":"https:\/\/markapool.com\/de\/wp-json\/wp\/v2\/product_tag?post=2983"}],"curies":[{"name":"wp","href":"https:\/\/api.w.org\/{rel}","templated":true}]}}