{"id":3020,"date":"2025-12-05T18:23:25","date_gmt":"2025-12-05T15:23:25","guid":{"rendered":"https:\/\/markapool.splusweb.com\/barli-havuz-kapatma-ortusu\/"},"modified":"2025-12-21T22:46:07","modified_gmt":"2025-12-21T19:46:07","slug":"stangen-poolabdeckung","status":"publish","type":"product","link":"https:\/\/markapool.com\/de\/stangen-poolabdeckung\/","title":{"rendered":"Stangen-Poolabdeckung"},"content":{"rendered":"<h2>Stangen-Poolabdeckung<\/h2>\n<p>Die Stangen-Pool-Sicherheitsabdeckung ist ein \u00e4u\u00dferst funktionales Abdeckungssystem, das entwickelt wurde, um die Sicherheit am Pool zu erh\u00f6hen und den Reinigungsaufwand zu reduzieren. Das System besteht aus einer PVC-Membran, die mit Edelstahlstangen verst\u00e4rkt ist, und bietet dadurch eine langlebige, sichere und widerstandsf\u00e4hige L\u00f6sung.<\/p>\n<p>Dank des rotierenden Stangenmechanismus l\u00e4sst sich die Abdeckung m\u00fchelos \u00fcber den Pool ausrollen und ebenso leicht wieder einrollen. Sie kann entweder manuell mit einer Kurbel oder mit einem automatischen Motorantrieb bedient werden und l\u00e4sst sich in weniger als einer Minute \u00f6ffnen und schlie\u00dfen.<\/p>\n<h2>Vorteile<\/h2>\n<ul>\n<li>Die Stangen-Poolabdeckung verf\u00fcgt \u00fcber 2 Jahre Garantie.<\/li>\n<li>Erh\u00e4ltlich in verschiedenen Farboptionen.<\/li>\n<li>Kann in sehr kurzer Zeit ge\u00f6ffnet und geschlossen werden.<\/li>\n<li>H\u00e4lt den Pool w\u00e4hrend der gesamten Wintersaison sicher und sauber.<\/li>\n<li>Sorgt f\u00fcr Wassereinsparung und reduziert die Verdunstung erheblich.<\/li>\n<li>Verl\u00e4ngert die Lebensdauer des Pools und senkt die Wartungskosten.<\/li>\n<li>L\u00e4sst sich einfach vom Poolrand entfernen und wird nicht auf der Pooloberfl\u00e4che montiert, sodass keine Spuren entstehen.<\/li>\n<\/ul>\n<p>Mit ihrer praktischen Handhabung, der robusten Konstruktion und dem hohen Sicherheitsstandard z\u00e4hlt die Stangen-Poolabdeckung zu den beliebtesten saisonalen Sicherheitsl\u00f6sungen f\u00fcr private sowie professionelle Pools.<\/p>\n","protected":false},"excerpt":{"rendered":"<p>Die Stangen-Poolabdeckung ist eine langlebige und benutzerfreundliche saisonale Schutzl\u00f6sung, die dank einer mit Edelstahlstangen verst\u00e4rkten PVC-Membran die Poolsicherheit erh\u00f6ht, manuell oder motorisiert in weniger als einer Minute ge\u00f6ffnet und geschlossen werden kann, Verdunstung und Verschmutzung reduziert und dadurch die Wartungskosten deutlich senkt.<\/p>\n","protected":false},"featured_media":3022,"comment_status":"open","ping_status":"closed","template":"","meta":{"_joinchat":[]},"product_brand":[],"product_cat":[83],"product_tag":[],"class_list":{"0":"post-3020","1":"product","2":"type-product","3":"status-publish","4":"has-post-thumbnail","6":"product_cat-pool-abdeckungssysteme","8":"first","9":"instock","10":"shipping-taxable","11":"product-type-simple"},"_links":{"self":[{"href":"https:\/\/markapool.com\/de\/wp-json\/wp\/v2\/product\/3020","targetHints":{"allow":["GET"]}}],"collection":[{"href":"https:\/\/markapool.com\/de\/wp-json\/wp\/v2\/product"}],"about":[{"href":"https:\/\/markapool.com\/de\/wp-json\/wp\/v2\/types\/product"}],"replies":[{"embeddable":true,"href":"https:\/\/markapool.com\/de\/wp-json\/wp\/v2\/comments?post=3020"}],"wp:featuredmedia":[{"embeddable":true,"href":"https:\/\/markapool.com\/de\/wp-json\/wp\/v2\/media\/3022"}],"wp:attachment":[{"href":"https:\/\/markapool.com\/de\/wp-json\/wp\/v2\/media?parent=3020"}],"wp:term":[{"taxonomy":"product_brand","embeddable":true,"href":"https:\/\/markapool.com\/de\/wp-json\/wp\/v2\/product_brand?post=3020"},{"taxonomy":"product_cat","embeddable":true,"href":"https:\/\/markapool.com\/de\/wp-json\/wp\/v2\/product_cat?post=3020"},{"taxonomy":"product_tag","embeddable":true,"href":"https:\/\/markapool.com\/de\/wp-json\/wp\/v2\/product_tag?post=3020"}],"curies":[{"name":"wp","href":"https:\/\/api.w.org\/{rel}","templated":true}]}}