{"id":3266,"date":"2025-12-03T21:38:05","date_gmt":"2025-12-03T18:38:05","guid":{"rendered":"https:\/\/markapool.splusweb.com\/frame-dis-mekan-jakuzi\/"},"modified":"2025-12-22T00:15:32","modified_gmt":"2025-12-21T21:15:32","slug":"frame-aussenwhirlpool","status":"publish","type":"product","link":"https:\/\/markapool.com\/de\/frame-aussenwhirlpool\/","title":{"rendered":"Frame Au\u00dfenwhirlpool"},"content":{"rendered":"<h2>Frame Au\u00dfenwhirlpool \u2013 Ultra-Premium-Spa-Erlebnis f\u00fcr 5 Personen<\/h2>\n<p>Der Frame Au\u00dfenwhirlpool bietet ein erstklassiges Spa-Erlebnis mit zwei vollwertigen Liegefl\u00e4chen, insgesamt 78 leistungsstarken D\u00fcsen, dem Self Cleaning\u2122 automatischen Reinigungssystem, der Ultra PureWater\u2122 Ozon-Technologie, einem Balboa\u00ae Steuersystem, der 360\u00b0 Maxi Ambiance\u2122 Au\u00dfen-LED-Beleuchtung sowie 25 faseroptischen Innen-LEDs. Die hochwertige American Aristech\u00ae Acryloberfl\u00e4che und der Rahmen aus Edelstahl 304 sorgen f\u00fcr eine luxuri\u00f6se Optik, professionelle Leistung und eine lange Lebensdauer.<\/p>\n<h3>Hervorgehobene Eigenschaften<\/h3>\n<ul>\n<li>Gro\u00dfz\u00fcgiger Innenraum f\u00fcr 5 Personen: 3 Sitzpl\u00e4tze + 2 Liegefl\u00e4chen<\/li>\n<li>78 leistungsstarke D\u00fcsen \u2013 64 Hydrotherapie-, 12 Blower- und 2 Umw\u00e4lzd\u00fcsen<\/li>\n<li>LED-beleuchteter Wasserfall<\/li>\n<li>25 faseroptische Innen-LED-Leuchten<\/li>\n<li>360\u00b0 Maxi Ambiance\u2122 Au\u00dfen-LED-Beleuchtungssystem<\/li>\n<li>Self Cleaning\u2122 intelligentes Filtersystem<\/li>\n<li>Ultra PureWater\u2122 Ozon-Technologie f\u00fcr nat\u00fcrliche Hygiene<\/li>\n<li>EcoPower\u2122 Wasserstr\u00f6mungssystem (45 % weniger Energie, 75 % h\u00f6herer Druck)<\/li>\n<li>Balboa\u00ae SpaTouch3\u2122 Touchscreen-Bedienfeld mit Bluetooth &amp; Wi-Fi<\/li>\n<li>Surround-Soundsystem + 2 Pop-up-Lautsprecher<\/li>\n<\/ul>\n<h3>Massage- und Hydrotherapie-System<\/h3>\n<ul>\n<li>Gesamtanzahl der D\u00fcsen: 78 St\u00fcck<\/li>\n<li>Hydrotherapie-D\u00fcsen: 64 St\u00fcck<\/li>\n<li>Blower-D\u00fcsen: 12 St\u00fcck<\/li>\n<li>Umw\u00e4lzd\u00fcsen: 2 St\u00fcck<\/li>\n<li>Nackenmassaged\u00fcsen: 3 St\u00fcck<\/li>\n<li>Schultermassaged\u00fcsen: 2 St\u00fcck<\/li>\n<li>R\u00fcckend\u00fcsen: 27 St\u00fcck<\/li>\n<li>Taillen- &amp; H\u00fcftd\u00fcsen: 11 St\u00fcck<\/li>\n<li>Beind\u00fcsen: 28 St\u00fcck<\/li>\n<li>Fu\u00dfd\u00fcsen: 3 St\u00fcck<\/li>\n<li>MaxiJet\u2122: 2 St\u00fcck<\/li>\n<\/ul>\n<h3>Technologie- und Kontrollsysteme<\/h3>\n<ul>\n<li>Self Cleaning\u2122 \u2013 vollautomatische Reinigung des gesamten Wassers<\/li>\n<li>Ultra PureWater\u2122 \u2013 99,9 % sterile Ozonreinigung<\/li>\n<li>EcoPower\u2122 \u2013 maximale Druckleistung bei hoher Energieeffizienz<\/li>\n<li>Balboa\u00ae BP6013 G3 Steuersystem<\/li>\n<li>Balboa\u00ae SpaTouch3\u2122 Touchscreen-Bedienfeld<\/li>\n<li>Bluetooth- &amp; Wi-Fi-Konnektivit\u00e4t<\/li>\n<li>Surround-Soundsystem + 2 Pop-up-Lautsprecher<\/li>\n<li>TrueSilent 7\u2122 ultra leiser Umw\u00e4lzmotor<\/li>\n<\/ul>\n<h3>Heizmodi<\/h3>\n<ul>\n<li>Leistungsmodus: H\u00e4lt die Wassertemperatur konstant.<\/li>\n<li>Ausgleichsmodus: Optimierter Betrieb entsprechend der Nutzungszeiten.<\/li>\n<li>Eco-Modus: Zeitgesteuerte, energiesparende Beheizung.<\/li>\n<\/ul>\n<h3>Technische Spezifikationen<\/h3>\n<ul>\n<li>Heizsystem: 3 kW Balboa\u00ae<\/li>\n<li>Hydromassage-Motoren: 2 \u00d7 3,0 HP<\/li>\n<li>Umw\u00e4lzmotor: 0,35 HP TrueSilent 7\u2122<\/li>\n<li>Blower-Motor: 1,0 HP<\/li>\n<li>Druckventile: 6 St\u00fcck<\/li>\n<li>Wasserkapazit\u00e4t: 1590 Liter<\/li>\n<\/ul>\n<h3>Abmessungen und Kapazit\u00e4t<\/h3>\n<ul>\n<li>Kapazit\u00e4t: 5 Erwachsene<\/li>\n<li>Sitzpl\u00e4tze: 3 St\u00fcck<\/li>\n<li>Liegefl\u00e4chen: 2 St\u00fcck<\/li>\n<li>Kopfkissen: 3 St\u00fcck<\/li>\n<li>Ma\u00dfe: 220 \u00d7 220 \u00d7 93 cm<\/li>\n<li>Leergewicht: 365 kg<\/li>\n<\/ul>\n<h3>Ambiente und Beleuchtung<\/h3>\n<ul>\n<li>LED-beleuchteter Wasserfall<\/li>\n<li>360\u00b0 Maxi Ambiance\u2122 Au\u00dfen-LED-System<\/li>\n<li>25 faseroptische Innen-LEDs<\/li>\n<li>Getr\u00e4nkehalter: 4 St\u00fcck<\/li>\n<\/ul>\n<h3>Material &amp; Isolierung<\/h3>\n<ul>\n<li>American Aristech\u00ae Acryloberfl\u00e4che<\/li>\n<li>Ultra ThermoWall\u2122 thermische Au\u00dfenverkleidung<\/li>\n<li>Polymer-isolierte Bodenplatte<\/li>\n<li>Edelstahlrahmen aus 304er Stahl<\/li>\n<\/ul>\n<h3>Elektrische Anforderungen<\/h3>\n<ul>\n<li>Spannung: 220\u2013240 V \/ 50 Hz<\/li>\n<li>Sicherung: 32 A<\/li>\n<li>Kabel: 3 \u00d7 6 mm<\/li>\n<\/ul>\n<h3>Garantie<\/h3>\n<ul>\n<li>Rahmen: Lebenslang<\/li>\n<li>Acryloberfl\u00e4che: 5 Jahre<\/li>\n<li>Bedienfeld: 2 Jahre<\/li>\n<li>Hydromassagesysteme: 2 Jahre<\/li>\n<\/ul>\n<h3>Kostenlos enthaltenes Zubeh\u00f6r<\/h3>\n<ul>\n<li>X Thermo\u2122 thermische Schutzabdeckung<\/li>\n<li>Maxi Steps\u2122 Whirlpool-Treppe<\/li>\n<\/ul>\n<p>Der Frame Au\u00dfenwhirlpool ist mit seinen zwei vollwertigen Liegefl\u00e4chen, 78 leistungsstarken D\u00fcsen, modernster Steuerungstechnologie und Premium-Materialqualit\u00e4t eine der idealen L\u00f6sungen f\u00fcr alle, die ein professionelles Spa-Erlebnis auf h\u00f6chstem Niveau suchen. Entwickelt f\u00fcr ganzj\u00e4hrigen Komfort, vereint dieses Modell Luxus und Leistung in perfekter Balance.<\/p>\n","protected":false},"excerpt":{"rendered":"<p>Der Frame Au\u00dfenwhirlpool f\u00fcr 5 Personen bietet mit zwei Liegefl\u00e4chen, insgesamt 78 leistungsstarken D\u00fcsen, dem Self Cleaning\u2122 Reinigungssystem, der Ultra PureWater\u2122 Ozon-Hygiene, der 360\u00b0 Maxi Ambiance\u2122 LED-Beleuchtung und der intelligenten Balboa\u00ae Steuerung ein ultra-premium Outdoor-Spa-Erlebnis f\u00fcr den ganzj\u00e4hrigen Einsatz.<\/p>\n","protected":false},"featured_media":3268,"comment_status":"open","ping_status":"closed","template":"","meta":{"_joinchat":[]},"product_brand":[],"product_cat":[88],"product_tag":[],"class_list":{"0":"post-3266","1":"product","2":"type-product","3":"status-publish","4":"has-post-thumbnail","6":"product_cat-whirlpool","8":"first","9":"instock","10":"shipping-taxable","11":"product-type-simple"},"_links":{"self":[{"href":"https:\/\/markapool.com\/de\/wp-json\/wp\/v2\/product\/3266","targetHints":{"allow":["GET"]}}],"collection":[{"href":"https:\/\/markapool.com\/de\/wp-json\/wp\/v2\/product"}],"about":[{"href":"https:\/\/markapool.com\/de\/wp-json\/wp\/v2\/types\/product"}],"replies":[{"embeddable":true,"href":"https:\/\/markapool.com\/de\/wp-json\/wp\/v2\/comments?post=3266"}],"wp:featuredmedia":[{"embeddable":true,"href":"https:\/\/markapool.com\/de\/wp-json\/wp\/v2\/media\/3268"}],"wp:attachment":[{"href":"https:\/\/markapool.com\/de\/wp-json\/wp\/v2\/media?parent=3266"}],"wp:term":[{"taxonomy":"product_brand","embeddable":true,"href":"https:\/\/markapool.com\/de\/wp-json\/wp\/v2\/product_brand?post=3266"},{"taxonomy":"product_cat","embeddable":true,"href":"https:\/\/markapool.com\/de\/wp-json\/wp\/v2\/product_cat?post=3266"},{"taxonomy":"product_tag","embeddable":true,"href":"https:\/\/markapool.com\/de\/wp-json\/wp\/v2\/product_tag?post=3266"}],"curies":[{"name":"wp","href":"https:\/\/api.w.org\/{rel}","templated":true}]}}