{"id":3280,"date":"2025-12-03T21:30:06","date_gmt":"2025-12-03T18:30:06","guid":{"rendered":"https:\/\/markapool.splusweb.com\/electra-dis-mekan-jakuzi\/"},"modified":"2025-12-22T00:47:58","modified_gmt":"2025-12-21T21:47:58","slug":"electra-aussenwhirlpool","status":"publish","type":"product","link":"https:\/\/markapool.com\/de\/electra-aussenwhirlpool\/","title":{"rendered":"Electra Au\u00dfenwhirlpool"},"content":{"rendered":"<h2>Electra Au\u00dfenwhirlpool \u2013 Premium-Spa-Erlebnis f\u00fcr 5 Personen<\/h2>\n<p>Der Electra Au\u00dfenwhirlpool vereint Luxus und Komfort mit einer gro\u00dfz\u00fcgigen Kapazit\u00e4t f\u00fcr bis zu 5 Personen, insgesamt 59 leistungsstarken Hydromassage-D\u00fcsen, einem XL-LED-Wasserfall, dem Self Cleaning\u2122 automatischen Filtersystem, der Ultra PureWater\u2122 Ozon-Technologie sowie der 360\u00b0 Maxi Ambiance\u2122 Au\u00dfenbeleuchtung. Die hochwertige American Aristech\u00ae Acryloberfl\u00e4che, die Balboa\u00ae Steuerungstechnologie und das EcoPower\u2122 Wasserstr\u00f6mungssystem sorgen f\u00fcr ein perfektes Spa-Erlebnis zu jeder Jahreszeit.<\/p>\n<h3>Hervorgehobene Eigenschaften<\/h3>\n<ul>\n<li>Gro\u00dfz\u00fcgiger Innenraum f\u00fcr 5 Personen: 4 Sitzpl\u00e4tze + 1 Liegefl\u00e4che<\/li>\n<li>Insgesamt 59 leistungsstarke D\u00fcsen (58 Hydrotherapie- + 1 Umw\u00e4lzd\u00fcse)<\/li>\n<li>XL LED-beleuchteter Wasserfall<\/li>\n<li>360\u00b0 Maxi Ambiance\u2122 Au\u00dfen-LED-Beleuchtung<\/li>\n<li>16 faseroptische Innen-LED-Leuchten<\/li>\n<li>Self Cleaning\u2122 automatische Reinigungstechnologie<\/li>\n<li>Ultra PureWater\u2122 Hochleistungs-Ozonsystem<\/li>\n<li>Surround-Soundsystem + LED-Lautsprecher<\/li>\n<li>Intelligentes Heizsystem bis 40 \u00b0C<\/li>\n<li>Bluetooth- und Wi-Fi-Konnektivit\u00e4t<\/li>\n<\/ul>\n<h3>Massage- und Hydrotherapie-System<\/h3>\n<ul>\n<li>Gesamtanzahl der D\u00fcsen: 59 St\u00fcck<\/li>\n<li>Hydrotherapie-D\u00fcsen: 58 St\u00fcck<\/li>\n<li>Umw\u00e4lzd\u00fcse: 1 St\u00fcck<\/li>\n<li>Nackenmassaged\u00fcsen: 3 St\u00fcck<\/li>\n<li>Schulterd\u00fcsen: 4 St\u00fcck<\/li>\n<li>R\u00fcckenmassaged\u00fcsen: 18 St\u00fcck<\/li>\n<li>Taillen- &amp; H\u00fcftd\u00fcsen: 12 St\u00fcck<\/li>\n<li>Beinmassaged\u00fcsen: 16 St\u00fcck<\/li>\n<li>Fu\u00dfd\u00fcsen: 4 St\u00fcck<\/li>\n<li>MaxiJet\u2122: 1 St\u00fcck<\/li>\n<\/ul>\n<h3>Technologie- und Kontrollsysteme<\/h3>\n<ul>\n<li>Self Cleaning\u2122 \u2013 vollautomatische Filterung des gesamten Wassers<\/li>\n<li>Ultra PureWater\u2122 \u2013 hocheffizientes Ozon-Hygienesystem<\/li>\n<li>EcoPower\u2122 \u2013 45 % weniger Energieverbrauch, 75 % h\u00f6herer Wasserdruck<\/li>\n<li>Balboa\u00ae BP6013 G3 fortschrittliches Betriebssystem<\/li>\n<li>Balboa\u00ae SpaTouch3\u2122 vollfl\u00e4chiges Touchscreen-Bedienfeld<\/li>\n<li>Fernsteuerung \u00fcber Bluetooth und Wi-Fi<\/li>\n<li>Surround-Soundsystem + 2 LED-Lautsprecher<\/li>\n<li>TrueSilent 7\u2122 ultra leiser Umw\u00e4lzmotor<\/li>\n<\/ul>\n<h3>Heizmodi<\/h3>\n<ul>\n<li>Leistungsmodus: H\u00e4lt das Wasser auf konstanter Temperatur.<\/li>\n<li>Ausgleichsmodus: Optimierte Beheizung je nach Nutzungszeiten.<\/li>\n<li>Eco-Modus: Automatische Beheizung nur zu festgelegten Zeiten.<\/li>\n<\/ul>\n<h3>Technische Spezifikationen<\/h3>\n<ul>\n<li>Heizsystem: 3 kW Balboa\u00ae<\/li>\n<li>Hydromassage-Motoren: 2 \u00d7 3,0 HP<\/li>\n<li>Umw\u00e4lzmotor: 0,35 HP TrueSilent 7\u2122<\/li>\n<li>Druckventile: 6 St\u00fcck<\/li>\n<li>Wasserkapazit\u00e4t: 1500 Liter<\/li>\n<\/ul>\n<h3>Abmessungen und Kapazit\u00e4t<\/h3>\n<ul>\n<li>Kapazit\u00e4t: 5 Erwachsene<\/li>\n<li>Liegefl\u00e4che: 1 St\u00fcck<\/li>\n<li>Sitzpl\u00e4tze: 4 St\u00fcck<\/li>\n<li>Kopfkissen: 3 St\u00fcck<\/li>\n<li>Ma\u00dfe: 220 \u00d7 220 \u00d7 93 cm<\/li>\n<li>Leergewicht: 375 kg<\/li>\n<\/ul>\n<h3>Ambiente und Beleuchtung<\/h3>\n<ul>\n<li>XL LED-beleuchteter Wasserfall<\/li>\n<li>360\u00b0 Maxi Ambiance\u2122 Au\u00dfen-LED-System<\/li>\n<li>16 faseroptische Innen-LEDs<\/li>\n<li>Getr\u00e4nkehalter: \u2014<\/li>\n<\/ul>\n<h3>Material &amp; Isolierung<\/h3>\n<ul>\n<li>American Aristech\u00ae Acryloberfl\u00e4che \u2013 UV-, chemikalien- und kratzfest<\/li>\n<li>Ultra ThermoWall\u2122 thermische Au\u00dfenverkleidung<\/li>\n<li>Polymer-isolierte Bodenplatte<\/li>\n<li>Edelstahlrahmen aus 304er Stahl<\/li>\n<\/ul>\n<h3>Elektrische Anforderungen<\/h3>\n<ul>\n<li>Spannung: 220\u2013240 V \/ 50 Hz<\/li>\n<li>Sicherung: 32 A<\/li>\n<li>Kabel: 3 \u00d7 6 mm<\/li>\n<\/ul>\n<h3>Garantie<\/h3>\n<ul>\n<li>Rahmen: Lebenslang<\/li>\n<li>Acryloberfl\u00e4che: 5 Jahre (60 Monate)<\/li>\n<li>Bedienfeld: 2 Jahre (24 Monate)<\/li>\n<li>Hydromassagesysteme: 2 Jahre (24 Monate)<\/li>\n<\/ul>\n<h3>Kostenlos enthaltenes Zubeh\u00f6r<\/h3>\n<ul>\n<li>X Thermo\u2122 thermische Schutzabdeckung<\/li>\n<li>Maxi Steps\u2122 Treppe<\/li>\n<\/ul>\n<p>Der Electra Au\u00dfenwhirlpool ist mit seiner starken Massageleistung, dem XL-Wasserfall, der hohen Hydrotherapie-Kapazit\u00e4t und den vollautomatischen Reinigungsfunktionen die ideale Wahl f\u00fcr Nutzer, die ein Spa-Erlebnis auf professionellem Niveau suchen. Hochwertige Materialien und fortschrittliche Technologie gew\u00e4hrleisten eine langlebige, luxuri\u00f6se Nutzung im Au\u00dfenbereich.<\/p>\n","protected":false},"excerpt":{"rendered":"<p>Der Electra Au\u00dfenwhirlpool f\u00fcr 5 Personen bietet mit 59 leistungsstarken Hydromassaged\u00fcsen, einem XL LED-Wasserfall, dem Self Cleaning\u2122 Reinigungssystem, der Ultra PureWater\u2122 Ozon-Hygiene und der 360\u00b0 Maxi Ambiance\u2122 LED-Beleuchtung ein luxuri\u00f6ses, leistungsstarkes Spa-Erlebnis f\u00fcr jede Jahreszeit.<\/p>\n","protected":false},"featured_media":3281,"comment_status":"open","ping_status":"closed","template":"","meta":{"_joinchat":[]},"product_brand":[],"product_cat":[88],"product_tag":[],"class_list":{"0":"post-3280","1":"product","2":"type-product","3":"status-publish","4":"has-post-thumbnail","6":"product_cat-whirlpool","8":"first","9":"instock","10":"shipping-taxable","11":"product-type-simple"},"_links":{"self":[{"href":"https:\/\/markapool.com\/de\/wp-json\/wp\/v2\/product\/3280","targetHints":{"allow":["GET"]}}],"collection":[{"href":"https:\/\/markapool.com\/de\/wp-json\/wp\/v2\/product"}],"about":[{"href":"https:\/\/markapool.com\/de\/wp-json\/wp\/v2\/types\/product"}],"replies":[{"embeddable":true,"href":"https:\/\/markapool.com\/de\/wp-json\/wp\/v2\/comments?post=3280"}],"wp:featuredmedia":[{"embeddable":true,"href":"https:\/\/markapool.com\/de\/wp-json\/wp\/v2\/media\/3281"}],"wp:attachment":[{"href":"https:\/\/markapool.com\/de\/wp-json\/wp\/v2\/media?parent=3280"}],"wp:term":[{"taxonomy":"product_brand","embeddable":true,"href":"https:\/\/markapool.com\/de\/wp-json\/wp\/v2\/product_brand?post=3280"},{"taxonomy":"product_cat","embeddable":true,"href":"https:\/\/markapool.com\/de\/wp-json\/wp\/v2\/product_cat?post=3280"},{"taxonomy":"product_tag","embeddable":true,"href":"https:\/\/markapool.com\/de\/wp-json\/wp\/v2\/product_tag?post=3280"}],"curies":[{"name":"wp","href":"https:\/\/api.w.org\/{rel}","templated":true}]}}