{"id":4061,"date":"2025-12-02T12:41:30","date_gmt":"2025-12-02T09:41:30","guid":{"rendered":"https:\/\/markapool.splusweb.com\/4-basamakli-havuz-merdiveni-muro-serisi\/"},"modified":"2025-12-24T01:41:01","modified_gmt":"2025-12-23T22:41:01","slug":"4-stufige-poolleiter-muro-serie","status":"publish","type":"product","link":"https:\/\/markapool.com\/de\/4-stufige-poolleiter-muro-serie\/","title":{"rendered":"4-stufige Poolleiter Muro-Serie"},"content":{"rendered":"<h2>4-stufige Poolleiter \u2013 Muro-Serie<\/h2>\n<p>Die 4-stufige Poolleiter der Muro-Serie erm\u00f6glicht dank ihres robusten Edelstahlk\u00f6rpers, der Stufen mit rutschfester Oberfl\u00e4che und des ergonomischen Designs einen sicheren Ein- und Ausstieg in Schwimmbecken. Die aus Edelstahl der Qualit\u00e4t AISI 304 gefertigten Holme und die Edelstahlstufen gew\u00e4hrleisten eine langlebige Nutzung.<\/p>\n<h3>Allgemeine Eigenschaften<\/h3>\n<ul>\n<li>Modell: Mit Edelstahlstufen \u201eU 304\u201c<\/li>\n<li>Breite: 500 mm<\/li>\n<li>Holme: \u00d8 42 mm Rohr aus Edelstahl AISI 304<\/li>\n<li>Stufen: 4 St\u00fcck Edelstahlstufen<\/li>\n<li>Anker &amp; Zubeh\u00f6r: Kunststoffanker und Abdeckrosetten inklusive<\/li>\n<li>Erdung: Die Leiter wird mit einem erdungsgeeigneten Anker verwendet<\/li>\n<\/ul>\n","protected":false},"excerpt":{"rendered":"<p>Die 4-stufige Poolleiter der Muro-Serie bietet dank ihres Korpus aus Edelstahl AISI 304 und der rutschfesten Stufenkonstruktion einen sicheren, langlebigen und komfortablen Ein- und Ausstieg in gro\u00dfen und tiefen Pools; mit ihrer Breite von 500 mm sorgt sie f\u00fcr eine ergonomische Nutzung.<\/p>\n","protected":false},"featured_media":4062,"comment_status":"open","ping_status":"closed","template":"","meta":{"_joinchat":[]},"product_brand":[],"product_cat":[77],"product_tag":[],"class_list":{"0":"post-4061","1":"product","2":"type-product","3":"status-publish","4":"has-post-thumbnail","6":"product_cat-poolleitern","8":"first","9":"instock","10":"shipping-taxable","11":"product-type-simple"},"_links":{"self":[{"href":"https:\/\/markapool.com\/de\/wp-json\/wp\/v2\/product\/4061","targetHints":{"allow":["GET"]}}],"collection":[{"href":"https:\/\/markapool.com\/de\/wp-json\/wp\/v2\/product"}],"about":[{"href":"https:\/\/markapool.com\/de\/wp-json\/wp\/v2\/types\/product"}],"replies":[{"embeddable":true,"href":"https:\/\/markapool.com\/de\/wp-json\/wp\/v2\/comments?post=4061"}],"wp:featuredmedia":[{"embeddable":true,"href":"https:\/\/markapool.com\/de\/wp-json\/wp\/v2\/media\/4062"}],"wp:attachment":[{"href":"https:\/\/markapool.com\/de\/wp-json\/wp\/v2\/media?parent=4061"}],"wp:term":[{"taxonomy":"product_brand","embeddable":true,"href":"https:\/\/markapool.com\/de\/wp-json\/wp\/v2\/product_brand?post=4061"},{"taxonomy":"product_cat","embeddable":true,"href":"https:\/\/markapool.com\/de\/wp-json\/wp\/v2\/product_cat?post=4061"},{"taxonomy":"product_tag","embeddable":true,"href":"https:\/\/markapool.com\/de\/wp-json\/wp\/v2\/product_tag?post=4061"}],"curies":[{"name":"wp","href":"https:\/\/api.w.org\/{rel}","templated":true}]}}