{"id":4067,"date":"2025-12-02T12:35:37","date_gmt":"2025-12-02T09:35:37","guid":{"rendered":"https:\/\/markapool.splusweb.com\/3-basamakli-havuz-merdiveni-muro-serisi\/"},"modified":"2025-12-24T01:43:39","modified_gmt":"2025-12-23T22:43:39","slug":"3-stufige-poolleiter-muro-serie","status":"publish","type":"product","link":"https:\/\/markapool.com\/de\/3-stufige-poolleiter-muro-serie\/","title":{"rendered":"3-stufige Poolleiter Muro-Serie"},"content":{"rendered":"<h2>3-stufige Poolleiter \u2013 Muro-Serie<\/h2>\n<p>Die 3-stufige Poolleiter der Muro-Serie gew\u00e4hrleistet mit ihrem robusten Edelstahlkorpus und den rutschfesten Stufen eine sichere Nutzung in Schwimmbecken. Die aus Edelstahl der Qualit\u00e4t AISI 304 gefertigten Holme, die Edelstahlstufen sowie s\u00e4mtliches f\u00fcr die Montage erforderliche Zubeh\u00f6r bieten eine langlebige und stabile L\u00f6sung.<\/p>\n<h3>Allgemeine Eigenschaften<\/h3>\n<ul>\n<li>Modell: Mit Edelstahlstufen \u201eU 304\u201c<\/li>\n<li>Breite: 500 mm<\/li>\n<li>Holme: \u00d8 42 mm Rohr aus Edelstahl AISI 304<\/li>\n<li>Stufen: 3 St\u00fcck Edelstahlstufen<\/li>\n<li>Anker &amp; Zubeh\u00f6r: Kunststoffanker und Abdeckrosetten inklusive<\/li>\n<li>Erdung: Die Leiter wird mit einem erdungsgeeigneten Anker verwendet<\/li>\n<\/ul>\n","protected":false},"excerpt":{"rendered":"<p>Die 3-stufige Poolleiter der Muro-Serie bietet dank ihres Korpus aus Edelstahl AISI 304 und der stabilen Stufenkonstruktion eine langlebige, sichere und komfortable Nutzung; die 500 mm breite Ausf\u00fchrung erm\u00f6glicht einen bequemen und ergonomischen Einstieg in den Pool.<\/p>\n","protected":false},"featured_media":4068,"comment_status":"open","ping_status":"closed","template":"","meta":{"_joinchat":[]},"product_brand":[],"product_cat":[77],"product_tag":[],"class_list":{"0":"post-4067","1":"product","2":"type-product","3":"status-publish","4":"has-post-thumbnail","6":"product_cat-poolleitern","8":"first","9":"instock","10":"shipping-taxable","11":"product-type-simple"},"_links":{"self":[{"href":"https:\/\/markapool.com\/de\/wp-json\/wp\/v2\/product\/4067","targetHints":{"allow":["GET"]}}],"collection":[{"href":"https:\/\/markapool.com\/de\/wp-json\/wp\/v2\/product"}],"about":[{"href":"https:\/\/markapool.com\/de\/wp-json\/wp\/v2\/types\/product"}],"replies":[{"embeddable":true,"href":"https:\/\/markapool.com\/de\/wp-json\/wp\/v2\/comments?post=4067"}],"wp:featuredmedia":[{"embeddable":true,"href":"https:\/\/markapool.com\/de\/wp-json\/wp\/v2\/media\/4068"}],"wp:attachment":[{"href":"https:\/\/markapool.com\/de\/wp-json\/wp\/v2\/media?parent=4067"}],"wp:term":[{"taxonomy":"product_brand","embeddable":true,"href":"https:\/\/markapool.com\/de\/wp-json\/wp\/v2\/product_brand?post=4067"},{"taxonomy":"product_cat","embeddable":true,"href":"https:\/\/markapool.com\/de\/wp-json\/wp\/v2\/product_cat?post=4067"},{"taxonomy":"product_tag","embeddable":true,"href":"https:\/\/markapool.com\/de\/wp-json\/wp\/v2\/product_tag?post=4067"}],"curies":[{"name":"wp","href":"https:\/\/api.w.org\/{rel}","templated":true}]}}