{"id":4137,"date":"2025-12-02T10:43:19","date_gmt":"2025-12-02T07:43:19","guid":{"rendered":"https:\/\/markapool.splusweb.com\/superpool-superfloc-cokturucu\/"},"modified":"2025-12-24T02:24:35","modified_gmt":"2025-12-23T23:24:35","slug":"superpool-superfloc-flockungsmittel","status":"publish","type":"product","link":"https:\/\/markapool.com\/de\/superpool-superfloc-flockungsmittel\/","title":{"rendered":"Superpool SuperFloc Flockungsmittel"},"content":{"rendered":"<h2>Superpool SuperFloc Flockungsmittel<\/h2>\n<p>Superpool SuperFloc Flockungsmittel ist ein leistungsstarker polymerer Koagulant, der daf\u00fcr sorgt, dass im Poolwasser schwebende und Tr\u00fcbungen verursachende Partikel schnell zusammenflocken und zu Boden sinken. Besonders bei tr\u00fcbem Wasser bietet es eine schnelle und effektive L\u00f6sung und unterst\u00fctzt die rasche Kl\u00e4rung des Poolwassers.<\/p>\n<h3>Allgemeine Eigenschaften<\/h3>\n<ul>\n<li>Polymerstruktur \u2013 hocheffiziente Flockungswirkung<\/li>\n<li>Bindet suspendierte Feststoffe und l\u00e4sst sie zu Boden sinken<\/li>\n<li>Erm\u00f6glicht eine einfache Reinigung mit dem Bodensauger<\/li>\n<li>Erh\u00f6ht die Wassertransparenz in kurzer Zeit<\/li>\n<\/ul>\n<h3>Anwendungszweck<\/h3>\n<p>Bindet nicht absinkenden Staub, Schmutz und Mikropartikel im Poolwasser und l\u00e4sst sie zu Boden sinken. Dadurch k\u00f6nnen die abgesetzten R\u00fcckst\u00e4nde anschlie\u00dfend leicht mit dem Bodensauger entfernt werden, sodass das Poolwasser deutlich sauberer und klarer wird.<\/p>\n<h3>Anwendung<\/h3>\n<ul>\n<li>F\u00fcr 100 m\u00b3 Poolwasser werden 200 g Produkt verwendet.<\/li>\n<li>Die Anwendung sollte \u00fcber den Ausgleichsbeh\u00e4lter erfolgen.<\/li>\n<li>Nach der Anwendung sollte der Pool eine Zeit lang ruhen, damit sich die Partikel vollst\u00e4ndig absetzen k\u00f6nnen.<\/li>\n<li>Die Ablagerungen m\u00fcssen anschlie\u00dfend mit dem Bodensauger entfernt werden.<\/li>\n<\/ul>\n<h3>Verpackungsoptionen<\/h3>\n<ul>\n<li>10 KG<\/li>\n<li>20 KG<\/li>\n<\/ul>\n","protected":false},"excerpt":{"rendered":"<p>Superpool SuperFloc Flockungsmittel l\u00e4sst dank seiner polymeren Koagulantstruktur schwebende Partikel im Poolwasser schnell ausflocken und zu Boden sinken; sie k\u00f6nnen anschlie\u00dfend leicht mit dem Bodensauger entfernt werden, wodurch das Wasser in kurzer Zeit ein klares und sauberes Erscheinungsbild erh\u00e4lt.<\/p>\n","protected":false},"featured_media":4138,"comment_status":"open","ping_status":"closed","template":"","meta":{"_joinchat":[]},"product_brand":[],"product_cat":[84],"product_tag":[],"class_list":{"0":"post-4137","1":"product","2":"type-product","3":"status-publish","4":"has-post-thumbnail","6":"product_cat-poolchemikalien","8":"first","9":"instock","10":"shipping-taxable","11":"product-type-simple"},"_links":{"self":[{"href":"https:\/\/markapool.com\/de\/wp-json\/wp\/v2\/product\/4137","targetHints":{"allow":["GET"]}}],"collection":[{"href":"https:\/\/markapool.com\/de\/wp-json\/wp\/v2\/product"}],"about":[{"href":"https:\/\/markapool.com\/de\/wp-json\/wp\/v2\/types\/product"}],"replies":[{"embeddable":true,"href":"https:\/\/markapool.com\/de\/wp-json\/wp\/v2\/comments?post=4137"}],"wp:featuredmedia":[{"embeddable":true,"href":"https:\/\/markapool.com\/de\/wp-json\/wp\/v2\/media\/4138"}],"wp:attachment":[{"href":"https:\/\/markapool.com\/de\/wp-json\/wp\/v2\/media?parent=4137"}],"wp:term":[{"taxonomy":"product_brand","embeddable":true,"href":"https:\/\/markapool.com\/de\/wp-json\/wp\/v2\/product_brand?post=4137"},{"taxonomy":"product_cat","embeddable":true,"href":"https:\/\/markapool.com\/de\/wp-json\/wp\/v2\/product_cat?post=4137"},{"taxonomy":"product_tag","embeddable":true,"href":"https:\/\/markapool.com\/de\/wp-json\/wp\/v2\/product_tag?post=4137"}],"curies":[{"name":"wp","href":"https:\/\/api.w.org\/{rel}","templated":true}]}}