{"id":4143,"date":"2025-12-02T10:38:49","date_gmt":"2025-12-02T07:38:49","guid":{"rendered":"https:\/\/markapool.splusweb.com\/superpool-havuz-suyu-berraklastirici-parlatici\/"},"modified":"2025-12-24T02:27:14","modified_gmt":"2025-12-23T23:27:14","slug":"superpool-poolwasser-klaerer-glanzmittel","status":"publish","type":"product","link":"https:\/\/markapool.com\/de\/superpool-poolwasser-klaerer-glanzmittel\/","title":{"rendered":"Superpool Poolwasser-Kl\u00e4rer &#038; Glanzmittel"},"content":{"rendered":"<h2>Superpool Poolwasser-Kl\u00e4rer &amp; Glanzmittel<\/h2>\n<p>Superpool Poolwasser-Kl\u00e4rer &amp; Glanzmittel ist ein leistungsstarker polymerer Koagulant, der im Poolwasser gel\u00f6ste und f\u00fcr den Filter zu kleine Partikel b\u00fcndelt und so f\u00fcr klares Wasser sorgt. Bei regelm\u00e4\u00dfiger Anwendung tr\u00e4gt er dazu bei, dass das Wasser sauberer, gl\u00e4nzender und kristallklar erscheint.<\/p>\n<h3>Allgemeine Eigenschaften<\/h3>\n<ul>\n<li>Polymerstruktur \u2013 hocheffiziente Koagulationswirkung<\/li>\n<li>Flockende Eigenschaft \u2013 b\u00fcndelt feine Partikel und erleichtert deren R\u00fcckhalt im Filter<\/li>\n<li>Beseitigt Tr\u00fcbungen im Poolwasser<\/li>\n<li>Sorgt f\u00fcr schnelle und effektive Klarheit<\/li>\n<\/ul>\n<h3>Anwendungszweck<\/h3>\n<p>Bindet im Poolwasser schwebende Staub-, Schmutz- und Mikropartikel zu gr\u00f6\u00dferen Flocken. Dadurch k\u00f6nnen die Filter diese Partikel deutlich leichter zur\u00fcckhalten, und das Poolwasser wird sichtbar sauberer.<\/p>\n<h3>Anwendung<\/h3>\n<ul>\n<li>F\u00fcr 100 m\u00b3 Poolwasser werden 500\u20132.000 g Produkt eingesetzt.<\/li>\n<li>Die Anwendung sollte \u00fcber den Ausgleichsbeh\u00e4lter erfolgen.<\/li>\n<li>Bei laufendem Filtersystem erzielt eine regelm\u00e4\u00dfige Anwendung die besten Ergebnisse.<\/li>\n<\/ul>\n<h3>Verpackungsoptionen<\/h3>\n<ul>\n<li>10 kg<\/li>\n<li>20 kg<\/li>\n<\/ul>\n","protected":false},"excerpt":{"rendered":"<p>Superpool Poolwasser-Kl\u00e4rer &amp; Glanzmittel sorgt dank seiner polymeren Koagulantstruktur daf\u00fcr, dass schwebende Partikel im Wasser ausgeflockt werden, die Filtration effizienter arbeitet und das Poolwasser in kurzer Zeit ein kristallklares Erscheinungsbild erh\u00e4lt.<\/p>\n","protected":false},"featured_media":4144,"comment_status":"open","ping_status":"closed","template":"","meta":{"_joinchat":[]},"product_brand":[],"product_cat":[84],"product_tag":[],"class_list":{"0":"post-4143","1":"product","2":"type-product","3":"status-publish","4":"has-post-thumbnail","6":"product_cat-poolchemikalien","8":"first","9":"instock","10":"shipping-taxable","11":"product-type-simple"},"_links":{"self":[{"href":"https:\/\/markapool.com\/de\/wp-json\/wp\/v2\/product\/4143","targetHints":{"allow":["GET"]}}],"collection":[{"href":"https:\/\/markapool.com\/de\/wp-json\/wp\/v2\/product"}],"about":[{"href":"https:\/\/markapool.com\/de\/wp-json\/wp\/v2\/types\/product"}],"replies":[{"embeddable":true,"href":"https:\/\/markapool.com\/de\/wp-json\/wp\/v2\/comments?post=4143"}],"wp:featuredmedia":[{"embeddable":true,"href":"https:\/\/markapool.com\/de\/wp-json\/wp\/v2\/media\/4144"}],"wp:attachment":[{"href":"https:\/\/markapool.com\/de\/wp-json\/wp\/v2\/media?parent=4143"}],"wp:term":[{"taxonomy":"product_brand","embeddable":true,"href":"https:\/\/markapool.com\/de\/wp-json\/wp\/v2\/product_brand?post=4143"},{"taxonomy":"product_cat","embeddable":true,"href":"https:\/\/markapool.com\/de\/wp-json\/wp\/v2\/product_cat?post=4143"},{"taxonomy":"product_tag","embeddable":true,"href":"https:\/\/markapool.com\/de\/wp-json\/wp\/v2\/product_tag?post=4143"}],"curies":[{"name":"wp","href":"https:\/\/api.w.org\/{rel}","templated":true}]}}