{"id":4167,"date":"2025-11-30T23:39:51","date_gmt":"2025-11-30T20:39:51","guid":{"rendered":"https:\/\/markapool.splusweb.com\/superpool-toz-ph-dusurucu\/"},"modified":"2025-12-24T02:37:39","modified_gmt":"2025-12-23T23:37:39","slug":"superpool-pulver-ph-senker","status":"publish","type":"product","link":"https:\/\/markapool.com\/de\/superpool-pulver-ph-senker\/","title":{"rendered":"Superpool Pulver-pH-Senker"},"content":{"rendered":"<h2>Superpool Pulver-pH-Senker<\/h2>\n<p>Superpool Pulver-pH-Senker ist ein Poolchemikalienprodukt in Granulatform, das eingesetzt wird, um erh\u00f6hte pH-Werte im Schwimmbadwasser effektiv und sicher zu senken. Ein ausgeglichenes Wasserchemie-Verh\u00e4ltnis ist sowohl f\u00fcr die Gesundheit der Badeg\u00e4ste als auch f\u00fcr den Schutz der Poolausr\u00fcstung von gro\u00dfer Bedeutung. Dieses Produkt unterst\u00fctzt dabei, den pH-Wert im idealen Bereich von 7,2 \u2013 7,8 zu halten.<\/p>\n<h3>Allgemeine Eigenschaften<\/h3>\n<ul>\n<li>pH-Senker in Granulatform<\/li>\n<li>Enth\u00e4lt anorganische S\u00e4uren<\/li>\n<li>Reguliert erh\u00f6hte pH-Werte im Poolwasser schnell und zuverl\u00e4ssig<\/li>\n<li>Sorgt f\u00fcr eine ges\u00fcndere und komfortablere Wassernutzung<\/li>\n<li>Unterst\u00fctzt die effiziente Wirkung von Desinfektionsmitteln<\/li>\n<\/ul>\n<h3>Anwendungszweck<\/h3>\n<p>Bei einem zu hohen pH-Wert im Schwimmbadwasser l\u00e4sst die Desinfektionswirkung nach, das Wasser kann tr\u00fcb werden und bei Schwimmern k\u00f6nnen Haut- und Augenreizungen auftreten. Superpool Pulver-pH-Senker stellt das pH-Gleichgewicht des Wassers wieder her und beugt diesen Problemen wirksam vor.<\/p>\n<h3>Anwendung<\/h3>\n<ul>\n<li>Zur Absenkung des pH-Wertes um 0,1:\n<ul>\n<li>Bei weichem Wasser: 500 g<\/li>\n<li>Bei hartem Wasser: 1.500 g<\/li>\n<\/ul>\n<\/li>\n<li>Ist der Pool f\u00fcr die Nutzung geschlossen, kann das Produkt direkt angewendet werden.<\/li>\n<li>Bei normalem Betrieb sollte das Produkt in einem Eimer mit Wasser aufgel\u00f6st und \u00fcber den Ausgleichsbeh\u00e4lter zugegeben werden.<\/li>\n<li>Nach der Anwendung muss das Umw\u00e4lzsystem des Pools in Betrieb sein.<\/li>\n<\/ul>\n<h3>Verpackungsoptionen<\/h3>\n<ul>\n<li>10 kg<\/li>\n<li>25 kg<\/li>\n<\/ul>\n","protected":false},"excerpt":{"rendered":"<p>Superpool Pulver-pH-Senker senkt erh\u00f6hte pH-Werte im Poolwasser schnell auf den Idealbereich, steigert die Effizienz von Desinfektionsmitteln und verbessert den Badekomfort nachhaltig.<\/p>\n","protected":false},"featured_media":4168,"comment_status":"open","ping_status":"closed","template":"","meta":{"_joinchat":[]},"product_brand":[],"product_cat":[84],"product_tag":[],"class_list":{"0":"post-4167","1":"product","2":"type-product","3":"status-publish","4":"has-post-thumbnail","6":"product_cat-poolchemikalien","8":"first","9":"instock","10":"shipping-taxable","11":"product-type-simple"},"_links":{"self":[{"href":"https:\/\/markapool.com\/de\/wp-json\/wp\/v2\/product\/4167","targetHints":{"allow":["GET"]}}],"collection":[{"href":"https:\/\/markapool.com\/de\/wp-json\/wp\/v2\/product"}],"about":[{"href":"https:\/\/markapool.com\/de\/wp-json\/wp\/v2\/types\/product"}],"replies":[{"embeddable":true,"href":"https:\/\/markapool.com\/de\/wp-json\/wp\/v2\/comments?post=4167"}],"wp:featuredmedia":[{"embeddable":true,"href":"https:\/\/markapool.com\/de\/wp-json\/wp\/v2\/media\/4168"}],"wp:attachment":[{"href":"https:\/\/markapool.com\/de\/wp-json\/wp\/v2\/media?parent=4167"}],"wp:term":[{"taxonomy":"product_brand","embeddable":true,"href":"https:\/\/markapool.com\/de\/wp-json\/wp\/v2\/product_brand?post=4167"},{"taxonomy":"product_cat","embeddable":true,"href":"https:\/\/markapool.com\/de\/wp-json\/wp\/v2\/product_cat?post=4167"},{"taxonomy":"product_tag","embeddable":true,"href":"https:\/\/markapool.com\/de\/wp-json\/wp\/v2\/product_tag?post=4167"}],"curies":[{"name":"wp","href":"https:\/\/api.w.org\/{rel}","templated":true}]}}