{"id":4219,"date":"2025-11-30T22:50:59","date_gmt":"2025-11-30T19:50:59","guid":{"rendered":"https:\/\/markapool.splusweb.com\/astralpool-aster-lamine-kum-filtresi\/"},"modified":"2025-12-25T11:10:50","modified_gmt":"2025-12-25T08:10:50","slug":"astralpool-aster-laminat-sandfilter","status":"publish","type":"product","link":"https:\/\/markapool.com\/de\/astralpool-aster-laminat-sandfilter\/","title":{"rendered":"Astralpool Aster Laminat-Sandfilter"},"content":{"rendered":"<h2>Astralpool Aster Laminat-Sandfilter<\/h2>\n<p>Der Astralpool Aster Laminat-Sandfilter ist eine leistungsstarke Filtrationsl\u00f6sung, die daf\u00fcr sorgt, dass das Poolwasser klar und hygienisch bleibt. Dank seines robusten Geh\u00e4uses aus einer Kombination aus isophthalischem Harz und Fiberglas auf einer Polypropylen-Basis bietet er eine lange Lebensdauer. Die seitliche Ausf\u00fchrung mit Mehrwegeventil, der verriegelbare Deckel und die hohe Filtrationseffizienz machen ihn zur sicheren Wahl f\u00fcr private und gewerbliche Pools.<\/p>\n<h3>Produkteigenschaften<\/h3>\n<ul>\n<li>Geh\u00e4useaufbau: Robustes Laminatgeh\u00e4use auf Polypropylen-Basis, Verbund aus isophthalischem Harz + Fiberglas.<\/li>\n<li>Farbe: Graues Design.<\/li>\n<li>Deckel: Verriegelbares Oberdeckelsystem.<\/li>\n<li>Ventil: Seitliches Mehrwegeventil inkl. Verschraubungen und Manometer (Lieferung ohne Filtermedium\/Sand).<\/li>\n<li>Maximaler Betriebsdruck: 2,5 kg\/cm\u00b2.<\/li>\n<li>Filtrationsgeschwindigkeit: 50 m\u00b3\/h\/m\u00b2.<\/li>\n<li>Konformit\u00e4t: Entspricht den Filtrationsanforderungen nach EN 16713-1.<\/li>\n<li>Medienarten: Kompatibel mit Quarzsand und Glasfiltermedium.<\/li>\n<li>Garantie: 2 Jahre.<\/li>\n<\/ul>\n<h3>Wof\u00fcr ist ein Sandfilter gut?<\/h3>\n<p>Sandfilter sind die grundlegenden Poolfilterger\u00e4te, die eingesetzt werden, um Tr\u00fcbungen zu entfernen und die gesamten Schwebstoffe (TSS) zur\u00fcckzuhalten. W\u00e4hrend das Wasser durch den Filter str\u00f6mt, bleiben Partikel zwischen den Sandk\u00f6rnern h\u00e4ngen und gelangen klar zur\u00fcck in den Pool. So wird eine hohe Wasserqualit\u00e4t in Bezug auf Hygiene und Optik erreicht.<\/p>\n<ul>\n<li>Reinigt das Wasser physikalisch und reduziert Tr\u00fcbungen.<\/li>\n<li>Reduziert die Algenbildung erheblich.<\/li>\n<li>Senkt den Chemikalienverbrauch und erm\u00f6glicht eine wirtschaftlichere Pflege.<\/li>\n<li>Unterst\u00fctzt einen stabilen Betrieb der Poolumw\u00e4lzung.<\/li>\n<\/ul>\n<h3>Wie wird der Sandbedarf eines Pool-Sandfilters bestimmt?<\/h3>\n<p>Der Sandbedarf wird anhand des Filterdurchmessers bestimmt. Mit zunehmendem Durchmesser erh\u00f6ht sich auch die Menge an Quarzsand, die in den Filter eingef\u00fcllt werden muss. Beispielsweise werden f\u00fcr einen Filter mit 900 mm Durchmesser im Durchschnitt 450 kg Quarzsand verwendet. Das Produkt wird ohne Filtermedium geliefert; Sand oder Glasfiltermedium muss separat beschafft werden.<\/p>\n<h3>Wie w\u00e4hlt man einen Pool-Sandfilter aus?<\/h3>\n<p>Die praktische Berechnung f\u00fcr die richtige Filterauswahl lautet:<\/p>\n<p>Poolvolumen (m\u00b3) \/ 4 = Erforderliche Filterf\u00f6rderleistung (m\u00b3\/h)<\/p>\n<p>Beispiel:<\/p>\n<ul>\n<li>Ein Pool mit 130 m\u00b3 Volumen \u2192 130 \/ 4 = 32,5 m\u00b3\/h erforderliche Filterkapazit\u00e4t.<\/li>\n<li>Passende Filtermodelle f\u00fcr diese Kapazit\u00e4t sind Aster-Serienprodukte, die in bestimmten Durchmessern gefertigt werden.<\/li>\n<\/ul>\n<p>Der Astralpool Aster Laminat-Sandfilter passt sich mit verschiedenen Durchmesser- und Durchflussoptionen an Poolvolumina von 40 m\u00b3 bis 130 m\u00b3 an. Die Auswahl der geeigneten Pumpe richtet sich nach dem Filterdurchmesser.<\/p>\n<p>Die Aster-Serie kann dank ihrer robusten Fertigungstechnologie, der hohen Drucktoleranz und der effizienten Filtrationsleistung sowohl in privaten Pools als auch in professionellen Anlagen \u00fcber viele Jahre sicher eingesetzt werden.<\/p>\n<table style=\"border-collapse: collapse; width: 336pt;\" border=\"0\" width=\"448\" cellspacing=\"0\" cellpadding=\"0\">\n<tbody>\n<tr style=\"height: 14.4pt;\">\n<td class=\"xl65\" style=\"height: 14.4pt; width: 48pt;\" width=\"64\" height=\"19\">Merkmal<\/td>\n<td class=\"xl65\" style=\"border-left: none; width: 48pt;\" width=\"64\">00497<\/td>\n<td class=\"xl65\" style=\"border-left: none; width: 48pt;\" width=\"64\">00498<\/td>\n<td class=\"xl65\" style=\"border-left: none; width: 48pt;\" width=\"64\">00499<\/td>\n<td class=\"xl65\" style=\"border-left: none; width: 48pt;\" width=\"64\">00500<\/td>\n<td class=\"xl65\" style=\"border-left: none; width: 48pt;\" width=\"64\">08133<\/td>\n<td class=\"xl65\" style=\"border-left: none; width: 48pt;\" width=\"64\">00501<\/td>\n<\/tr>\n<tr style=\"height: 14.4pt;\">\n<td style=\"height: 14.4pt;\" height=\"19\">\u00d8 D (mm)<\/td>\n<td align=\"right\">350<\/td>\n<td align=\"right\">450<\/td>\n<td align=\"right\">600<\/td>\n<td align=\"right\">750<\/td>\n<td align=\"right\">900<\/td>\n<td align=\"right\">900<\/td>\n<\/tr>\n<tr style=\"height: 14.4pt;\">\n<td style=\"height: 14.4pt;\" height=\"19\">H (mm)<\/td>\n<td align=\"right\">780<\/td>\n<td align=\"right\">795<\/td>\n<td align=\"right\">850<\/td>\n<td align=\"right\">945<\/td>\n<td align=\"right\">1050<\/td>\n<td align=\"right\">1050<\/td>\n<\/tr>\n<tr style=\"height: 14.4pt;\">\n<td style=\"height: 14.4pt;\" height=\"19\">M (mm)<\/td>\n<td align=\"right\">420<\/td>\n<td align=\"right\">430<\/td>\n<td align=\"right\">455<\/td>\n<td align=\"right\">555<\/td>\n<td align=\"right\">635<\/td>\n<td align=\"right\">660<\/td>\n<\/tr>\n<tr style=\"height: 14.4pt;\">\n<td style=\"height: 14.4pt;\" height=\"19\">N (mm)<\/td>\n<td align=\"right\">295<\/td>\n<td align=\"right\">305<\/td>\n<td align=\"right\">330<\/td>\n<td align=\"right\">325<\/td>\n<td align=\"right\">365<\/td>\n<td align=\"right\">390<\/td>\n<\/tr>\n<tr style=\"height: 14.4pt;\">\n<td style=\"height: 14.4pt;\" height=\"19\">Anschluss<\/td>\n<td>1\u00bd&#8220;<\/td>\n<td>1\u00bd&#8220;<\/td>\n<td>1\u00bd&#8220;<\/td>\n<td>2&#8243;<\/td>\n<td>2&#8243;<\/td>\n<td>2\u00bd&#8220;<\/td>\n<\/tr>\n<tr style=\"height: 14.4pt;\">\n<td style=\"height: 14.4pt;\" height=\"19\">Durchfluss (m\u00b3\/h)<\/td>\n<td align=\"right\">5<\/td>\n<td align=\"right\">8<\/td>\n<td align=\"right\">14<\/td>\n<td align=\"right\">21<\/td>\n<td align=\"right\">30<\/td>\n<td align=\"right\">30<\/td>\n<\/tr>\n<tr style=\"height: 14.4pt;\">\n<td style=\"height: 14.4pt;\" height=\"19\">Poolvolumen (m\u00b3)<\/td>\n<td align=\"right\">40<\/td>\n<td align=\"right\">64<\/td>\n<td align=\"right\">128<\/td>\n<td align=\"right\">168<\/td>\n<td align=\"right\">240<\/td>\n<td align=\"right\">240<\/td>\n<\/tr>\n<tr style=\"height: 14.4pt;\">\n<td style=\"height: 14.4pt;\" height=\"19\">Sandmenge (kg)<\/td>\n<td align=\"right\">50<\/td>\n<td align=\"right\">70<\/td>\n<td align=\"right\">125<\/td>\n<td align=\"right\">290<\/td>\n<td align=\"right\">500<\/td>\n<td align=\"right\">500<\/td>\n<\/tr>\n<tr style=\"height: 14.4pt;\">\n<td style=\"height: 14.4pt;\" height=\"19\">Glas Klasse 1 (57011) (kg)<\/td>\n<td align=\"right\">25<\/td>\n<td align=\"right\">35<\/td>\n<td align=\"right\">70<\/td>\n<td align=\"right\">150<\/td>\n<td align=\"right\">175<\/td>\n<td align=\"right\">175<\/td>\n<\/tr>\n<tr style=\"height: 14.4pt;\">\n<td style=\"height: 14.4pt;\" height=\"19\">Glas Klasse 3 (57013) (kg)<\/td>\n<td align=\"right\">0<\/td>\n<td align=\"right\">0<\/td>\n<td align=\"right\">0<\/td>\n<td align=\"right\">50<\/td>\n<td align=\"right\">75<\/td>\n<td align=\"right\">75<\/td>\n<\/tr>\n<tr style=\"height: 14.4pt;\">\n<td style=\"height: 14.4pt;\" height=\"19\">Max. Betriebsdruck (kg\/cm\u00b2)<\/td>\n<td align=\"right\">2,5<\/td>\n<td align=\"right\">2,5<\/td>\n<td align=\"right\">2,5<\/td>\n<td align=\"right\">2,5<\/td>\n<td align=\"right\">2,5<\/td>\n<td align=\"right\">2,5<\/td>\n<\/tr>\n<tr style=\"height: 14.4pt;\">\n<td style=\"height: 14.4pt;\" height=\"19\">Nettogewicht (kg)<\/td>\n<td align=\"right\">18<\/td>\n<td align=\"right\">21<\/td>\n<td align=\"right\">28<\/td>\n<td align=\"right\">37<\/td>\n<td align=\"right\">55<\/td>\n<td align=\"right\">53<\/td>\n<\/tr>\n<tr style=\"height: 14.4pt;\">\n<td style=\"height: 14.4pt;\" height=\"19\">Verpackungsvolumen (m\u00b3)<\/td>\n<td align=\"right\">0,13<\/td>\n<td align=\"right\">0,23<\/td>\n<td align=\"right\">0,39<\/td>\n<td align=\"right\">0,62<\/td>\n<td align=\"right\">1,26<\/td>\n<td align=\"right\">1,27<\/td>\n<\/tr>\n<\/tbody>\n<\/table>\n","protected":false},"excerpt":{"rendered":"<p>Der Astralpool Aster Laminat-Sandfilter sorgt mit seinem robusten Laminatgeh\u00e4use und der hohen Filtrationseffizienz f\u00fcr klares, hygienisches und leistungsstark gereinigtes Wasser in privaten und gewerblichen Pools.<\/p>\n","protected":false},"featured_media":4220,"comment_status":"open","ping_status":"closed","template":"","meta":{"_joinchat":[]},"product_brand":[],"product_cat":[74],"product_tag":[],"class_list":{"0":"post-4219","1":"product","2":"type-product","3":"status-publish","4":"has-post-thumbnail","6":"product_cat-poolfilter","8":"first","9":"instock","10":"shipping-taxable","11":"product-type-simple"},"_links":{"self":[{"href":"https:\/\/markapool.com\/de\/wp-json\/wp\/v2\/product\/4219","targetHints":{"allow":["GET"]}}],"collection":[{"href":"https:\/\/markapool.com\/de\/wp-json\/wp\/v2\/product"}],"about":[{"href":"https:\/\/markapool.com\/de\/wp-json\/wp\/v2\/types\/product"}],"replies":[{"embeddable":true,"href":"https:\/\/markapool.com\/de\/wp-json\/wp\/v2\/comments?post=4219"}],"wp:featuredmedia":[{"embeddable":true,"href":"https:\/\/markapool.com\/de\/wp-json\/wp\/v2\/media\/4220"}],"wp:attachment":[{"href":"https:\/\/markapool.com\/de\/wp-json\/wp\/v2\/media?parent=4219"}],"wp:term":[{"taxonomy":"product_brand","embeddable":true,"href":"https:\/\/markapool.com\/de\/wp-json\/wp\/v2\/product_brand?post=4219"},{"taxonomy":"product_cat","embeddable":true,"href":"https:\/\/markapool.com\/de\/wp-json\/wp\/v2\/product_cat?post=4219"},{"taxonomy":"product_tag","embeddable":true,"href":"https:\/\/markapool.com\/de\/wp-json\/wp\/v2\/product_tag?post=4219"}],"curies":[{"name":"wp","href":"https:\/\/api.w.org\/{rel}","templated":true}]}}