{"id":4561,"date":"2025-11-30T14:46:23","date_gmt":"2025-11-30T11:46:23","guid":{"rendered":"https:\/\/markapool.splusweb.com\/zodiac-ra-6500-iq-elektrikli-otomatik-havuz-robotu\/"},"modified":"2025-12-26T18:47:08","modified_gmt":"2025-12-26T15:47:08","slug":"zodiac-ra-6500-iq-elektrischer-automatischer-poolroboter","status":"publish","type":"product","link":"https:\/\/markapool.com\/de\/zodiac-ra-6500-iq-elektrischer-automatischer-poolroboter\/","title":{"rendered":"Zodiac RA 6500 iQ Elektrischer Automatischer Poolroboter"},"content":{"rendered":"<h2>Zodiac RA 6500 iQ Alpha iQ Pro Elektrischer Automatischer Poolroboter<\/h2>\n<p>Der Zodiac RA 6500 iQ Alpha iQ Pro ist ein Premium-Poolroboter, der dank intelligenter Sensorik, ultrastarker zyklonischer Saugleistung und Wi-Fi-gest\u00fctzter Fernsteuerung professionelle Reinigungsleistung bietet. Der integrierte Drucksensor sorgt f\u00fcr eine verbesserte Wand- und Wasserlinienreinigung. Mit der Sensor Nav System\u2122 Technologie analysiert das Ger\u00e4t die Poolstruktur, optimiert die Reinigungsdauer und arbeitet stets auf der effizientesten Route.<\/p>\n<h3>Ultra-Effizienz dank intelligentem System<\/h3>\n<ul>\n<li>Sensor Nav System\u2122: Erkennt die Poolstruktur und optimiert die Bewegungen automatisch.<\/li>\n<li>Drucksensor: Steigert die Leistung bei der Wand- und Wasserlinienreinigung.<\/li>\n<li>Zyklonische Saugleistung: H\u00e4lt Schmutzpartikel in Schwebe, reduziert Filterverstopfung und erh\u00e4lt eine konstante Saugleistung.<\/li>\n<li>Lift System: Entleert beim Herausheben schnell das Wasser und reduziert das Gewicht des Roboters.<\/li>\n<li>Wi-Fi &amp; iAquaLink\u2122: Fernsteuerung und Live-\u00dcberwachung der Reinigung per Smartphone oder Tablet.<\/li>\n<\/ul>\n<p>Garantie: 3 Jahre + 1 Jahr (bei Kopplung mit der iAquaLink\u2122 App).<\/p>\n<h3>F\u00fcr welche Pools ist er geeignet?<\/h3>\n<ul>\n<li>Eingebaute und aufgestellte Pools mit starren W\u00e4nden<\/li>\n<li>Rechteckige, ovale und frei geformte Pools<\/li>\n<li>Flache, sanft geneigte, unterschiedlich geneigte und steil geneigte Poolb\u00f6den<\/li>\n<li>Alle Oberfl\u00e4chenarten: Keramik, Folie (Liner), Polyester, PVC, Beton<\/li>\n<li>Maximale Poolgr\u00f6\u00dfe: 12 \u00d7 6 m<\/li>\n<li>18 m drehbares Swivel-Kabel (verhedderungsfrei)<\/li>\n<\/ul>\n<h3>Zodiac RA 6500 iQ Alpha iQ Pro Eigenschaften<\/h3>\n<ul>\n<li>Reinigungsbereiche: Boden, W\u00e4nde und Wasserlinie<\/li>\n<li>Programme: Mehrere Reinigungszyklen (nur Boden \/ Komplettreinigung \/ nur Wasserlinie)<\/li>\n<li>Stromversorgung: Autonomer Betrieb \u00fcber 230-V-Netzanschluss<\/li>\n<li>Antriebssystem: Allradantrieb<\/li>\n<li>Kraft\u00fcbertragung: Getriebemechanismus<\/li>\n<li>Drucksensor: Vorhanden<\/li>\n<li>B\u00fcrsten: Doppeltes Kontakt- und B\u00fcrstensystem<\/li>\n<li>Filterf\u00fcllstandsanzeige: Vorhanden<\/li>\n<li>Fernsteuerung: Ja (\u00fcber iAquaLink\u2122)<\/li>\n<li>Kabelverhedderungsschutz: Drehbarer Swivel-Mechanismus<\/li>\n<li>Sicherheit: Trockengehschutz, Ufersicherheit, Motorschutz<\/li>\n<li>Filterzugang: Robuste, von oben zug\u00e4ngliche Filterkassette<\/li>\n<\/ul>\n<h3>Technische Daten<\/h3>\n<ul>\n<li>Motoranzahl: 3<\/li>\n<li>Stromversorgung Steuerbox: 200\u2013240 VAC (50\/60 Hz)<\/li>\n<li>Stromversorgung Roboter: 30 VDC<\/li>\n<li>Leistungsaufnahme: 150 W<\/li>\n<li>Kabell\u00e4nge: 18 m (mit Swivel)<\/li>\n<li>Abmessungen: 43 \u00d7 48 \u00d7 27 cm<\/li>\n<li>Paketabmessungen: 56 \u00d7 56 \u00d7 46 cm<\/li>\n<li>Robotergewicht: 10 kg (Paket: 21 kg)<\/li>\n<li>Filterfl\u00e4che: 1180 cm\u00b2 \/ 60 \u00b5<\/li>\n<li>Filterkapazit\u00e4t: 5 L<\/li>\n<li>Reinigungsbreite: 24,5 cm<\/li>\n<\/ul>\n<h3>Personalisierte Reinigung<\/h3>\n<p>Dank Sensor Nav System\u2122 analysiert der RA 6500 iQ die Poolstruktur und optimiert sowohl Route als auch Reinigungsdauer automatisch. Der Drucksensor sorgt f\u00fcr eine besonders starke Leistung an W\u00e4nden und der Wasserlinie.<\/p>\n<h3>Ultrastarke zyklonische Saugleistung<\/h3>\n<p>Die von Zodiac entwickelte zyklonische Technologie erzeugt einen starken Wirbel im Filter, verhindert das Absetzen von Schmutz und sorgt f\u00fcr eine dauerhaft hohe Saugleistung.<\/p>\n<h3>Einfaches Herausnehmen dank Lift System<\/h3>\n<p>Das patentierte Lift System pumpt beim Anheben das Wasser schnell aus dem Roboter und reduziert so das Gewicht \u2013 f\u00fcr ein besonders komfortables Herausnehmen.<\/p>\n<h3>Intuitive mobile Steuerung<\/h3>\n<p>\u00dcber die iAquaLink\u2122 App k\u00f6nnen Sie den Roboter aus der Ferne steuern, den Reinigungsfortschritt \u00fcberwachen und Software-Updates automatisch erhalten.<\/p>\n<p>Der Zodiac RA 6500 iQ Alpha iQ Pro ist eine Premium-Poolroboterl\u00f6sung, die intelligente Navigation, starke Reinigungsleistung und h\u00f6chsten Bedienkomfort vereint.<\/p>\n<table width=\"157\">\n<tbody>\n<tr>\n<td width=\"93\">Kabell\u00e4nge:<\/td>\n<td width=\"64\">18 M<\/td>\n<\/tr>\n<tr>\n<td>Pooll\u00e4nge:<\/td>\n<td>12 M<\/td>\n<\/tr>\n<tr>\n<td>Intelligentes System:<\/td>\n<td>Mobile App<\/td>\n<\/tr>\n<tr>\n<td>Einsatzbereich:<\/td>\n<td>Private Pools<\/td>\n<\/tr>\n<tr>\n<td>Einfacher Transport:<\/td>\n<td>Transportwagen<\/td>\n<\/tr>\n<\/tbody>\n<\/table>\n","protected":false},"excerpt":{"rendered":"<p>Der Zodiac RA 6500 iQ Alpha iQ Pro bietet mit Sensor Nav System\u2122, Drucksensor, ultrastarker zyklonischer Saugleistung, Allradantrieb, Lift System und iAquaLink\u2122 Fernsteuerung eine Premium-Reinigungsleistung f\u00fcr Pools bis 12 \u00d7 6 m auf Boden, W\u00e4nden und Wasserlinie.<\/p>\n","protected":false},"featured_media":4562,"comment_status":"open","ping_status":"closed","template":"","meta":{"_joinchat":[]},"product_brand":[],"product_cat":[85],"product_tag":[],"class_list":{"0":"post-4561","1":"product","2":"type-product","3":"status-publish","4":"has-post-thumbnail","6":"product_cat-poolreinigungsroboter","8":"first","9":"instock","10":"shipping-taxable","11":"product-type-simple"},"_links":{"self":[{"href":"https:\/\/markapool.com\/de\/wp-json\/wp\/v2\/product\/4561","targetHints":{"allow":["GET"]}}],"collection":[{"href":"https:\/\/markapool.com\/de\/wp-json\/wp\/v2\/product"}],"about":[{"href":"https:\/\/markapool.com\/de\/wp-json\/wp\/v2\/types\/product"}],"replies":[{"embeddable":true,"href":"https:\/\/markapool.com\/de\/wp-json\/wp\/v2\/comments?post=4561"}],"wp:featuredmedia":[{"embeddable":true,"href":"https:\/\/markapool.com\/de\/wp-json\/wp\/v2\/media\/4562"}],"wp:attachment":[{"href":"https:\/\/markapool.com\/de\/wp-json\/wp\/v2\/media?parent=4561"}],"wp:term":[{"taxonomy":"product_brand","embeddable":true,"href":"https:\/\/markapool.com\/de\/wp-json\/wp\/v2\/product_brand?post=4561"},{"taxonomy":"product_cat","embeddable":true,"href":"https:\/\/markapool.com\/de\/wp-json\/wp\/v2\/product_cat?post=4561"},{"taxonomy":"product_tag","embeddable":true,"href":"https:\/\/markapool.com\/de\/wp-json\/wp\/v2\/product_tag?post=4561"}],"curies":[{"name":"wp","href":"https:\/\/api.w.org\/{rel}","templated":true}]}}