{"id":4769,"date":"2025-11-30T13:14:29","date_gmt":"2025-11-30T10:14:29","guid":{"rendered":"https:\/\/markapool.splusweb.com\/hortum-adaptoru\/"},"modified":"2025-12-26T20:26:13","modified_gmt":"2025-12-26T17:26:13","slug":"schlauchadapter","status":"publish","type":"product","link":"https:\/\/markapool.com\/de\/schlauchadapter\/","title":{"rendered":"Schlauchadapter"},"content":{"rendered":"<table width=\"528\" aria-describedby=\"tablepress-114_info\">\n<tbody>\n<tr>\n<td width=\"263\">CODE<\/td>\n<td width=\"196\">PRODUKT \/ PRODUCT<\/td>\n<td width=\"69\">ANSCHLUSS<\/td>\n<\/tr>\n<tr>\n<td>SKY540<\/td>\n<td>SCHLAUCHADAPTER<\/td>\n<td>11\/2 &#8222;-2&#8220;<\/td>\n<\/tr>\n<\/tbody>\n<\/table>\n","protected":false},"excerpt":{"rendered":"<p>Der Schlauchadapter sorgt f\u00fcr eine kompatible Verbindung zwischen Poolsauger und Schlauch und gew\u00e4hrleistet eine dichte, stabile und effiziente Reinigungsstr\u00f6mung.<\/p>\n","protected":false},"featured_media":4770,"comment_status":"open","ping_status":"closed","template":"","meta":{"_joinchat":[]},"product_brand":[],"product_cat":[86],"product_tag":[],"class_list":{"0":"post-4769","1":"product","2":"type-product","3":"status-publish","4":"has-post-thumbnail","6":"product_cat-poolreinigungsgerate","8":"first","9":"instock","10":"shipping-taxable","11":"product-type-simple"},"_links":{"self":[{"href":"https:\/\/markapool.com\/de\/wp-json\/wp\/v2\/product\/4769","targetHints":{"allow":["GET"]}}],"collection":[{"href":"https:\/\/markapool.com\/de\/wp-json\/wp\/v2\/product"}],"about":[{"href":"https:\/\/markapool.com\/de\/wp-json\/wp\/v2\/types\/product"}],"replies":[{"embeddable":true,"href":"https:\/\/markapool.com\/de\/wp-json\/wp\/v2\/comments?post=4769"}],"wp:featuredmedia":[{"embeddable":true,"href":"https:\/\/markapool.com\/de\/wp-json\/wp\/v2\/media\/4770"}],"wp:attachment":[{"href":"https:\/\/markapool.com\/de\/wp-json\/wp\/v2\/media?parent=4769"}],"wp:term":[{"taxonomy":"product_brand","embeddable":true,"href":"https:\/\/markapool.com\/de\/wp-json\/wp\/v2\/product_brand?post=4769"},{"taxonomy":"product_cat","embeddable":true,"href":"https:\/\/markapool.com\/de\/wp-json\/wp\/v2\/product_cat?post=4769"},{"taxonomy":"product_tag","embeddable":true,"href":"https:\/\/markapool.com\/de\/wp-json\/wp\/v2\/product_tag?post=4769"}],"curies":[{"name":"wp","href":"https:\/\/api.w.org\/{rel}","templated":true}]}}