{"id":4776,"date":"2025-11-30T13:12:13","date_gmt":"2025-11-30T10:12:13","guid":{"rendered":"https:\/\/markapool.splusweb.com\/havuz-hortumu-evaflex\/"},"modified":"2025-12-26T20:30:38","modified_gmt":"2025-12-26T17:30:38","slug":"poolschlauch-evaflex","status":"publish","type":"product","link":"https:\/\/markapool.com\/de\/poolschlauch-evaflex\/","title":{"rendered":"Poolschlauch (Evaflex)"},"content":{"rendered":"<table width=\"528\">\n<tbody>\n<tr>\n<td width=\"263\">CODE<\/td>\n<td width=\"196\">PRODUKT<\/td>\n<td width=\"69\">EIGENSCHAFT<\/td>\n<\/tr>\n<tr>\n<td>SKY536<\/td>\n<td>SCHLAUCH 15 M<\/td>\n<td>11\/2&#8242;<\/td>\n<\/tr>\n<tr>\n<td>SKY537<\/td>\n<td>SCHLAUCH 30 M<\/td>\n<td>11\/2&#8242;<\/td>\n<\/tr>\n<tr>\n<td>SKY538<\/td>\n<td>SCHLAUCH 15 M<\/td>\n<td>2&#8243;<\/td>\n<\/tr>\n<tr>\n<td>SKY539<\/td>\n<td>SCHLAUCH 30 M<\/td>\n<td>2&#8243;<\/td>\n<\/tr>\n<\/tbody>\n<\/table>\n","protected":false},"excerpt":{"rendered":"<p>Der Poolschlauch (Evaflex) ist ein langlebiger und bruchfester Poolreinigungsschlauch, der sich durch seine flexible Struktur und hohe Widerstandsf\u00e4higkeit ideal f\u00fcr Poolsauger und Reinigungszubeh\u00f6r eignet.<\/p>\n","protected":false},"featured_media":4777,"comment_status":"open","ping_status":"closed","template":"","meta":{"_joinchat":[]},"product_brand":[],"product_cat":[86],"product_tag":[],"class_list":{"0":"post-4776","1":"product","2":"type-product","3":"status-publish","4":"has-post-thumbnail","6":"product_cat-poolreinigungsgerate","8":"first","9":"instock","10":"shipping-taxable","11":"product-type-simple"},"_links":{"self":[{"href":"https:\/\/markapool.com\/de\/wp-json\/wp\/v2\/product\/4776","targetHints":{"allow":["GET"]}}],"collection":[{"href":"https:\/\/markapool.com\/de\/wp-json\/wp\/v2\/product"}],"about":[{"href":"https:\/\/markapool.com\/de\/wp-json\/wp\/v2\/types\/product"}],"replies":[{"embeddable":true,"href":"https:\/\/markapool.com\/de\/wp-json\/wp\/v2\/comments?post=4776"}],"wp:featuredmedia":[{"embeddable":true,"href":"https:\/\/markapool.com\/de\/wp-json\/wp\/v2\/media\/4777"}],"wp:attachment":[{"href":"https:\/\/markapool.com\/de\/wp-json\/wp\/v2\/media?parent=4776"}],"wp:term":[{"taxonomy":"product_brand","embeddable":true,"href":"https:\/\/markapool.com\/de\/wp-json\/wp\/v2\/product_brand?post=4776"},{"taxonomy":"product_cat","embeddable":true,"href":"https:\/\/markapool.com\/de\/wp-json\/wp\/v2\/product_cat?post=4776"},{"taxonomy":"product_tag","embeddable":true,"href":"https:\/\/markapool.com\/de\/wp-json\/wp\/v2\/product_tag?post=4776"}],"curies":[{"name":"wp","href":"https:\/\/api.w.org\/{rel}","templated":true}]}}