{"id":4789,"date":"2025-11-30T13:08:00","date_gmt":"2025-11-30T10:08:00","guid":{"rendered":"https:\/\/markapool.splusweb.com\/havuz-temizleme-ekipmanlari-sapi\/"},"modified":"2025-12-26T20:42:40","modified_gmt":"2025-12-26T17:42:40","slug":"pool-reinigungsgeraete-stiel","status":"publish","type":"product","link":"https:\/\/markapool.com\/de\/pool-reinigungsgeraete-stiel\/","title":{"rendered":"Pool-Reinigungsger\u00e4te-Stiel"},"content":{"rendered":"<table width=\"459\">\n<tbody>\n<tr>\n<td width=\"263\">CODE<\/td>\n<td width=\"196\">PRODUKT \/ PRODUCT<\/td>\n<\/tr>\n<tr>\n<td>SKY531<\/td>\n<td>2 \u00d7 2 STIEL<\/td>\n<\/tr>\n<tr>\n<td>SKY532<\/td>\n<td>2 \u00d7 2,5 STIEL<\/td>\n<\/tr>\n<tr>\n<td>SKY533<\/td>\n<td>2 \u00d7 3 STIEL<\/td>\n<\/tr>\n<tr>\n<td>SKY534<\/td>\n<td>3 \u00d7 3 STIEL<\/td>\n<\/tr>\n<\/tbody>\n<\/table>\n","protected":false},"excerpt":{"rendered":"<p>Der Pool-Reinigungsger\u00e4te-Stiel ist ein ausziehbarer, robuster Verbindungsstiel, der mit Zubeh\u00f6r wie Poolb\u00fcrsten, Bodensaugern und Keschern kompatibel ist und die Poolpflege deutlich erleichtert.<\/p>\n","protected":false},"featured_media":4790,"comment_status":"open","ping_status":"closed","template":"","meta":{"_joinchat":[]},"product_brand":[],"product_cat":[86],"product_tag":[],"class_list":{"0":"post-4789","1":"product","2":"type-product","3":"status-publish","4":"has-post-thumbnail","6":"product_cat-poolreinigungsgerate","8":"first","9":"instock","10":"shipping-taxable","11":"product-type-simple"},"_links":{"self":[{"href":"https:\/\/markapool.com\/de\/wp-json\/wp\/v2\/product\/4789","targetHints":{"allow":["GET"]}}],"collection":[{"href":"https:\/\/markapool.com\/de\/wp-json\/wp\/v2\/product"}],"about":[{"href":"https:\/\/markapool.com\/de\/wp-json\/wp\/v2\/types\/product"}],"replies":[{"embeddable":true,"href":"https:\/\/markapool.com\/de\/wp-json\/wp\/v2\/comments?post=4789"}],"wp:featuredmedia":[{"embeddable":true,"href":"https:\/\/markapool.com\/de\/wp-json\/wp\/v2\/media\/4790"}],"wp:attachment":[{"href":"https:\/\/markapool.com\/de\/wp-json\/wp\/v2\/media?parent=4789"}],"wp:term":[{"taxonomy":"product_brand","embeddable":true,"href":"https:\/\/markapool.com\/de\/wp-json\/wp\/v2\/product_brand?post=4789"},{"taxonomy":"product_cat","embeddable":true,"href":"https:\/\/markapool.com\/de\/wp-json\/wp\/v2\/product_cat?post=4789"},{"taxonomy":"product_tag","embeddable":true,"href":"https:\/\/markapool.com\/de\/wp-json\/wp\/v2\/product_tag?post=4789"}],"curies":[{"name":"wp","href":"https:\/\/api.w.org\/{rel}","templated":true}]}}