{"id":4797,"date":"2025-11-30T13:05:53","date_gmt":"2025-11-30T10:05:53","guid":{"rendered":"https:\/\/markapool.splusweb.com\/havuz-temizleme-kepcesi\/"},"modified":"2025-12-26T20:46:26","modified_gmt":"2025-12-26T17:46:26","slug":"pool-reinigungskescher","status":"publish","type":"product","link":"https:\/\/markapool.com\/de\/pool-reinigungskescher\/","title":{"rendered":"Pool-Reinigungskescher"},"content":{"rendered":"<table width=\"459\">\n<tbody>\n<tr>\n<td width=\"263\">CODE<\/td>\n<td width=\"196\">PRODUKT \/ PRODUCT<\/td>\n<\/tr>\n<tr>\n<td>SKY529<\/td>\n<td>LANG &amp; GEBOGEN<\/td>\n<\/tr>\n<\/tbody>\n<\/table>\n","protected":false},"excerpt":{"rendered":"<p>Der Pool-Reinigungskescher ist ein praktisches und langlebiges Reinigungszubeh\u00f6r, das speziell zum schnellen und einfachen Entfernen von Bl\u00e4ttern, Insekten und grobem Schmutz von der Wasseroberfl\u00e4che entwickelt wurde.<\/p>\n","protected":false},"featured_media":4798,"comment_status":"open","ping_status":"closed","template":"","meta":{"_joinchat":[]},"product_brand":[],"product_cat":[86],"product_tag":[],"class_list":{"0":"post-4797","1":"product","2":"type-product","3":"status-publish","4":"has-post-thumbnail","6":"product_cat-poolreinigungsgerate","8":"first","9":"instock","10":"shipping-taxable","11":"product-type-simple"},"_links":{"self":[{"href":"https:\/\/markapool.com\/de\/wp-json\/wp\/v2\/product\/4797","targetHints":{"allow":["GET"]}}],"collection":[{"href":"https:\/\/markapool.com\/de\/wp-json\/wp\/v2\/product"}],"about":[{"href":"https:\/\/markapool.com\/de\/wp-json\/wp\/v2\/types\/product"}],"replies":[{"embeddable":true,"href":"https:\/\/markapool.com\/de\/wp-json\/wp\/v2\/comments?post=4797"}],"wp:featuredmedia":[{"embeddable":true,"href":"https:\/\/markapool.com\/de\/wp-json\/wp\/v2\/media\/4798"}],"wp:attachment":[{"href":"https:\/\/markapool.com\/de\/wp-json\/wp\/v2\/media?parent=4797"}],"wp:term":[{"taxonomy":"product_brand","embeddable":true,"href":"https:\/\/markapool.com\/de\/wp-json\/wp\/v2\/product_brand?post=4797"},{"taxonomy":"product_cat","embeddable":true,"href":"https:\/\/markapool.com\/de\/wp-json\/wp\/v2\/product_cat?post=4797"},{"taxonomy":"product_tag","embeddable":true,"href":"https:\/\/markapool.com\/de\/wp-json\/wp\/v2\/product_tag?post=4797"}],"curies":[{"name":"wp","href":"https:\/\/api.w.org\/{rel}","templated":true}]}}