{"id":4803,"date":"2025-11-30T13:04:10","date_gmt":"2025-11-30T10:04:10","guid":{"rendered":"https:\/\/markapool.splusweb.com\/havuz-temizleme-fircasi\/"},"modified":"2025-12-26T20:50:09","modified_gmt":"2025-12-26T17:50:09","slug":"pool-reinigungsbuerste","status":"publish","type":"product","link":"https:\/\/markapool.com\/de\/pool-reinigungsbuerste\/","title":{"rendered":"Pool-Reinigungsb\u00fcrste"},"content":{"rendered":"<table width=\"459\">\n<tbody>\n<tr>\n<td width=\"263\">CODE<\/td>\n<td width=\"196\">PRODUKT \/ PRODUCT<\/td>\n<\/tr>\n<tr>\n<td>SKY529<\/td>\n<td>LANG &amp; GEBOGEN<\/td>\n<\/tr>\n<\/tbody>\n<\/table>\n","protected":false},"excerpt":{"rendered":"<p>Die Pool-Reinigungsb\u00fcrste ist ein robustes und effektives Wartungszubeh\u00f6r, das speziell daf\u00fcr entwickelt wurde, Schmutz, Algen und Ablagerungen an Poolr\u00e4ndern, am Beckenboden und an den W\u00e4nden m\u00fchelos zu entfernen.<\/p>\n","protected":false},"featured_media":4804,"comment_status":"open","ping_status":"closed","template":"","meta":{"_joinchat":[]},"product_brand":[],"product_cat":[86],"product_tag":[],"class_list":{"0":"post-4803","1":"product","2":"type-product","3":"status-publish","4":"has-post-thumbnail","6":"product_cat-poolreinigungsgerate","8":"first","9":"instock","10":"shipping-taxable","11":"product-type-simple"},"_links":{"self":[{"href":"https:\/\/markapool.com\/de\/wp-json\/wp\/v2\/product\/4803","targetHints":{"allow":["GET"]}}],"collection":[{"href":"https:\/\/markapool.com\/de\/wp-json\/wp\/v2\/product"}],"about":[{"href":"https:\/\/markapool.com\/de\/wp-json\/wp\/v2\/types\/product"}],"replies":[{"embeddable":true,"href":"https:\/\/markapool.com\/de\/wp-json\/wp\/v2\/comments?post=4803"}],"wp:featuredmedia":[{"embeddable":true,"href":"https:\/\/markapool.com\/de\/wp-json\/wp\/v2\/media\/4804"}],"wp:attachment":[{"href":"https:\/\/markapool.com\/de\/wp-json\/wp\/v2\/media?parent=4803"}],"wp:term":[{"taxonomy":"product_brand","embeddable":true,"href":"https:\/\/markapool.com\/de\/wp-json\/wp\/v2\/product_brand?post=4803"},{"taxonomy":"product_cat","embeddable":true,"href":"https:\/\/markapool.com\/de\/wp-json\/wp\/v2\/product_cat?post=4803"},{"taxonomy":"product_tag","embeddable":true,"href":"https:\/\/markapool.com\/de\/wp-json\/wp\/v2\/product_tag?post=4803"}],"curies":[{"name":"wp","href":"https:\/\/api.w.org\/{rel}","templated":true}]}}