{"id":4809,"date":"2025-11-30T13:02:04","date_gmt":"2025-11-30T10:02:04","guid":{"rendered":"https:\/\/markapool.splusweb.com\/havuz-supurgesi\/"},"modified":"2025-12-26T20:56:14","modified_gmt":"2025-12-26T17:56:14","slug":"pool-bodensauger","status":"publish","type":"product","link":"https:\/\/markapool.com\/de\/pool-bodensauger\/","title":{"rendered":"Pool-Bodensauger"},"content":{"rendered":"<table width=\"528\">\n<tbody>\n<tr>\n<td width=\"263\">CODE<\/td>\n<td width=\"196\">PRODUKT \/ PRODUCT<\/td>\n<td width=\"69\">GR\u00d6SSE<\/td>\n<\/tr>\n<tr>\n<td>SKY525<\/td>\n<td>BODENSAUGER<\/td>\n<td>1 1\/2&#8220;<\/td>\n<\/tr>\n<tr>\n<td>SKY526<\/td>\n<td>BODENSAUGER<\/td>\n<td>2&#8220;<\/td>\n<\/tr>\n<tr>\n<td>SKY527<\/td>\n<td>BODENSAUGER<\/td>\n<td>60 CM<\/td>\n<\/tr>\n<tr>\n<td>SKY528<\/td>\n<td>BODENSAUGER<\/td>\n<td>80 CM<\/td>\n<\/tr>\n<\/tbody>\n<\/table>\n","protected":false},"excerpt":{"rendered":"<p>Pool-Bodensauger sind praktische Reinigungshilfen, die mit Anschlussgr\u00f6\u00dfen von 1\u00bd\u201d, 2\u201d sowie Arbeitsbreiten von 60\u201380 cm eine effektive, schnelle und m\u00fchelose Reinigung von Poolboden und -w\u00e4nden erm\u00f6glichen.<\/p>\n","protected":false},"featured_media":4810,"comment_status":"open","ping_status":"closed","template":"","meta":{"_joinchat":[]},"product_brand":[],"product_cat":[86],"product_tag":[],"class_list":{"0":"post-4809","1":"product","2":"type-product","3":"status-publish","4":"has-post-thumbnail","6":"product_cat-poolreinigungsgerate","8":"first","9":"instock","10":"shipping-taxable","11":"product-type-simple"},"_links":{"self":[{"href":"https:\/\/markapool.com\/de\/wp-json\/wp\/v2\/product\/4809","targetHints":{"allow":["GET"]}}],"collection":[{"href":"https:\/\/markapool.com\/de\/wp-json\/wp\/v2\/product"}],"about":[{"href":"https:\/\/markapool.com\/de\/wp-json\/wp\/v2\/types\/product"}],"replies":[{"embeddable":true,"href":"https:\/\/markapool.com\/de\/wp-json\/wp\/v2\/comments?post=4809"}],"wp:featuredmedia":[{"embeddable":true,"href":"https:\/\/markapool.com\/de\/wp-json\/wp\/v2\/media\/4810"}],"wp:attachment":[{"href":"https:\/\/markapool.com\/de\/wp-json\/wp\/v2\/media?parent=4809"}],"wp:term":[{"taxonomy":"product_brand","embeddable":true,"href":"https:\/\/markapool.com\/de\/wp-json\/wp\/v2\/product_brand?post=4809"},{"taxonomy":"product_cat","embeddable":true,"href":"https:\/\/markapool.com\/de\/wp-json\/wp\/v2\/product_cat?post=4809"},{"taxonomy":"product_tag","embeddable":true,"href":"https:\/\/markapool.com\/de\/wp-json\/wp\/v2\/product_tag?post=4809"}],"curies":[{"name":"wp","href":"https:\/\/api.w.org\/{rel}","templated":true}]}}