{"id":4827,"date":"2025-11-30T12:53:07","date_gmt":"2025-11-30T09:53:07","guid":{"rendered":"https:\/\/markapool.splusweb.com\/skypool-havuz-trafolari\/"},"modified":"2025-12-26T21:13:30","modified_gmt":"2025-12-26T18:13:30","slug":"skypool-pooltransformatoren","status":"publish","type":"product","link":"https:\/\/markapool.com\/de\/skypool-pooltransformatoren\/","title":{"rendered":"Skypool Pooltransformatoren"},"content":{"rendered":"<h2>Skypool Pooltransformatoren<\/h2>\n<p>Pooltransformatoren sind wesentliche Stromkomponenten, die f\u00fcr die sichere und korrekte Spannungsumwandlung von Poolbeleuchtungssystemen sorgen. Mit AC- und DC-Ausgangsoptionen bieten sie L\u00f6sungen f\u00fcr unterschiedliche Leistungsanforderungen. Sie sind gem\u00e4\u00df den Sicherheitsstandards f\u00fcr Unterwasserbeleuchtungen konzipiert und werden dank ihrer langlebigen, stabilen und hocheffizienten Arbeitsweise zuverl\u00e4ssig in professionellen Projekten eingesetzt.<\/p>\n<table width=\"459\">\n<tbody>\n<tr>\n<td width=\"263\">CODE<\/td>\n<td width=\"196\">POOLTRANSFORMATOREN<\/td>\n<\/tr>\n<tr>\n<td>SKY407<\/td>\n<td>AC TRANSFORMATOR 300 W<\/td>\n<\/tr>\n<tr>\n<td>SKY408<\/td>\n<td>AC TRANSFORMATOR 100 W<\/td>\n<\/tr>\n<tr>\n<td>SKY409<\/td>\n<td>12V DC TRANSFORMATOR 5 A<\/td>\n<\/tr>\n<tr>\n<td>SKY410<\/td>\n<td>12V DC TRANSFORMATOR 8 A<\/td>\n<\/tr>\n<tr>\n<td>SKY411<\/td>\n<td>12V DC TRANSFORMATOR 12 A<\/td>\n<\/tr>\n<tr>\n<td>SKY412<\/td>\n<td>12V DC TRANSFORMATOR 16 A<\/td>\n<\/tr>\n<tr>\n<td>SKY413<\/td>\n<td>12V DC TRANSFORMATOR 30 A<\/td>\n<\/tr>\n<\/tbody>\n<\/table>\n<p>&nbsp;<\/p>\n","protected":false},"excerpt":{"rendered":"<p>Skypool Pooltransformatoren bieten AC- und 12V-DC-Leistungsoptionen mit Kapazit\u00e4ten von 5A bis 30A und sind robuste Transformatorl\u00f6sungen, die f\u00fcr eine sichere und stabile Stromversorgung von Poolbeleuchtungen und -ausr\u00fcstungen entwickelt wurden.<\/p>\n","protected":false},"featured_media":4828,"comment_status":"open","ping_status":"closed","template":"","meta":{"_joinchat":[]},"product_brand":[],"product_cat":[79],"product_tag":[],"class_list":{"0":"post-4827","1":"product","2":"type-product","3":"status-publish","4":"has-post-thumbnail","6":"product_cat-pooltransformatoren","8":"first","9":"instock","10":"shipping-taxable","11":"product-type-simple"},"_links":{"self":[{"href":"https:\/\/markapool.com\/de\/wp-json\/wp\/v2\/product\/4827","targetHints":{"allow":["GET"]}}],"collection":[{"href":"https:\/\/markapool.com\/de\/wp-json\/wp\/v2\/product"}],"about":[{"href":"https:\/\/markapool.com\/de\/wp-json\/wp\/v2\/types\/product"}],"replies":[{"embeddable":true,"href":"https:\/\/markapool.com\/de\/wp-json\/wp\/v2\/comments?post=4827"}],"wp:featuredmedia":[{"embeddable":true,"href":"https:\/\/markapool.com\/de\/wp-json\/wp\/v2\/media\/4828"}],"wp:attachment":[{"href":"https:\/\/markapool.com\/de\/wp-json\/wp\/v2\/media?parent=4827"}],"wp:term":[{"taxonomy":"product_brand","embeddable":true,"href":"https:\/\/markapool.com\/de\/wp-json\/wp\/v2\/product_brand?post=4827"},{"taxonomy":"product_cat","embeddable":true,"href":"https:\/\/markapool.com\/de\/wp-json\/wp\/v2\/product_cat?post=4827"},{"taxonomy":"product_tag","embeddable":true,"href":"https:\/\/markapool.com\/de\/wp-json\/wp\/v2\/product_tag?post=4827"}],"curies":[{"name":"wp","href":"https:\/\/api.w.org\/{rel}","templated":true}]}}