{"id":4837,"date":"2025-11-30T12:46:33","date_gmt":"2025-11-30T09:46:33","guid":{"rendered":"https:\/\/markapool.splusweb.com\/plc-pano-plc-ekran\/"},"modified":"2025-12-26T21:19:29","modified_gmt":"2025-12-26T18:19:29","slug":"plc-schaltschrank-plc-display","status":"publish","type":"product","link":"https:\/\/markapool.com\/de\/plc-schaltschrank-plc-display\/","title":{"rendered":"PLC-Schaltschrank (PLC + Display)"},"content":{"rendered":"<h2>PLC-Schaltschrank (PLC + Display)<\/h2>\n<p>Der PLC-Schaltschrank (PLC + Display) ist eine professionelle Steuerungsl\u00f6sung, die f\u00fcr die vollautomatische Verwaltung von Poolpumpen und Beleuchtungssystemen entwickelt wurde. Dank des integrierten Displays k\u00f6nnen alle Funktionen einfach \u00fcberwacht und eingestellt werden. \u00dcber das Internetmodul ist ein Fernzugriff m\u00f6glich; mit dem Temperatursensormodul werden die Wassertemperatur \u00fcberwacht und automatische Regelungsfunktionen realisiert.<\/p>\n<p>Mit Varianten f\u00fcr unterschiedliche Pumpen- und Lampengruppen passt sich das System Projekten jeder Gr\u00f6\u00dfe an. Alle Modelle sind mit einem Fehlerstromschutz (FI-Schutz) ausgestattet und gew\u00e4hrleisten einen sicheren Betrieb.<\/p>\n<table width=\"263\">\n<tbody>\n<tr>\n<td width=\"263\">PLC-SCHALTSCHRANK (PLC + DISPLAY)<\/td>\n<\/tr>\n<tr>\n<td>1 GR. PUMPE + 1 GR. LAMPE, FI-SCHUTZ, 220V<\/td>\n<\/tr>\n<tr>\n<td>2 GR. PUMPEN + 1 GR. LAMPE, FI-SCHUTZ, 220V<\/td>\n<\/tr>\n<tr>\n<td>3 GR. PUMPEN + 1 GR. LAMPE, FI-SCHUTZ, 220V<\/td>\n<\/tr>\n<tr>\n<td>INTERNETMODUL<\/td>\n<\/tr>\n<tr>\n<td>TEMPERATURSENSOR + MODUL<\/td>\n<\/tr>\n<\/tbody>\n<\/table>\n","protected":false},"excerpt":{"rendered":"<p>Der PLC-Schaltschrank bietet mit PLC- und Displaysteuerung die Kontrolle von 1\u20133 Pumpen- und Lampengruppen und erm\u00f6glicht dank Internetmodul und Temperatursensor eine fortschrittliche Automatisierung sowie einen sicheren Betrieb.<\/p>\n","protected":false},"featured_media":4838,"comment_status":"open","ping_status":"closed","template":"","meta":{"_joinchat":[]},"product_brand":[],"product_cat":[81],"product_tag":[],"class_list":{"0":"post-4837","1":"product","2":"type-product","3":"status-publish","4":"has-post-thumbnail","6":"product_cat-steuerschaltschranke","8":"first","9":"instock","10":"shipping-taxable","11":"product-type-simple"},"_links":{"self":[{"href":"https:\/\/markapool.com\/de\/wp-json\/wp\/v2\/product\/4837","targetHints":{"allow":["GET"]}}],"collection":[{"href":"https:\/\/markapool.com\/de\/wp-json\/wp\/v2\/product"}],"about":[{"href":"https:\/\/markapool.com\/de\/wp-json\/wp\/v2\/types\/product"}],"replies":[{"embeddable":true,"href":"https:\/\/markapool.com\/de\/wp-json\/wp\/v2\/comments?post=4837"}],"wp:featuredmedia":[{"embeddable":true,"href":"https:\/\/markapool.com\/de\/wp-json\/wp\/v2\/media\/4838"}],"wp:attachment":[{"href":"https:\/\/markapool.com\/de\/wp-json\/wp\/v2\/media?parent=4837"}],"wp:term":[{"taxonomy":"product_brand","embeddable":true,"href":"https:\/\/markapool.com\/de\/wp-json\/wp\/v2\/product_brand?post=4837"},{"taxonomy":"product_cat","embeddable":true,"href":"https:\/\/markapool.com\/de\/wp-json\/wp\/v2\/product_cat?post=4837"},{"taxonomy":"product_tag","embeddable":true,"href":"https:\/\/markapool.com\/de\/wp-json\/wp\/v2\/product_tag?post=4837"}],"curies":[{"name":"wp","href":"https:\/\/api.w.org\/{rel}","templated":true}]}}