{"id":4844,"date":"2025-11-30T12:43:06","date_gmt":"2025-11-30T09:43:06","guid":{"rendered":"https:\/\/markapool.splusweb.com\/wifi-pano-trifaze-380-v\/"},"modified":"2025-12-26T21:28:27","modified_gmt":"2025-12-26T18:28:27","slug":"wifi-schaltschrank-dreiphasig-380-v","status":"publish","type":"product","link":"https:\/\/markapool.com\/de\/wifi-schaltschrank-dreiphasig-380-v\/","title":{"rendered":"WiFi-Schaltschrank Dreiphasig 380 V"},"content":{"rendered":"<h2>WiFi-Schaltschrank Dreiphasig 380 V<\/h2>\n<p>Der WiFi-Schaltschrank Dreiphasig 380 V ist eine fortschrittliche Automationsl\u00f6sung zur Fernsteuerung von dreiphasigen Poolpumpen und Beleuchtungssystemen. Dank der integrierten WiFi-Verbindung kann das gesamte System bequem \u00fcber mobile Endger\u00e4te verwaltet werden. Die Ausf\u00fchrung mit Fehlerstromschutz (FI-Schutz) gew\u00e4hrleistet einen sicheren und zuverl\u00e4ssigen Betrieb.<\/p>\n<table width=\"263\">\n<tbody>\n<tr>\n<td width=\"263\">WIFI-SCHALTSCHRANK DREIPHASIG 380 V<\/td>\n<\/tr>\n<tr>\n<td>1 GR. PUMPE + 1 GR. LAMPE, FI-SCHUTZ 220V<\/td>\n<\/tr>\n<tr>\n<td>2 GR. PUMPEN + 1 GR. LAMPE, FI-SCHUTZ 220V<\/td>\n<\/tr>\n<tr>\n<td>3 GR. PUMPEN + 1 GR. LAMPE, FI-SCHUTZ 220V<\/td>\n<\/tr>\n<tr>\n<td>4 GR. PUMPEN + 1 GR. LAMPE, FI-SCHUTZ 220V<\/td>\n<\/tr>\n<tr>\n<td>5 GR. PUMPEN + 1 GR. LAMPE, FI-SCHUTZ 220V<\/td>\n<\/tr>\n<\/tbody>\n<\/table>\n","protected":false},"excerpt":{"rendered":"<p>Der WiFi-Schaltschrank Dreiphasig 380 V bietet eine drahtlose Steuerung f\u00fcr 1\u20135 Pumpengruppen und 1 Lampengruppe und stellt mit 220V-FI-Schutz eine leistungsstarke, intelligente und sichere Automationsl\u00f6sung f\u00fcr dreiphasige Poolsysteme dar.<\/p>\n","protected":false},"featured_media":4845,"comment_status":"open","ping_status":"closed","template":"","meta":{"_joinchat":[]},"product_brand":[],"product_cat":[81],"product_tag":[],"class_list":{"0":"post-4844","1":"product","2":"type-product","3":"status-publish","4":"has-post-thumbnail","6":"product_cat-steuerschaltschranke","8":"first","9":"instock","10":"shipping-taxable","11":"product-type-simple"},"_links":{"self":[{"href":"https:\/\/markapool.com\/de\/wp-json\/wp\/v2\/product\/4844","targetHints":{"allow":["GET"]}}],"collection":[{"href":"https:\/\/markapool.com\/de\/wp-json\/wp\/v2\/product"}],"about":[{"href":"https:\/\/markapool.com\/de\/wp-json\/wp\/v2\/types\/product"}],"replies":[{"embeddable":true,"href":"https:\/\/markapool.com\/de\/wp-json\/wp\/v2\/comments?post=4844"}],"wp:featuredmedia":[{"embeddable":true,"href":"https:\/\/markapool.com\/de\/wp-json\/wp\/v2\/media\/4845"}],"wp:attachment":[{"href":"https:\/\/markapool.com\/de\/wp-json\/wp\/v2\/media?parent=4844"}],"wp:term":[{"taxonomy":"product_brand","embeddable":true,"href":"https:\/\/markapool.com\/de\/wp-json\/wp\/v2\/product_brand?post=4844"},{"taxonomy":"product_cat","embeddable":true,"href":"https:\/\/markapool.com\/de\/wp-json\/wp\/v2\/product_cat?post=4844"},{"taxonomy":"product_tag","embeddable":true,"href":"https:\/\/markapool.com\/de\/wp-json\/wp\/v2\/product_tag?post=4844"}],"curies":[{"name":"wp","href":"https:\/\/api.w.org\/{rel}","templated":true}]}}