{"id":4875,"date":"2025-11-30T12:26:11","date_gmt":"2025-11-30T09:26:11","guid":{"rendered":"https:\/\/markapool.splusweb.com\/hensel-8112-lux-pano\/"},"modified":"2025-12-26T21:49:57","modified_gmt":"2025-12-26T18:49:57","slug":"hensel-8112-lux-schaltschrank","status":"publish","type":"product","link":"https:\/\/markapool.com\/de\/hensel-8112-lux-schaltschrank\/","title":{"rendered":"Hensel 8112 Lux Schaltschrank"},"content":{"rendered":"<h2>Hensel 8112 Lux Schaltschrank<\/h2>\n<p>Der Hensel 8112 Lux Schaltschrank ist eine professionelle Steuerl\u00f6sung zur sicheren und zuverl\u00e4ssigen Verwaltung von Poolpumpen und Beleuchtungssystemen. Dank der robusten Bauweise und der hochwertigen Komponenten der Lux-Serie eignet sich dieses Modell sowohl f\u00fcr einphasige als auch f\u00fcr dreiphasige Installationen und bietet eine hohe Betriebssicherheit f\u00fcr private und gewerbliche Poolanlagen.<\/p>\n<table width=\"263\">\n<tbody>\n<tr>\n<td width=\"263\">HENSEL 8112 LUX SCHALTSCHRANK<\/td>\n<\/tr>\n<tr>\n<td>1 GR. PUMPE TIMER + 1 GR. LAMPE TIMER, FI-SCHUTZ, EINPHASIG<\/td>\n<\/tr>\n<tr>\n<td>1 GR. PUMPE TIMER + 1 GR. LAMPE TIMER, FI-SCHUTZ, DREIPHASIG<\/td>\n<\/tr>\n<tr>\n<td>PHASENSCHUTZ<\/td>\n<\/tr>\n<tr>\n<td>D-THERMOSTAT<\/td>\n<\/tr>\n<tr>\n<td>TIMER-DIFFERENZ (LEGRAND)<\/td>\n<\/tr>\n<\/tbody>\n<\/table>\n","protected":false},"excerpt":{"rendered":"<p>Der Hensel 8112 Lux Schaltschrank bietet eine unabh\u00e4ngige Zeitsteuerung f\u00fcr eine Pumpengruppe und eine Lampengruppe. Mit FI-Schutz, Phasenschutz und Unterst\u00fctzung f\u00fcr ein- und dreiphasige Systeme ist er eine sichere, langlebige und professionelle L\u00f6sung f\u00fcr die Pooltechnik.<\/p>\n","protected":false},"featured_media":4876,"comment_status":"open","ping_status":"closed","template":"","meta":{"_joinchat":[]},"product_brand":[],"product_cat":[81],"product_tag":[],"class_list":{"0":"post-4875","1":"product","2":"type-product","3":"status-publish","4":"has-post-thumbnail","6":"product_cat-steuerschaltschranke","8":"first","9":"instock","10":"shipping-taxable","11":"product-type-simple"},"_links":{"self":[{"href":"https:\/\/markapool.com\/de\/wp-json\/wp\/v2\/product\/4875","targetHints":{"allow":["GET"]}}],"collection":[{"href":"https:\/\/markapool.com\/de\/wp-json\/wp\/v2\/product"}],"about":[{"href":"https:\/\/markapool.com\/de\/wp-json\/wp\/v2\/types\/product"}],"replies":[{"embeddable":true,"href":"https:\/\/markapool.com\/de\/wp-json\/wp\/v2\/comments?post=4875"}],"wp:featuredmedia":[{"embeddable":true,"href":"https:\/\/markapool.com\/de\/wp-json\/wp\/v2\/media\/4876"}],"wp:attachment":[{"href":"https:\/\/markapool.com\/de\/wp-json\/wp\/v2\/media?parent=4875"}],"wp:term":[{"taxonomy":"product_brand","embeddable":true,"href":"https:\/\/markapool.com\/de\/wp-json\/wp\/v2\/product_brand?post=4875"},{"taxonomy":"product_cat","embeddable":true,"href":"https:\/\/markapool.com\/de\/wp-json\/wp\/v2\/product_cat?post=4875"},{"taxonomy":"product_tag","embeddable":true,"href":"https:\/\/markapool.com\/de\/wp-json\/wp\/v2\/product_tag?post=4875"}],"curies":[{"name":"wp","href":"https:\/\/api.w.org\/{rel}","templated":true}]}}