{"id":4911,"date":"2025-11-30T07:51:03","date_gmt":"2025-11-30T04:51:03","guid":{"rendered":"https:\/\/markapool.splusweb.com\/kumanda-modul\/"},"modified":"2025-12-26T22:27:15","modified_gmt":"2025-12-26T19:27:15","slug":"fernbedienungsmodul","status":"publish","type":"product","link":"https:\/\/markapool.com\/de\/fernbedienungsmodul\/","title":{"rendered":"Fernbedienungsmodul"},"content":{"rendered":"<h2>Fernbedienungsmodul<\/h2>\n<p>Fernbedienungsmodulsysteme verf\u00fcgen \u00fcber drahtlose RF-Technologie, die die Steuerung von RGB-, RGBW- und einfarbigen LED-Systemen in Pool- und Au\u00dfenbeleuchtungen erleichtert. Mit der Fernbedienung bieten sie eine komfortable Nutzung innerhalb einer gro\u00dfen Reichweite.<\/p>\n<table width=\"263\">\n<tbody>\n<tr>\n<td width=\"263\">FERNBEDIENUNGSMODUL<\/td>\n<\/tr>\n<tr>\n<td>2-FACH RF-FERNBEDIENUNGSMODUL<\/td>\n<\/tr>\n<tr>\n<td>4-FACH RF-FERNBEDIENUNGSMODUL<\/td>\n<\/tr>\n<\/tbody>\n<\/table>\n","protected":false},"excerpt":{"rendered":"<p>Das Fernbedienungsmodul ist eine praktische L\u00f6sung, die mit 2- und 4-fachen RF-Fernbedienungsoptionen eine drahtlose, schnelle und stabile Steuerung von Poolbeleuchtungssystemen erm\u00f6glicht.<\/p>\n","protected":false},"featured_media":4912,"comment_status":"open","ping_status":"closed","template":"","meta":{"_joinchat":[]},"product_brand":[],"product_cat":[81],"product_tag":[],"class_list":{"0":"post-4911","1":"product","2":"type-product","3":"status-publish","4":"has-post-thumbnail","6":"product_cat-steuerschaltschranke","8":"first","9":"instock","10":"shipping-taxable","11":"product-type-simple"},"_links":{"self":[{"href":"https:\/\/markapool.com\/de\/wp-json\/wp\/v2\/product\/4911","targetHints":{"allow":["GET"]}}],"collection":[{"href":"https:\/\/markapool.com\/de\/wp-json\/wp\/v2\/product"}],"about":[{"href":"https:\/\/markapool.com\/de\/wp-json\/wp\/v2\/types\/product"}],"replies":[{"embeddable":true,"href":"https:\/\/markapool.com\/de\/wp-json\/wp\/v2\/comments?post=4911"}],"wp:featuredmedia":[{"embeddable":true,"href":"https:\/\/markapool.com\/de\/wp-json\/wp\/v2\/media\/4912"}],"wp:attachment":[{"href":"https:\/\/markapool.com\/de\/wp-json\/wp\/v2\/media?parent=4911"}],"wp:term":[{"taxonomy":"product_brand","embeddable":true,"href":"https:\/\/markapool.com\/de\/wp-json\/wp\/v2\/product_brand?post=4911"},{"taxonomy":"product_cat","embeddable":true,"href":"https:\/\/markapool.com\/de\/wp-json\/wp\/v2\/product_cat?post=4911"},{"taxonomy":"product_tag","embeddable":true,"href":"https:\/\/markapool.com\/de\/wp-json\/wp\/v2\/product_tag?post=4911"}],"curies":[{"name":"wp","href":"https:\/\/api.w.org\/{rel}","templated":true}]}}