{"id":4937,"date":"2025-11-30T07:34:48","date_gmt":"2025-11-30T04:34:48","guid":{"rendered":"https:\/\/markapool.splusweb.com\/lux-monofaze\/"},"modified":"2025-12-26T22:44:25","modified_gmt":"2025-12-26T19:44:25","slug":"lux-einphasig","status":"publish","type":"product","link":"https:\/\/markapool.com\/de\/lux-einphasig\/","title":{"rendered":"Lux Einphasig"},"content":{"rendered":"<h2>Lux Einphasig<\/h2>\n<p>Lux-Einphasen-Steuerschaltschr\u00e4nke erm\u00f6glichen dank ihrer mit Komponenten der Marken Schneider und Salt verst\u00e4rkten Bauweise eine sichere und langlebige Steuerung von Poolpumpen und Beleuchtungssystemen. Motorschutz, Sch\u00fctz, Fehlerstromschutz, Sicherung und Lux-Timer sind bei allen Modellen serienm\u00e4\u00dfig enthalten.<\/p>\n<h3>Hinweis<\/h3>\n<ul>\n<li>Motorschutz + Sch\u00fctz + Fehlerstromschutz + Sicherung + Lux-Timer + Schneider- &amp; Salt-Komponenten<\/li>\n<\/ul>\n<h3>Modelloptionen<\/h3>\n<table width=\"263\">\n<tbody>\n<tr>\n<td width=\"263\">LUX EINPHASIG 220V 1\u20133 HP<\/td>\n<\/tr>\n<tr>\n<td>1 GR PUMPE 1 GR LAMPE FEHLERSTROM<\/td>\n<\/tr>\n<tr>\n<td>1 GR PUMPE 1 GR LAMPE FEHLERSTROM 1 TIMER<\/td>\n<\/tr>\n<tr>\n<td>1 GR PUMPE 1 GR LAMPE FEHLERSTROM 2 TIMER<\/td>\n<\/tr>\n<tr>\n<td>2 GR PUMPEN 1 GR LAMPE FEHLERSTROM<\/td>\n<\/tr>\n<tr>\n<td>2 GR PUMPEN 1 GR LAMPE FEHLERSTROM 1 TIMER<\/td>\n<\/tr>\n<tr>\n<td>2 GR PUMPEN 1 GR LAMPE FEHLERSTROM 2 TIMER<\/td>\n<\/tr>\n<tr>\n<td>2 GR PUMPEN 1 GR LAMPE FEHLERSTROM 3 TIMER<\/td>\n<\/tr>\n<tr>\n<td>3 GR PUMPEN 1 GR LAMPE FEHLERSTROM<\/td>\n<\/tr>\n<tr>\n<td>3 GR PUMPEN 1 GR LAMPE FEHLERSTROM 1 TIMER<\/td>\n<\/tr>\n<tr>\n<td>3 GR PUMPEN 1 GR LAMPE FEHLERSTROM 2 TIMER<\/td>\n<\/tr>\n<tr>\n<td>3 GR PUMPEN 1 GR LAMPE FEHLERSTROM 3 TIMER<\/td>\n<\/tr>\n<tr>\n<td>3 GR PUMPEN 1 GR LAMPE FEHLERSTROM 4 TIMER<\/td>\n<\/tr>\n<tr>\n<td>4 GR PUMPEN 1 GR LAMPE FEHLERSTROM<\/td>\n<\/tr>\n<tr>\n<td>4 GR PUMPEN 1 GR LAMPE FEHLERSTROM 1 TIMER<\/td>\n<\/tr>\n<tr>\n<td>4 GR PUMPEN 1 GR LAMPE FEHLERSTROM 2 TIMER<\/td>\n<\/tr>\n<tr>\n<td>4 GR PUMPEN 1 GR LAMPE FEHLERSTROM 3 TIMER<\/td>\n<\/tr>\n<tr>\n<td>4 GR PUMPEN 1 GR LAMPE FEHLERSTROM 4 TIMER<\/td>\n<\/tr>\n<tr>\n<td>4 GR PUMPEN 1 GR LAMPE FEHLERSTROM 5 TIMER<\/td>\n<\/tr>\n<tr>\n<td>FERNBEDIENUNG<\/td>\n<\/tr>\n<tr>\n<td>LEGRAND TIMER DIFFERENZ ST\u00dcCK<\/td>\n<\/tr>\n<tr>\n<td>D-THERMOSTAT<\/td>\n<\/tr>\n<tr>\n<td>TRANSFORMATOR 12 V 30A<\/td>\n<\/tr>\n<tr>\n<td>TRANSFORMATOR 12 V 17 A<\/td>\n<\/tr>\n<\/tbody>\n<\/table>\n","protected":false},"excerpt":{"rendered":"<p>Der Lux-Einphasen-Steuerschaltschrank ist eine hochwertige Pool-Automationsl\u00f6sung f\u00fcr 220V-Pumpen mit 1\u20133 HP, ausgestattet mit Motorschutz, Sch\u00fctz, Fehlerstromschutz, Sicherung und LUX-Timer-Struktur unter Verwendung von Schneider- und Salt-Komponenten.<\/p>\n","protected":false},"featured_media":4938,"comment_status":"open","ping_status":"closed","template":"","meta":{"_joinchat":[]},"product_brand":[],"product_cat":[81],"product_tag":[],"class_list":{"0":"post-4937","1":"product","2":"type-product","3":"status-publish","4":"has-post-thumbnail","6":"product_cat-steuerschaltschranke","8":"first","9":"instock","10":"shipping-taxable","11":"product-type-simple"},"_links":{"self":[{"href":"https:\/\/markapool.com\/de\/wp-json\/wp\/v2\/product\/4937","targetHints":{"allow":["GET"]}}],"collection":[{"href":"https:\/\/markapool.com\/de\/wp-json\/wp\/v2\/product"}],"about":[{"href":"https:\/\/markapool.com\/de\/wp-json\/wp\/v2\/types\/product"}],"replies":[{"embeddable":true,"href":"https:\/\/markapool.com\/de\/wp-json\/wp\/v2\/comments?post=4937"}],"wp:featuredmedia":[{"embeddable":true,"href":"https:\/\/markapool.com\/de\/wp-json\/wp\/v2\/media\/4938"}],"wp:attachment":[{"href":"https:\/\/markapool.com\/de\/wp-json\/wp\/v2\/media?parent=4937"}],"wp:term":[{"taxonomy":"product_brand","embeddable":true,"href":"https:\/\/markapool.com\/de\/wp-json\/wp\/v2\/product_brand?post=4937"},{"taxonomy":"product_cat","embeddable":true,"href":"https:\/\/markapool.com\/de\/wp-json\/wp\/v2\/product_cat?post=4937"},{"taxonomy":"product_tag","embeddable":true,"href":"https:\/\/markapool.com\/de\/wp-json\/wp\/v2\/product_tag?post=4937"}],"curies":[{"name":"wp","href":"https:\/\/api.w.org\/{rel}","templated":true}]}}