{"id":4972,"date":"2025-11-30T07:01:01","date_gmt":"2025-11-30T04:01:01","guid":{"rendered":"https:\/\/markapool.splusweb.com\/par-38-paslanmaz-armatur\/"},"modified":"2025-12-26T23:18:09","modified_gmt":"2025-12-26T20:18:09","slug":"par-38-edelstahlarmatur","status":"publish","type":"product","link":"https:\/\/markapool.com\/de\/par-38-edelstahlarmatur\/","title":{"rendered":"PAR 38 Edelstahlarmatur"},"content":{"rendered":"<h2>PAR 38 Edelstahlarmatur<\/h2>\n<p>Die PAR 38 Edelstahlarmatur bietet dank ihres hochfesten Edelstahlgeh\u00e4uses und der leistungsstarken LED-Technologie eine langlebige und zuverl\u00e4ssige L\u00f6sung f\u00fcr Unterwasser- und Au\u00dfenbeleuchtungen. Mit ihrer robusten Konstruktion, dem \u00e4sthetischen Erscheinungsbild und der vollst\u00e4ndigen Abdichtung gem\u00e4\u00df Schutzart IP68 kann sie sicher in professionellen Projekten eingesetzt werden.<\/p>\n<h3>Technische Daten<\/h3>\n<ul>\n<li>12 Volt DC Betriebsspannung<\/li>\n<li>IP68 Wasserdichtigkeitsstandard<\/li>\n<li>Power-LED-Technologie<\/li>\n<li>Schaltung mit Stromregelungseinheit<\/li>\n<li>Aluminium-PCB<\/li>\n<li>Verkabelung geeignet f\u00fcr RGB-Optionen<\/li>\n<li>30\u00b0- und 60\u00b0-Linsenoptionen<\/li>\n<li>Vollst\u00e4ndig aus Edelstahl gefertigtes Geh\u00e4use<\/li>\n<\/ul>\n<p>Mit ihrem widerstandsf\u00e4higen Edelstahlmaterial, der hohen Lichtleistung und der langlebigen Konstruktion wurde die PAR 38 Edelstahlarmatur entwickelt, um eine erstklassige Performance in Pool-, Zierbecken- und Landschaftsbeleuchtungen zu bieten.<\/p>\n<table width=\"385\">\n<tbody>\n<tr>\n<td width=\"50\">CODE<\/td>\n<td width=\"196\">PRODUKT<\/td>\n<td width=\"69\">LUMEN<\/td>\n<td width=\"70\">SPEZIFIKATION<\/td>\n<\/tr>\n<tr>\n<td>SKY378<\/td>\n<td>SMD WEISS\/WHITE<\/td>\n<td>1350<\/td>\n<td>DC 12V<\/td>\n<\/tr>\n<tr>\n<td>SKY379<\/td>\n<td>SMD BLAU\/BLUE<\/td>\n<td>350<\/td>\n<td>DC 12V<\/td>\n<\/tr>\n<tr>\n<td>SKY380<\/td>\n<td>SMD TAGESLICHT\/SUNRISE<\/td>\n<td>1350<\/td>\n<td>DC 12V<\/td>\n<\/tr>\n<tr>\n<td>SKY381<\/td>\n<td>SMD T\u00dcRKIS\/TURQUOISE<\/td>\n<td>400<\/td>\n<td>DC 12V<\/td>\n<\/tr>\n<tr>\n<td>SKY382<\/td>\n<td>SMD BLAU-WEISS\/BLUE-WHITE<\/td>\n<td>600<\/td>\n<td>DC 12V<\/td>\n<\/tr>\n<tr>\n<td>SKY383<\/td>\n<td>SMD GR\u00dcN\/GREEN<\/td>\n<td>600<\/td>\n<td>DC 12V<\/td>\n<\/tr>\n<tr>\n<td>SKY384<\/td>\n<td>SMD ROT\/RED<\/td>\n<td>600<\/td>\n<td>DC 12V<\/td>\n<\/tr>\n<tr>\n<td>SKY385<\/td>\n<td>SMD RGB (4-ADRIG)<\/td>\n<td>650<\/td>\n<td>DC 12V<\/td>\n<\/tr>\n<\/tbody>\n<\/table>\n","protected":false},"excerpt":{"rendered":"<p>Die PAR 38 Edelstahlarmatur bietet eine leistungsstarke und langlebige Beleuchtung mit 12V-Kompatibilit\u00e4t, IP68-Schutz, hocheffizienter Power-LED-Struktur, RGB-Optionen und einem robusten Edelstahlgeh\u00e4use.<\/p>\n","protected":false},"featured_media":4973,"comment_status":"open","ping_status":"closed","template":"","meta":{"_joinchat":[]},"product_brand":[],"product_cat":[73],"product_tag":[],"class_list":{"0":"post-4972","1":"product","2":"type-product","3":"status-publish","4":"has-post-thumbnail","6":"product_cat-poolbeleuchtung","8":"first","9":"instock","10":"shipping-taxable","11":"product-type-simple"},"_links":{"self":[{"href":"https:\/\/markapool.com\/de\/wp-json\/wp\/v2\/product\/4972","targetHints":{"allow":["GET"]}}],"collection":[{"href":"https:\/\/markapool.com\/de\/wp-json\/wp\/v2\/product"}],"about":[{"href":"https:\/\/markapool.com\/de\/wp-json\/wp\/v2\/types\/product"}],"replies":[{"embeddable":true,"href":"https:\/\/markapool.com\/de\/wp-json\/wp\/v2\/comments?post=4972"}],"wp:featuredmedia":[{"embeddable":true,"href":"https:\/\/markapool.com\/de\/wp-json\/wp\/v2\/media\/4973"}],"wp:attachment":[{"href":"https:\/\/markapool.com\/de\/wp-json\/wp\/v2\/media?parent=4972"}],"wp:term":[{"taxonomy":"product_brand","embeddable":true,"href":"https:\/\/markapool.com\/de\/wp-json\/wp\/v2\/product_brand?post=4972"},{"taxonomy":"product_cat","embeddable":true,"href":"https:\/\/markapool.com\/de\/wp-json\/wp\/v2\/product_cat?post=4972"},{"taxonomy":"product_tag","embeddable":true,"href":"https:\/\/markapool.com\/de\/wp-json\/wp\/v2\/product_tag?post=4972"}],"curies":[{"name":"wp","href":"https:\/\/api.w.org\/{rel}","templated":true}]}}