{"id":5000,"date":"2025-11-30T06:51:21","date_gmt":"2025-11-30T03:51:21","guid":{"rendered":"https:\/\/markapool.splusweb.com\/par-38-termoplastik-armatur\/"},"modified":"2025-12-26T23:32:23","modified_gmt":"2025-12-26T20:32:23","slug":"par-38-thermoplastik-armatur","status":"publish","type":"product","link":"https:\/\/markapool.com\/de\/par-38-thermoplastik-armatur\/","title":{"rendered":"PAR 38 Thermoplastik-Armatur"},"content":{"rendered":"<h2>PAR 38 Thermoplastik-Armatur (Wei\u00df)<\/h2>\n<p>Die PAR 38 Thermoplastik-Armatur bietet dank leistungsstarker Power-LED-Technologie und eines robusten, UV-additivierten Thermoplastikgeh\u00e4uses eine hohe Leistung f\u00fcr Pool- und Au\u00dfenbeleuchtungen. Die wei\u00dfe Ausf\u00fchrung sorgt f\u00fcr ein sauberes und modernes Erscheinungsbild. Mit der Schutzart IP68 kann sie auch unter anspruchsvollen Unterwasserbedingungen sicher eingesetzt werden.<\/p>\n<h3>Technische Daten<\/h3>\n<ul>\n<li>12 Volt DC Betriebsspannung<\/li>\n<li>IP68 Wasserdichtigkeitsstandard<\/li>\n<li>9 Watt Leistung<\/li>\n<li>Hocheffiziente Power-LED<\/li>\n<li>Schaltung mit Stromregelungseinheit<\/li>\n<li>Aluminium-PCB<\/li>\n<li>RGB-Optionen mit 2- und 4-adriger Verkabelung<\/li>\n<li>Originales UV-additiviertes, glasfaserverst\u00e4rktes Rohmaterial<\/li>\n<li>30\u00b0- und 60\u00b0-Linsenoptionen<\/li>\n<\/ul>\n<p>Mit ihrer langlebigen Thermoplastikstruktur, der hohen Lichtleistung und den langlebigen Komponenten ist die PAR 38 Thermoplastik-Armatur eine zuverl\u00e4ssige L\u00f6sung f\u00fcr professionelle Poolbeleuchtungsprojekte.<\/p>\n<table width=\"385\">\n<tbody>\n<tr>\n<td width=\"50\">CODE<\/td>\n<td width=\"196\">PRODUKT<\/td>\n<td width=\"69\">LUMEN<\/td>\n<td width=\"70\">SPEZIFIKATION<\/td>\n<\/tr>\n<tr>\n<td>SKY350<\/td>\n<td>SMD WEISS\/WHITE<\/td>\n<td>860<\/td>\n<td>DC 12V<\/td>\n<\/tr>\n<tr>\n<td>SKY351<\/td>\n<td>SMD BLAU\/BLUE<\/td>\n<td>500<\/td>\n<td>DC 12V<\/td>\n<\/tr>\n<tr>\n<td>SKY352<\/td>\n<td>SMD TAGESLICHT\/SUNRISE<\/td>\n<td>860<\/td>\n<td>DC 12V<\/td>\n<\/tr>\n<tr>\n<td>SKY353<\/td>\n<td>SMD T\u00dcRKIS\/TURQUOISE<\/td>\n<td>600<\/td>\n<td>DC 12V<\/td>\n<\/tr>\n<tr>\n<td>SKY354<\/td>\n<td>SMD BLAU-WEISS\/BLUE-WHITE<\/td>\n<td>600<\/td>\n<td>DC 12V<\/td>\n<\/tr>\n<tr>\n<td>SKY355<\/td>\n<td>SMD GR\u00dcN\/GREEN<\/td>\n<td>650<\/td>\n<td>DC 12V<\/td>\n<\/tr>\n<tr>\n<td>SKY356<\/td>\n<td>SMD ROT\/RED<\/td>\n<td>650<\/td>\n<td>DC 12V<\/td>\n<\/tr>\n<tr>\n<td>SKY357<\/td>\n<td>SMD RGB (4-ADRIG)<\/td>\n<td>650<\/td>\n<td>DC 12V<\/td>\n<\/tr>\n<tr>\n<td>SKY358<\/td>\n<td>SMD RGB FARBDREHEND (2-ADRIG)<\/td>\n<td>600<\/td>\n<td>DC 12V<\/td>\n<\/tr>\n<tr>\n<td>SKY359<\/td>\n<td>SMD RGB EIN\/AUS (2-ADRIG)<\/td>\n<td>600<\/td>\n<td>DC 12V<\/td>\n<\/tr>\n<\/tbody>\n<\/table>\n","protected":false},"excerpt":{"rendered":"<p>Die PAR 38 Thermoplastik-Armatur bietet eine leistungsstarke und langlebige Beleuchtung mit 12V-Kompatibilit\u00e4t, IP68-Schutz, 9W Power-LED-Struktur, RGB-Optionen und einem robusten, UV-additivierten Thermoplastikgeh\u00e4use.<\/p>\n","protected":false},"featured_media":5001,"comment_status":"open","ping_status":"closed","template":"","meta":{"_joinchat":[]},"product_brand":[],"product_cat":[73],"product_tag":[],"class_list":{"0":"post-5000","1":"product","2":"type-product","3":"status-publish","4":"has-post-thumbnail","6":"product_cat-poolbeleuchtung","8":"first","9":"instock","10":"shipping-taxable","11":"product-type-simple"},"_links":{"self":[{"href":"https:\/\/markapool.com\/de\/wp-json\/wp\/v2\/product\/5000","targetHints":{"allow":["GET"]}}],"collection":[{"href":"https:\/\/markapool.com\/de\/wp-json\/wp\/v2\/product"}],"about":[{"href":"https:\/\/markapool.com\/de\/wp-json\/wp\/v2\/types\/product"}],"replies":[{"embeddable":true,"href":"https:\/\/markapool.com\/de\/wp-json\/wp\/v2\/comments?post=5000"}],"wp:featuredmedia":[{"embeddable":true,"href":"https:\/\/markapool.com\/de\/wp-json\/wp\/v2\/media\/5001"}],"wp:attachment":[{"href":"https:\/\/markapool.com\/de\/wp-json\/wp\/v2\/media?parent=5000"}],"wp:term":[{"taxonomy":"product_brand","embeddable":true,"href":"https:\/\/markapool.com\/de\/wp-json\/wp\/v2\/product_brand?post=5000"},{"taxonomy":"product_cat","embeddable":true,"href":"https:\/\/markapool.com\/de\/wp-json\/wp\/v2\/product_cat?post=5000"},{"taxonomy":"product_tag","embeddable":true,"href":"https:\/\/markapool.com\/de\/wp-json\/wp\/v2\/product_tag?post=5000"}],"curies":[{"name":"wp","href":"https:\/\/api.w.org\/{rel}","templated":true}]}}