{"id":5028,"date":"2025-11-30T06:39:01","date_gmt":"2025-11-30T03:39:01","guid":{"rendered":"https:\/\/markapool.splusweb.com\/mini-spot-superfine-paslanmaz\/"},"modified":"2025-12-26T23:45:28","modified_gmt":"2025-12-26T20:45:28","slug":"mini-spot-superfine-edelstahl","status":"publish","type":"product","link":"https:\/\/markapool.com\/de\/mini-spot-superfine-edelstahl\/","title":{"rendered":"Mini-Spot Superfine (Edelstahl)"},"content":{"rendered":"<h2>Mini-Spot Superfine (Edelstahl)<\/h2>\n<p>Der Mini-Spot Superfine aus Edelstahl bietet dank seiner kompakten Abmessungen und des robusten Edelstahlgeh\u00e4uses eine langlebige Beleuchtungsl\u00f6sung f\u00fcr Unterwasser- und Au\u00dfenanwendungen. Dank der Samsung-LED-Technologie sorgt er bei geringem Energieverbrauch f\u00fcr eine hohe Effizienz. Mit der Schutzart IP68 kann er auch unter anspruchsvollen Bedingungen sicher eingesetzt werden.<\/p>\n<h3>Technische Daten<\/h3>\n<ul>\n<li>IP68 Wasserdichtigkeitsstandard<\/li>\n<li>DC 12 Volt Betriebsspannung<\/li>\n<li>1 Watt Leistungsaufnahme<\/li>\n<li>9 Samsung LEDs<\/li>\n<\/ul>\n<p>Dank seines Edelstahlgeh\u00e4uses, der hohen Widerstandsf\u00e4higkeit und des kompakten Designs ist der Mini-Spot Superfine aus Edelstahl eine ideale L\u00f6sung f\u00fcr Pool-, Zierbecken- und Landschaftsbeleuchtungen.<\/p>\n<table width=\"315\" aria-describedby=\"tablepress-85_info\">\n<tbody>\n<tr>\n<td width=\"50\">SKY320<\/td>\n<td width=\"196\">SMD WEISS\/WHITE<\/td>\n<td width=\"69\">DC 12V<\/td>\n<\/tr>\n<tr>\n<td>SKY321<\/td>\n<td>SMD BLAU\/BLUE<\/td>\n<td>DC 12V<\/td>\n<\/tr>\n<tr>\n<td>SKY322<\/td>\n<td>SMD GR\u00dcN\/GREEN<\/td>\n<td>DC 12V<\/td>\n<\/tr>\n<tr>\n<td>SKY323<\/td>\n<td>SMD ROT\/RED<\/td>\n<td>DC 12V<\/td>\n<\/tr>\n<tr>\n<td>SKY324<\/td>\n<td>SMD TAGESLICHT \/ SUNRISE<\/td>\n<td>DC 12V<\/td>\n<\/tr>\n<tr>\n<td>SKY325<\/td>\n<td>SMD AMBER<\/td>\n<td>DC 12V<\/td>\n<\/tr>\n<tr>\n<td>SKY326<\/td>\n<td>SMD RGB<\/td>\n<td>DC 12V<\/td>\n<\/tr>\n<tr>\n<td>SKY327<\/td>\n<td>EDELSTAHLRAHMEN<\/td>\n<td><\/td>\n<\/tr>\n<\/tbody>\n<\/table>\n","protected":false},"excerpt":{"rendered":"<p>Der Mini-Spot Superfine ist eine kompakte Punktbeleuchtungsl\u00f6sung mit IP68-Schutz, 12V-Kompatibilit\u00e4t, 1W Samsung-LEDs und einem robusten Edelstahlgeh\u00e4use.<\/p>\n","protected":false},"featured_media":5029,"comment_status":"open","ping_status":"closed","template":"","meta":{"_joinchat":[]},"product_brand":[],"product_cat":[73],"product_tag":[],"class_list":{"0":"post-5028","1":"product","2":"type-product","3":"status-publish","4":"has-post-thumbnail","6":"product_cat-poolbeleuchtung","8":"first","9":"instock","10":"shipping-taxable","11":"product-type-simple"},"_links":{"self":[{"href":"https:\/\/markapool.com\/de\/wp-json\/wp\/v2\/product\/5028","targetHints":{"allow":["GET"]}}],"collection":[{"href":"https:\/\/markapool.com\/de\/wp-json\/wp\/v2\/product"}],"about":[{"href":"https:\/\/markapool.com\/de\/wp-json\/wp\/v2\/types\/product"}],"replies":[{"embeddable":true,"href":"https:\/\/markapool.com\/de\/wp-json\/wp\/v2\/comments?post=5028"}],"wp:featuredmedia":[{"embeddable":true,"href":"https:\/\/markapool.com\/de\/wp-json\/wp\/v2\/media\/5029"}],"wp:attachment":[{"href":"https:\/\/markapool.com\/de\/wp-json\/wp\/v2\/media?parent=5028"}],"wp:term":[{"taxonomy":"product_brand","embeddable":true,"href":"https:\/\/markapool.com\/de\/wp-json\/wp\/v2\/product_brand?post=5028"},{"taxonomy":"product_cat","embeddable":true,"href":"https:\/\/markapool.com\/de\/wp-json\/wp\/v2\/product_cat?post=5028"},{"taxonomy":"product_tag","embeddable":true,"href":"https:\/\/markapool.com\/de\/wp-json\/wp\/v2\/product_tag?post=5028"}],"curies":[{"name":"wp","href":"https:\/\/api.w.org\/{rel}","templated":true}]}}