{"id":5037,"date":"2025-11-30T06:35:17","date_gmt":"2025-11-30T03:35:17","guid":{"rendered":"https:\/\/markapool.splusweb.com\/mini-spot-superfine-beyaz\/"},"modified":"2025-12-26T23:48:58","modified_gmt":"2025-12-26T20:48:58","slug":"mini-spot-superfine-weiss","status":"publish","type":"product","link":"https:\/\/markapool.com\/de\/mini-spot-superfine-weiss\/","title":{"rendered":"Mini-Spot Superfine (Wei\u00df)"},"content":{"rendered":"<h2>Mini-Spot Superfine (Wei\u00df)<\/h2>\n<p>Der Mini-Spot Superfine in Wei\u00df ist dank seiner kompakten Abmessungen und der hocheffizienten LED-Struktur eine ideale L\u00f6sung f\u00fcr dekorative, punktuelle und Unterwasserbeleuchtungen. Die wei\u00dfe Geh\u00e4usefarbe passt sich modernen Anwendungen harmonisch an. Mit der Schutzart IP68 kann er sowohl im Innen- als auch im Au\u00dfenbereich sicher eingesetzt werden.<\/p>\n<h3>Technische Daten<\/h3>\n<ul>\n<li>IP68 Wasserdichtigkeitsstandard<\/li>\n<li>DC 12 Volt Betriebsspannung<\/li>\n<li>2 Watt Leistungsaufnahme<\/li>\n<li>18 Samsung LEDs<\/li>\n<\/ul>\n<p>Der Mini-Spot Superfine in Wei\u00df bietet dank seines geringen Energieverbrauchs, der hohen Lichtleistung und der langlebigen Bauweise eine effektive Beleuchtung f\u00fcr Pool-, Zierbecken-, Landschafts- und dekorative Anwendungen.<\/p>\n<table width=\"315\">\n<tbody>\n<tr>\n<td width=\"50\">CODE<\/td>\n<td width=\"196\">PRODUKT<\/td>\n<td width=\"69\">SPEZIFIKATION<\/td>\n<\/tr>\n<tr>\n<td>SKY312<\/td>\n<td>SMD WEISS\/WHITE<\/td>\n<td>DC 12V<\/td>\n<\/tr>\n<tr>\n<td>SKY313<\/td>\n<td>SMD BLAU\/BLUE<\/td>\n<td>DC 12V<\/td>\n<\/tr>\n<tr>\n<td>SKY314<\/td>\n<td>SMD GR\u00dcN\/GREEN<\/td>\n<td>DC 12V<\/td>\n<\/tr>\n<tr>\n<td>SKY315<\/td>\n<td>SMD ROT\/RED<\/td>\n<td>DC 12V<\/td>\n<\/tr>\n<tr>\n<td>SKY316<\/td>\n<td>SMD TAGESLICHT \/ SUNRISE<\/td>\n<td>DC 12V<\/td>\n<\/tr>\n<tr>\n<td>SKY317<\/td>\n<td>SMD AMBER<\/td>\n<td>DC 12V<\/td>\n<\/tr>\n<tr>\n<td>SKY318<\/td>\n<td>SMD RGB<\/td>\n<td>DC 12V<\/td>\n<\/tr>\n<tr>\n<td>SKY319<\/td>\n<td>EDELSTAHLRAHMEN<\/td>\n<td><\/td>\n<\/tr>\n<\/tbody>\n<\/table>\n","protected":false},"excerpt":{"rendered":"<p>Der Mini-Spot Superfine bietet eine kompakte, effiziente und dekorative Punktbeleuchtung mit IP68-Schutz, 12V-Kompatibilit\u00e4t, 2W Leistung und Samsung-LED-Struktur.<\/p>\n","protected":false},"featured_media":5038,"comment_status":"open","ping_status":"closed","template":"","meta":{"_joinchat":[]},"product_brand":[],"product_cat":[73],"product_tag":[],"class_list":{"0":"post-5037","1":"product","2":"type-product","3":"status-publish","4":"has-post-thumbnail","6":"product_cat-poolbeleuchtung","8":"first","9":"instock","10":"shipping-taxable","11":"product-type-simple"},"_links":{"self":[{"href":"https:\/\/markapool.com\/de\/wp-json\/wp\/v2\/product\/5037","targetHints":{"allow":["GET"]}}],"collection":[{"href":"https:\/\/markapool.com\/de\/wp-json\/wp\/v2\/product"}],"about":[{"href":"https:\/\/markapool.com\/de\/wp-json\/wp\/v2\/types\/product"}],"replies":[{"embeddable":true,"href":"https:\/\/markapool.com\/de\/wp-json\/wp\/v2\/comments?post=5037"}],"wp:featuredmedia":[{"embeddable":true,"href":"https:\/\/markapool.com\/de\/wp-json\/wp\/v2\/media\/5038"}],"wp:attachment":[{"href":"https:\/\/markapool.com\/de\/wp-json\/wp\/v2\/media?parent=5037"}],"wp:term":[{"taxonomy":"product_brand","embeddable":true,"href":"https:\/\/markapool.com\/de\/wp-json\/wp\/v2\/product_brand?post=5037"},{"taxonomy":"product_cat","embeddable":true,"href":"https:\/\/markapool.com\/de\/wp-json\/wp\/v2\/product_cat?post=5037"},{"taxonomy":"product_tag","embeddable":true,"href":"https:\/\/markapool.com\/de\/wp-json\/wp\/v2\/product_tag?post=5037"}],"curies":[{"name":"wp","href":"https:\/\/api.w.org\/{rel}","templated":true}]}}