{"id":5057,"date":"2025-11-30T06:25:56","date_gmt":"2025-11-30T03:25:56","guid":{"rendered":"https:\/\/markapool.splusweb.com\/2002-komple-armatur-kasa-cap-23cm-cerceve-30cm\/"},"modified":"2025-12-26T23:59:18","modified_gmt":"2025-12-26T20:59:18","slug":"2002-komplettarmatur-gehaeusedurchmesser-23-cm-rahmen-30-cm","status":"publish","type":"product","link":"https:\/\/markapool.com\/de\/2002-komplettarmatur-gehaeusedurchmesser-23-cm-rahmen-30-cm\/","title":{"rendered":"2002 Komplettarmatur (Geh\u00e4usedurchmesser 23 cm, Rahmen 30 cm)"},"content":{"rendered":"<h2>2002 Komplettarmatur<\/h2>\n<p>Die 2002 Komplettarmatur mit einem Geh\u00e4usedurchmesser von 23 cm und einem Rahmenma\u00df von 30 cm bietet dank hoher Lichtausbeute, Samsung SMD-LED-Technologie und robuster Geh\u00e4usestruktur eine herausragende Leistung f\u00fcr Poolbeleuchtungen. Mit der Schutzart IP68 gew\u00e4hrleistet sie \u00fcber viele Jahre einen sicheren Einsatz unter anspruchsvollen Unterwasserbedingungen.<\/p>\n<h3>Technische Daten<\/h3>\n<ul>\n<li>12 Volt Betriebsspannung (Leistungsoptionen 30W, 36W und 44W)<\/li>\n<li>IP68 Wasserdichtigkeitsstandard<\/li>\n<li>Aluminium-PCB mit hoher Leitf\u00e4higkeit<\/li>\n<li>Schaltung mit Stromregelungseinheit<\/li>\n<li>90 oder 108 Samsung SMD LEDs<\/li>\n<li>RGB-Optionen mit 2-, 4- und 5-adriger Verkabelung<\/li>\n<li>Originales schlagfestes, langlebiges Rohmaterial mit UV- und Antioxidationsadditiven<\/li>\n<li>2 Meter Kabell\u00e4nge<\/li>\n<li>316 Edelstahl-Schraubkomponenten<\/li>\n<\/ul>\n<p>Mit ihrer breiten Rahmenkonstruktion, der starken Lichtleistung und der hohen Widerstandsf\u00e4higkeit z\u00e4hlt die 2002 Komplettarmatur zu den bevorzugten Modellen in professionellen Poolprojekten.<\/p>\n<table width=\"368\">\n<tbody>\n<tr>\n<td width=\"50\">CODE<\/td>\n<td width=\"196\">PRODUKT<\/td>\n<td width=\"52\">LUMEN<\/td>\n<td width=\"70\">SPEZIFIKATION<\/td>\n<\/tr>\n<tr>\n<td>SKY280<\/td>\n<td>SMD WEISS\/WHITE<\/td>\n<td>5000<\/td>\n<td>AC-DC 12V<\/td>\n<\/tr>\n<tr>\n<td>SKY281<\/td>\n<td>SMD BLAU\/BLUE<\/td>\n<td>550<\/td>\n<td>AC-DC 12V<\/td>\n<\/tr>\n<tr>\n<td>SKY282<\/td>\n<td>SMD TAGESLICHT\/SUNRISE<\/td>\n<td>5000<\/td>\n<td>AC-DC 12V<\/td>\n<\/tr>\n<tr>\n<td>SKY283<\/td>\n<td>SMD T\u00dcRKIS\/TURQUOISE<\/td>\n<td>1750<\/td>\n<td>AC-DC 12V<\/td>\n<\/tr>\n<tr>\n<td>SKY284<\/td>\n<td>SMD BLAU-WEISS\/BLUE-WHITE<\/td>\n<td>3000<\/td>\n<td>AC-DC 12V<\/td>\n<\/tr>\n<tr>\n<td>SKY285<\/td>\n<td>SMD GR\u00dcN\/GREEN<\/td>\n<td>1800<\/td>\n<td>AC-DC 12V<\/td>\n<\/tr>\n<tr>\n<td>SKY286<\/td>\n<td>SMD ROT\/RED<\/td>\n<td>1800<\/td>\n<td>AC-DC 12V<\/td>\n<\/tr>\n<tr>\n<td>SKY287<\/td>\n<td>SMD RGB (4-ADRIG)<\/td>\n<td>1250<\/td>\n<td>DC 12V<\/td>\n<\/tr>\n<tr>\n<td>SKY288<\/td>\n<td>SMD RGB FARBDREHEND (2-ADRIG)<\/td>\n<td>1250<\/td>\n<td>AC-DC 12V<\/td>\n<\/tr>\n<tr>\n<td>SKY289<\/td>\n<td>SMD RGB EIN\/AUS (2-ADRIG)<\/td>\n<td>1250<\/td>\n<td>DC 12V<\/td>\n<\/tr>\n<tr>\n<td>SKY290<\/td>\n<td>EDELSTAHLRAHMEN<\/td>\n<td><\/td>\n<td><\/td>\n<\/tr>\n<tr>\n<td>SKY291<\/td>\n<td>FARBIGER RAHMEN<\/td>\n<td><\/td>\n<td><\/td>\n<\/tr>\n<tr>\n<td>SKY292<\/td>\n<td>SMD WEISS\/WHITE<\/td>\n<td>6000<\/td>\n<td>AC-DC 12V<\/td>\n<\/tr>\n<tr>\n<td>SKY293<\/td>\n<td>SMD BLAU\/BLUE<\/td>\n<td>1000<\/td>\n<td>AC-DC 12V<\/td>\n<\/tr>\n<tr>\n<td>SKY294<\/td>\n<td>SMD TAGESLICHT\/SUNRISE<\/td>\n<td>6000<\/td>\n<td>AC-DC 12V<\/td>\n<\/tr>\n<tr>\n<td>SKY295<\/td>\n<td>SMD T\u00dcRKIS\/TURQUOISE<\/td>\n<td>2250<\/td>\n<td>AC-DC 12V<\/td>\n<\/tr>\n<tr>\n<td>SKY296<\/td>\n<td>SMD BLAU-WEISS\/BLUE-WHITE<\/td>\n<td>3500<\/td>\n<td>AC-DC 12V<\/td>\n<\/tr>\n<tr>\n<td>SKY297<\/td>\n<td>SMD GR\u00dcN\/GREEN<\/td>\n<td>2250<\/td>\n<td>AC-DC 12V<\/td>\n<\/tr>\n<tr>\n<td>SKY298<\/td>\n<td>SMD ROT\/RED<\/td>\n<td>2250<\/td>\n<td>AC-DC 12V<\/td>\n<\/tr>\n<tr>\n<td>SKY299<\/td>\n<td>SMD RGB (4-ADRIG)<\/td>\n<td>1600<\/td>\n<td>DC 12V<\/td>\n<\/tr>\n<tr>\n<td>SKY300<\/td>\n<td>SMD RGB FARBDREHEND (2-ADRIG)<\/td>\n<td>1600<\/td>\n<td>AC-DC 12V<\/td>\n<\/tr>\n<tr>\n<td>SKY301<\/td>\n<td>SMD RGB EIN\/AUS (2-ADRIG)<\/td>\n<td>1600<\/td>\n<td>DC 12V<\/td>\n<\/tr>\n<tr>\n<td>SKY302<\/td>\n<td>EDELSTAHLRAHMEN<\/td>\n<td><\/td>\n<td><\/td>\n<\/tr>\n<tr>\n<td>SKY303<\/td>\n<td>FARBIGER RAHMEN<\/td>\n<td><\/td>\n<td><\/td>\n<\/tr>\n<\/tbody>\n<\/table>\n","protected":false},"excerpt":{"rendered":"<p>Die 2002 Komplettarmatur ist eine robuste Poolbeleuchtungsl\u00f6sung mit 12V-Kompatibilit\u00e4t, Leistungsoptionen von 30\u201344W, Samsung-LEDs, RGB-Unterst\u00fctzung, IP68-Schutz und einer langlebigen Konstruktion mit 316 Edelstahl-Schraubkomponenten.<\/p>\n","protected":false},"featured_media":5058,"comment_status":"open","ping_status":"closed","template":"","meta":{"_joinchat":[]},"product_brand":[],"product_cat":[73],"product_tag":[],"class_list":{"0":"post-5057","1":"product","2":"type-product","3":"status-publish","4":"has-post-thumbnail","6":"product_cat-poolbeleuchtung","8":"first","9":"instock","10":"shipping-taxable","11":"product-type-simple"},"_links":{"self":[{"href":"https:\/\/markapool.com\/de\/wp-json\/wp\/v2\/product\/5057","targetHints":{"allow":["GET"]}}],"collection":[{"href":"https:\/\/markapool.com\/de\/wp-json\/wp\/v2\/product"}],"about":[{"href":"https:\/\/markapool.com\/de\/wp-json\/wp\/v2\/types\/product"}],"replies":[{"embeddable":true,"href":"https:\/\/markapool.com\/de\/wp-json\/wp\/v2\/comments?post=5057"}],"wp:featuredmedia":[{"embeddable":true,"href":"https:\/\/markapool.com\/de\/wp-json\/wp\/v2\/media\/5058"}],"wp:attachment":[{"href":"https:\/\/markapool.com\/de\/wp-json\/wp\/v2\/media?parent=5057"}],"wp:term":[{"taxonomy":"product_brand","embeddable":true,"href":"https:\/\/markapool.com\/de\/wp-json\/wp\/v2\/product_brand?post=5057"},{"taxonomy":"product_cat","embeddable":true,"href":"https:\/\/markapool.com\/de\/wp-json\/wp\/v2\/product_cat?post=5057"},{"taxonomy":"product_tag","embeddable":true,"href":"https:\/\/markapool.com\/de\/wp-json\/wp\/v2\/product_tag?post=5057"}],"curies":[{"name":"wp","href":"https:\/\/api.w.org\/{rel}","templated":true}]}}