{"id":5095,"date":"2025-11-30T05:49:19","date_gmt":"2025-11-30T02:49:19","guid":{"rendered":"https:\/\/markapool.splusweb.com\/slim-flat-kare-cerceve-23-cm\/"},"modified":"2025-12-27T00:20:09","modified_gmt":"2025-12-26T21:20:09","slug":"slim-flat-quadratischer-rahmen-23-cm","status":"publish","type":"product","link":"https:\/\/markapool.com\/de\/slim-flat-quadratischer-rahmen-23-cm\/","title":{"rendered":"Slim Flat Quadratischer Rahmen (23 cm)"},"content":{"rendered":"<h2>Slim Flat Quadratischer Rahmen (23 cm)<\/h2>\n<p>Der Slim Flat quadratische LED-Strahler mit einem Rahmendurchmesser von 23 cm bietet dank seiner robusten Konstruktion und der hocheffizienten Samsung-LED-Technologie eine herausragende Leistung f\u00fcr Pool- und Au\u00dfenbeleuchtungen. Durch das \u00e4sthetische quadratische Design ist er eine ideale Wahl f\u00fcr Projekte mit modernem Erscheinungsbild.<\/p>\n<h3>Technische Daten<\/h3>\n<ul>\n<li>12 Volt Betriebsspannung (Leistungsoptionen 30W, 36W und 44W)<\/li>\n<li>IP68 Wasserdichtigkeitsstandard<\/li>\n<li>Aluminium-PCB mit hoher Leitf\u00e4higkeit<\/li>\n<li>Schaltung mit Stromregelungseinheit<\/li>\n<li>90 oder 108 Samsung SMD LEDs<\/li>\n<li>RGB-Optionen mit 2-, 4- und 5-adriger Verkabelung<\/li>\n<li>Originales schlagfestes, langlebiges Rohmaterial mit UV- und Antioxidationsadditiven<\/li>\n<li>2 Meter Kabell\u00e4nge<\/li>\n<li>316 Edelstahl-Schraubkomponenten<\/li>\n<\/ul>\n<p>Der Slim Flat quadratische Strahler ist dank seiner stabilen Bauweise, der hohen Lichtausbeute und des modernen Designs eine zuverl\u00e4ssige L\u00f6sung f\u00fcr professionelle Poolbeleuchtungen.<\/p>\n<table width=\"390\">\n<tbody>\n<tr>\n<td width=\"50\">CODE<\/td>\n<td width=\"218\">PRODUKT\/PRODUCT SAMSUNG<\/td>\n<td width=\"52\">LUMEN<\/td>\n<td width=\"70\">SPEZIFIKATION<\/td>\n<\/tr>\n<tr>\n<td>SKY244<\/td>\n<td>SMD WEISS\/WHITE<\/td>\n<td>5000<\/td>\n<td>AC-DC 12V<\/td>\n<\/tr>\n<tr>\n<td>SKY245<\/td>\n<td>SMD BLAU\/BLUE<\/td>\n<td>550<\/td>\n<td>AC-DC 12V<\/td>\n<\/tr>\n<tr>\n<td>SKY246<\/td>\n<td>SMD TAGESLICHT\/SUNRISE<\/td>\n<td>5000<\/td>\n<td>AC-DC 12V<\/td>\n<\/tr>\n<tr>\n<td>SKY247<\/td>\n<td>SMD T\u00dcRKIS\/TURQUOISE<\/td>\n<td>1750<\/td>\n<td>AC-DC 12V<\/td>\n<\/tr>\n<tr>\n<td>SKY248<\/td>\n<td>SMD BLAU-WEISS\/BLUE-WHITE<\/td>\n<td>3000<\/td>\n<td>AC-DC 12V<\/td>\n<\/tr>\n<tr>\n<td>SKY249<\/td>\n<td>SMD GR\u00dcN\/GREEN<\/td>\n<td>1800<\/td>\n<td>AC-DC 12V<\/td>\n<\/tr>\n<tr>\n<td>SKY250<\/td>\n<td>SMD ROT\/RED<\/td>\n<td>1800<\/td>\n<td>AC-DC 12V<\/td>\n<\/tr>\n<tr>\n<td>SKY251<\/td>\n<td>SMD RGB (4-ADRIG)<\/td>\n<td>1250<\/td>\n<td>DC 12V<\/td>\n<\/tr>\n<tr>\n<td>SKY252<\/td>\n<td>SMD RGB FARBDREHEND (2-ADRIG)<\/td>\n<td>1250<\/td>\n<td>AC-DC 12V<\/td>\n<\/tr>\n<tr>\n<td>SKY253<\/td>\n<td>SMD RGB FARBDREHEND (2-ADRIG)<\/td>\n<td>1250<\/td>\n<td>DC 12V<\/td>\n<\/tr>\n<tr>\n<td>SKY254<\/td>\n<td>SMD RGB WHITE (5-ADRIG) NEW<\/td>\n<td>5000<\/td>\n<td>DC 12V<\/td>\n<\/tr>\n<tr>\n<td>SKY255<\/td>\n<td>SMD RGB SUNRISE (5-ADRIG) NEW<\/td>\n<td>5000<\/td>\n<td>DC 12V<\/td>\n<\/tr>\n<tr>\n<td>SKY256<\/td>\n<td>FARBIGER RAHMEN<\/td>\n<td><\/td>\n<td><\/td>\n<\/tr>\n<tr>\n<td>SKY257<\/td>\n<td>SMD WEISS\/WHITE<\/td>\n<td>6000<\/td>\n<td>AC-DC 12V<\/td>\n<\/tr>\n<tr>\n<td>SKY258<\/td>\n<td>SMD BLAU\/BLUE<\/td>\n<td>1000<\/td>\n<td>AC-DC 12V<\/td>\n<\/tr>\n<tr>\n<td>SKY259<\/td>\n<td>SMD TAGESLICHT\/SUNRISE<\/td>\n<td>6000<\/td>\n<td>AC-DC 12V<\/td>\n<\/tr>\n<tr>\n<td>SKY260<\/td>\n<td>SMD T\u00dcRKIS\/TURQUOISE<\/td>\n<td>2250<\/td>\n<td>AC-DC 12V<\/td>\n<\/tr>\n<tr>\n<td>SKY261<\/td>\n<td>SMD BLAU-WEISS\/BLUE-WHITE<\/td>\n<td>3500<\/td>\n<td>AC-DC 12V<\/td>\n<\/tr>\n<tr>\n<td>SKY262<\/td>\n<td>SMD GR\u00dcN\/GREEN<\/td>\n<td>2250<\/td>\n<td>AC-DC 12V<\/td>\n<\/tr>\n<tr>\n<td>SKY263<\/td>\n<td>SMD ROT\/RED<\/td>\n<td>2250<\/td>\n<td>AC-DC 12V<\/td>\n<\/tr>\n<tr>\n<td>SKY264<\/td>\n<td>SMD RGB (4-ADRIG)<\/td>\n<td>1600<\/td>\n<td>DC 12V<\/td>\n<\/tr>\n<tr>\n<td>SKY265<\/td>\n<td>SMD RGB FARBDREHEND (2-ADRIG)<\/td>\n<td>1600<\/td>\n<td>AC-DC 12V<\/td>\n<\/tr>\n<tr>\n<td>SKY266<\/td>\n<td>SMD RGB FARBDREHEND (2-ADRIG)<\/td>\n<td>1600<\/td>\n<td>DC 12V<\/td>\n<\/tr>\n<tr>\n<td>SKY267<\/td>\n<td>SMD RGB WHITE (5-ADRIG) NEW<\/td>\n<td>6000<\/td>\n<td>DC 12V<\/td>\n<\/tr>\n<tr>\n<td>SKY268<\/td>\n<td>SMD RGB SUNRISE (5-ADRIG) NEW<\/td>\n<td>6000<\/td>\n<td>DC 12V<\/td>\n<\/tr>\n<tr>\n<td>SKY269<\/td>\n<td>FARBIGER RAHMEN<\/td>\n<td><\/td>\n<td><\/td>\n<\/tr>\n<\/tbody>\n<\/table>\n","protected":false},"excerpt":{"rendered":"<article class=\"text-token-text-primary w-full focus:outline-none [--shadow-height:45px] has-data-writing-block:pointer-events-none has-data-writing-block:-mt-(--shadow-height) has-data-writing-block:pt-(--shadow-height) [&amp;:has([data-writing-block])&gt;*]:pointer-events-auto scroll-mt-[calc(var(--header-height)+min(200px,max(70px,20svh)))]\" dir=\"auto\" tabindex=\"-1\" data-turn-id=\"e3a94852-0718-4cfb-a2f7-5042f6f67cbf\" data-testid=\"conversation-turn-28\" data-scroll-anchor=\"true\" data-turn=\"assistant\">\n<div class=\"text-base my-auto mx-auto pb-10 [--thread-content-margin:--spacing(4)] thread-sm:[--thread-content-margin:--spacing(6)] thread-lg:[--thread-content-margin:--spacing(16)] px-(--thread-content-margin)\">\n<div class=\"[--thread-content-max-width:40rem] thread-lg:[--thread-content-max-width:48rem] mx-auto max-w-(--thread-content-max-width) flex-1 group\/turn-messages focus-visible:outline-hidden relative flex w-full min-w-0 flex-col agent-turn\" tabindex=\"-1\">\n<div class=\"flex max-w-full flex-col grow\">\n<div class=\"min-h-8 text-message relative flex w-full flex-col items-end gap-2 text-start break-words whitespace-normal [.text-message+&amp;]:mt-1\" dir=\"auto\" data-message-author-role=\"assistant\" data-message-id=\"f75e5a35-01f0-42b7-85a1-674a7a275003\" data-message-model-slug=\"gpt-5-1\">\n<div class=\"flex w-full flex-col gap-1 empty:hidden first:pt-[1px]\">\n<div class=\"markdown prose dark:prose-invert w-full break-words dark markdown-new-styling\">\n<p data-start=\"0\" data-end=\"169\" data-is-last-node=\"\" data-is-only-node=\"\">Der Slim Flat quadratische Rahmen ist eine langlebige Beleuchtungsl\u00f6sung mit 12V-Kompatibilit\u00e4t, Leistungsoptionen von 30\u201344W, Samsung-LED-Technologie, RGB-Unterst\u00fctzung, IP68-Schutz und 316 Edelstahl-Schraubkomponenten.<\/p>\n<\/div>\n<\/div>\n<\/div>\n<\/div>\n<\/div>\n<\/div>\n<\/article>\n","protected":false},"featured_media":5096,"comment_status":"open","ping_status":"closed","template":"","meta":{"_joinchat":[]},"product_brand":[],"product_cat":[73],"product_tag":[],"class_list":{"0":"post-5095","1":"product","2":"type-product","3":"status-publish","4":"has-post-thumbnail","6":"product_cat-poolbeleuchtung","8":"first","9":"instock","10":"shipping-taxable","11":"product-type-simple"},"_links":{"self":[{"href":"https:\/\/markapool.com\/de\/wp-json\/wp\/v2\/product\/5095","targetHints":{"allow":["GET"]}}],"collection":[{"href":"https:\/\/markapool.com\/de\/wp-json\/wp\/v2\/product"}],"about":[{"href":"https:\/\/markapool.com\/de\/wp-json\/wp\/v2\/types\/product"}],"replies":[{"embeddable":true,"href":"https:\/\/markapool.com\/de\/wp-json\/wp\/v2\/comments?post=5095"}],"wp:featuredmedia":[{"embeddable":true,"href":"https:\/\/markapool.com\/de\/wp-json\/wp\/v2\/media\/5096"}],"wp:attachment":[{"href":"https:\/\/markapool.com\/de\/wp-json\/wp\/v2\/media?parent=5095"}],"wp:term":[{"taxonomy":"product_brand","embeddable":true,"href":"https:\/\/markapool.com\/de\/wp-json\/wp\/v2\/product_brand?post=5095"},{"taxonomy":"product_cat","embeddable":true,"href":"https:\/\/markapool.com\/de\/wp-json\/wp\/v2\/product_cat?post=5095"},{"taxonomy":"product_tag","embeddable":true,"href":"https:\/\/markapool.com\/de\/wp-json\/wp\/v2\/product_tag?post=5095"}],"curies":[{"name":"wp","href":"https:\/\/api.w.org\/{rel}","templated":true}]}}