{"id":5103,"date":"2025-11-26T12:56:03","date_gmt":"2025-11-26T09:56:03","guid":{"rendered":"https:\/\/markapool.splusweb.com\/mini-slim-flat-cap-125cm-yukselik-25mm\/"},"modified":"2025-12-27T00:25:31","modified_gmt":"2025-12-26T21:25:31","slug":"mini-slim-flat-durchmesser-125-cm-hoehe-25-mm","status":"publish","type":"product","link":"https:\/\/markapool.com\/de\/mini-slim-flat-durchmesser-125-cm-hoehe-25-mm\/","title":{"rendered":"Mini Slim Flat (Durchmesser 12,5 cm, H\u00f6he 25 mm)"},"content":{"rendered":"<h2>Mini Slim Flat<\/h2>\n<p>Die Mini Slim Flat LED-Armatur mit einem Durchmesser von 12,5 cm und einer H\u00f6he von 25 mm bietet dank ihrer kompakten Bauweise, der hohen Lichtausbeute und der Samsung-LED-Technologie eine ideale L\u00f6sung f\u00fcr Pool- und Au\u00dfenbeleuchtungen. Mit verschiedenen Farboptionen und RGB-Alternativen erm\u00f6glicht sie einen vielseitigen Einsatz.<\/p>\n<p>Dank ihrer kompakten Abmessungen, der hocheffizienten LED-Struktur und der unterschiedlichen Farbvarianten ist die Mini Slim Flat Armatur eine ausgezeichnete Wahl f\u00fcr Schwimmbecken und dekorative Wasserbeleuchtungen.<\/p>\n<table width=\"394\">\n<tbody>\n<tr>\n<td width=\"42\">CODE<\/td>\n<td width=\"230\">PRODUKT\/PRODUCT SAMSUNG<\/td>\n<td width=\"52\">LUMEN<\/td>\n<td width=\"70\">SPEZIFIKATION<\/td>\n<\/tr>\n<tr>\n<td>SKY233<\/td>\n<td>SMD WEISS\/WHITE<\/td>\n<td>760<\/td>\n<td>AC-DC 12V<\/td>\n<\/tr>\n<tr>\n<td>SKY234<\/td>\n<td>SMD BLAU\/BLUE<\/td>\n<td>300<\/td>\n<td>AC-DC 12V<\/td>\n<\/tr>\n<tr>\n<td>SKY235<\/td>\n<td>SMD TAGESLICHT\/SUNRISE<\/td>\n<td>750<\/td>\n<td>AC-DC 12V<\/td>\n<\/tr>\n<tr>\n<td>SKY236<\/td>\n<td>SMD T\u00dcRKIS\/TURQUOISE<\/td>\n<td>550<\/td>\n<td>AC-DC 12V<\/td>\n<\/tr>\n<tr>\n<td>SKY237<\/td>\n<td>SMD GR\u00dcN\/GREEN<\/td>\n<td>450<\/td>\n<td>AC-DC 12V<\/td>\n<\/tr>\n<tr>\n<td>SKY238<\/td>\n<td>SMD ROT\/RED<\/td>\n<td>450<\/td>\n<td>AC-DC 12V<\/td>\n<\/tr>\n<tr>\n<td>SKY239<\/td>\n<td>SMD RGB (4-ADRIG)<\/td>\n<td>450<\/td>\n<td>DC 12V<\/td>\n<\/tr>\n<tr>\n<td>SKY240<\/td>\n<td>SMD RGB FARBDREHEND (2-ADRIG)<\/td>\n<td>450<\/td>\n<td>AC-DC 12V<\/td>\n<\/tr>\n<tr>\n<td>SKY241<\/td>\n<td>SMD RGB EIN\/AUS (2-ADRIG)<\/td>\n<td>450<\/td>\n<td>DC 12V<\/td>\n<\/tr>\n<tr>\n<td>SKY242<\/td>\n<td>EDELSTAHLRAHMEN<\/td>\n<td><\/td>\n<td><\/td>\n<\/tr>\n<tr>\n<td>SKY243<\/td>\n<td>FARBIGER RAHMEN<\/td>\n<td><\/td>\n<td><\/td>\n<\/tr>\n<\/tbody>\n<\/table>\n","protected":false},"excerpt":{"rendered":"<p>Die Mini Slim Flat Armatur ist eine ideale Poolbeleuchtungsl\u00f6sung mit einem kompakten Durchmesser von 12,5 cm, Einzelfarben- und RGB-Optionen, hocheffizienten SMD-LEDs und 12V-Kompatibilit\u00e4t.<\/p>\n","protected":false},"featured_media":5104,"comment_status":"open","ping_status":"closed","template":"","meta":{"_joinchat":[]},"product_brand":[],"product_cat":[73],"product_tag":[],"class_list":{"0":"post-5103","1":"product","2":"type-product","3":"status-publish","4":"has-post-thumbnail","6":"product_cat-poolbeleuchtung","8":"first","9":"instock","10":"shipping-taxable","11":"product-type-simple"},"_links":{"self":[{"href":"https:\/\/markapool.com\/de\/wp-json\/wp\/v2\/product\/5103","targetHints":{"allow":["GET"]}}],"collection":[{"href":"https:\/\/markapool.com\/de\/wp-json\/wp\/v2\/product"}],"about":[{"href":"https:\/\/markapool.com\/de\/wp-json\/wp\/v2\/types\/product"}],"replies":[{"embeddable":true,"href":"https:\/\/markapool.com\/de\/wp-json\/wp\/v2\/comments?post=5103"}],"wp:featuredmedia":[{"embeddable":true,"href":"https:\/\/markapool.com\/de\/wp-json\/wp\/v2\/media\/5104"}],"wp:attachment":[{"href":"https:\/\/markapool.com\/de\/wp-json\/wp\/v2\/media?parent=5103"}],"wp:term":[{"taxonomy":"product_brand","embeddable":true,"href":"https:\/\/markapool.com\/de\/wp-json\/wp\/v2\/product_brand?post=5103"},{"taxonomy":"product_cat","embeddable":true,"href":"https:\/\/markapool.com\/de\/wp-json\/wp\/v2\/product_cat?post=5103"},{"taxonomy":"product_tag","embeddable":true,"href":"https:\/\/markapool.com\/de\/wp-json\/wp\/v2\/product_tag?post=5103"}],"curies":[{"name":"wp","href":"https:\/\/api.w.org\/{rel}","templated":true}]}}