{"id":5127,"date":"2025-11-26T12:46:42","date_gmt":"2025-11-26T09:46:42","guid":{"rendered":"https:\/\/markapool.splusweb.com\/ss-slim-flat-siva-ustu275-cm-cap-33-mm-yukseklik\/"},"modified":"2025-12-27T00:38:31","modified_gmt":"2025-12-26T21:38:31","slug":"ss-slim-flat-aufputzmontage-durchmesser-275-cm-hoehe-33-mm","status":"publish","type":"product","link":"https:\/\/markapool.com\/de\/ss-slim-flat-aufputzmontage-durchmesser-275-cm-hoehe-33-mm\/","title":{"rendered":"SS Slim Flat (Aufputzmontage) (Durchmesser 27,5 cm, H\u00f6he 33 mm)"},"content":{"rendered":"<h2>SS Slim Flat (Aufputzmontage)<\/h2>\n<p>Die SS Slim Flat LED-Armatur zur Aufputzmontage mit einem Durchmesser von 27,5 cm und einer H\u00f6he von 33 mm bietet dank ihres schlanken Designs, der hohen Lichtausbeute und der Samsung-LED-Qualit\u00e4t eine erstklassige Leistung f\u00fcr Poolbeleuchtungen. Mit der Schutzart IP68 und ihrer robusten Bauweise gew\u00e4hrleistet sie eine langlebige Nutzung auch unter anspruchsvollen Unterwasserbedingungen.<\/p>\n<h3>Technische Daten<\/h3>\n<ul>\n<li>12 Volt Betriebsspannung (Leistungsoptionen 30W, 36W und 44W)<\/li>\n<li>IP68 Wasserdichtigkeitsstandard<\/li>\n<li>Aluminium-PCB mit hoher Leitf\u00e4higkeit<\/li>\n<li>Schaltung mit Stromregelungseinheit<\/li>\n<li>90 oder 108 Samsung SMD LEDs<\/li>\n<li>Vollst\u00e4ndige Abdichtung gegen Wassereintritt durch spezielle chemische Versiegelung<\/li>\n<li>RGB-Optionen mit 2-, 4- und 5-adriger Verkabelung<\/li>\n<li>2 Meter Kabell\u00e4nge<\/li>\n<li>316 Edelstahl-Schraubkomponenten<\/li>\n<\/ul>\n<p>Die SS Slim Flat z\u00e4hlt mit ihrem flachen Profil, der hocheffizienten LED-Struktur und den langlebigen Materialien zu den bevorzugten Premiuml\u00f6sungen f\u00fcr professionelle Poolbeleuchtungen.<\/p>\n<table width=\"394\">\n<tbody>\n<tr>\n<td width=\"42\">CODE<\/td>\n<td width=\"230\">PRODUKT\/PRODUCT SAMSUNG<\/td>\n<td width=\"52\">LUMEN<\/td>\n<td width=\"70\">SPEZIFIKATION<\/td>\n<\/tr>\n<tr>\n<td>SKY193<\/td>\n<td>SMD WEISS\/WHITE<\/td>\n<td>5000<\/td>\n<td>AC-DC 12V<\/td>\n<\/tr>\n<tr>\n<td>SKY194<\/td>\n<td>SMD BLAU\/BLUE<\/td>\n<td>550<\/td>\n<td>AC-DC 12V<\/td>\n<\/tr>\n<tr>\n<td>SKY195<\/td>\n<td>SMD TAGESLICHT\/SUNRISE<\/td>\n<td>5000<\/td>\n<td>AC-DC 12V<\/td>\n<\/tr>\n<tr>\n<td>SKY196<\/td>\n<td>SMD T\u00dcRKIS\/TURQUOISE<\/td>\n<td>1750<\/td>\n<td>AC-DC 12V<\/td>\n<\/tr>\n<tr>\n<td>SKY197<\/td>\n<td>SMD BLAU-WEISS\/BLUE-WHITE<\/td>\n<td>3000<\/td>\n<td>AC-DC 12V<\/td>\n<\/tr>\n<tr>\n<td>SKY198<\/td>\n<td>SMD GR\u00dcN\/GREEN<\/td>\n<td>1800<\/td>\n<td>AC-DC 12V<\/td>\n<\/tr>\n<tr>\n<td>SKY199<\/td>\n<td>SMD ROT\/RED<\/td>\n<td>1800<\/td>\n<td>AC-DC 12V<\/td>\n<\/tr>\n<tr>\n<td>SKY200<\/td>\n<td>SMD RGB (4-ADRIG)<\/td>\n<td>1250<\/td>\n<td>DC 12V<\/td>\n<\/tr>\n<tr>\n<td>SKY201<\/td>\n<td>SMD RGB FARBDREHEND (2-ADRIG)<\/td>\n<td>1250<\/td>\n<td>AC-DC 12V<\/td>\n<\/tr>\n<tr>\n<td>SKY202<\/td>\n<td>SMD RGB EIN\/AUS (2-ADRIG)<\/td>\n<td>1250<\/td>\n<td>DC 12V<\/td>\n<\/tr>\n<tr>\n<td>SKY203<\/td>\n<td>SMD RGB WHITE (5-ADRIG) NEW<\/td>\n<td>5000<\/td>\n<td>DC 12V<\/td>\n<\/tr>\n<tr>\n<td>SKY204<\/td>\n<td>SMD RGB SUNRISE (5-ADRIG) NEW<\/td>\n<td>5000<\/td>\n<td>DC 12V<\/td>\n<\/tr>\n<tr>\n<td>SKY205<\/td>\n<td>EDELSTAHLRAHMEN<\/td>\n<td><\/td>\n<td><\/td>\n<\/tr>\n<tr>\n<td>SKY206<\/td>\n<td>FARBIGER RAHMEN<\/td>\n<td><\/td>\n<td><\/td>\n<\/tr>\n<tr>\n<td>SKY207<\/td>\n<td>SMD WEISS\/WHITE<\/td>\n<td>6000<\/td>\n<td>AC-DC 12V<\/td>\n<\/tr>\n<tr>\n<td>SKY208<\/td>\n<td>SMD BLAU\/BLUE<\/td>\n<td>1000<\/td>\n<td>AC-DC 12V<\/td>\n<\/tr>\n<tr>\n<td>SKY209<\/td>\n<td>SMD TAGESLICHT\/SUNRISE<\/td>\n<td>6000<\/td>\n<td>AC-DC 12V<\/td>\n<\/tr>\n<tr>\n<td>SKY210<\/td>\n<td>SMD T\u00dcRKIS\/TURQUOISE<\/td>\n<td>2250<\/td>\n<td>AC-DC 12V<\/td>\n<\/tr>\n<tr>\n<td>SKY211<\/td>\n<td>SMD BLAU-WEISS\/BLUE-WHITE<\/td>\n<td>3500<\/td>\n<td>AC-DC 12V<\/td>\n<\/tr>\n<tr>\n<td>SKY212<\/td>\n<td>SMD GR\u00dcN\/GREEN<\/td>\n<td>2250<\/td>\n<td>AC-DC 12V<\/td>\n<\/tr>\n<tr>\n<td>SKY213<\/td>\n<td>SMD ROT\/RED<\/td>\n<td>2250<\/td>\n<td>AC-DC 12V<\/td>\n<\/tr>\n<tr>\n<td>SKY214<\/td>\n<td>SMD RGB (4-ADRIG)<\/td>\n<td>1600<\/td>\n<td>DC 12V<\/td>\n<\/tr>\n<tr>\n<td>SKY215<\/td>\n<td>SMD RGB FARBDREHEND (2-ADRIG)<\/td>\n<td>1600<\/td>\n<td>AC-DC 12V<\/td>\n<\/tr>\n<tr>\n<td>SKY216<\/td>\n<td>SMD RGB EIN\/AUS (2-ADRIG)<\/td>\n<td>1600<\/td>\n<td>DC 12V<\/td>\n<\/tr>\n<tr>\n<td>SKY217<\/td>\n<td>SMD RGB WHITE (5-ADRIG) NEW<\/td>\n<td>6000<\/td>\n<td>DC 12V<\/td>\n<\/tr>\n<tr>\n<td>SKY218<\/td>\n<td>SMD RGB SUNRISE (5-ADRIG) NEW<\/td>\n<td>6000<\/td>\n<td>DC 12V<\/td>\n<\/tr>\n<tr>\n<td>SKY219<\/td>\n<td>EDELSTAHLRAHMEN<\/td>\n<td><\/td>\n<td><\/td>\n<\/tr>\n<tr>\n<td>SKY220<\/td>\n<td>FARBIGER RAHMEN<\/td>\n<td><\/td>\n<td><\/td>\n<\/tr>\n<\/tbody>\n<\/table>\n","protected":false},"excerpt":{"rendered":"<p>Die IP68 SS Slim Flat Aufputzarmatur bietet eine robuste Nutzung mit 12V Betriebsspannung, 30\u201344W Leistung, Samsung LEDs, RGB-Optionen, vollst\u00e4ndig abgedichteter Konstruktion und 316 Edelstahl-Schraubkomponenten.<\/p>\n","protected":false},"featured_media":5128,"comment_status":"open","ping_status":"closed","template":"","meta":{"_joinchat":[]},"product_brand":[],"product_cat":[73],"product_tag":[],"class_list":{"0":"post-5127","1":"product","2":"type-product","3":"status-publish","4":"has-post-thumbnail","6":"product_cat-poolbeleuchtung","8":"first","9":"instock","10":"shipping-taxable","11":"product-type-simple"},"_links":{"self":[{"href":"https:\/\/markapool.com\/de\/wp-json\/wp\/v2\/product\/5127","targetHints":{"allow":["GET"]}}],"collection":[{"href":"https:\/\/markapool.com\/de\/wp-json\/wp\/v2\/product"}],"about":[{"href":"https:\/\/markapool.com\/de\/wp-json\/wp\/v2\/types\/product"}],"replies":[{"embeddable":true,"href":"https:\/\/markapool.com\/de\/wp-json\/wp\/v2\/comments?post=5127"}],"wp:featuredmedia":[{"embeddable":true,"href":"https:\/\/markapool.com\/de\/wp-json\/wp\/v2\/media\/5128"}],"wp:attachment":[{"href":"https:\/\/markapool.com\/de\/wp-json\/wp\/v2\/media?parent=5127"}],"wp:term":[{"taxonomy":"product_brand","embeddable":true,"href":"https:\/\/markapool.com\/de\/wp-json\/wp\/v2\/product_brand?post=5127"},{"taxonomy":"product_cat","embeddable":true,"href":"https:\/\/markapool.com\/de\/wp-json\/wp\/v2\/product_cat?post=5127"},{"taxonomy":"product_tag","embeddable":true,"href":"https:\/\/markapool.com\/de\/wp-json\/wp\/v2\/product_tag?post=5127"}],"curies":[{"name":"wp","href":"https:\/\/api.w.org\/{rel}","templated":true}]}}