{"id":5141,"date":"2025-11-26T12:41:58","date_gmt":"2025-11-26T09:41:58","guid":{"rendered":"https:\/\/markapool.splusweb.com\/slim-flat-siva-ustu\/"},"modified":"2025-12-27T00:42:40","modified_gmt":"2025-12-26T21:42:40","slug":"slim-flat-aufputzmontage","status":"publish","type":"product","link":"https:\/\/markapool.com\/de\/slim-flat-aufputzmontage\/","title":{"rendered":"Slim Flat (Aufputzmontage)"},"content":{"rendered":"<h2>Slim Flat (Aufputzmontage)<\/h2>\n<p>Die Slim Flat LED-Armatur zur Aufputzmontage mit einem Durchmesser von 26 cm und einer H\u00f6he von 33 mm vereint schlankes Design und hohe Lichtleistung f\u00fcr Pool- und Au\u00dfenbeleuchtungen. Dank der leistungsstarken Samsung-LED-Technologie und der IP68-Wasserdichtigkeitsklasse gew\u00e4hrleistet sie eine langlebige und zuverl\u00e4ssige Nutzung.<\/p>\n<h3>Technische Daten<\/h3>\n<ul>\n<li>12 Volt Betriebsspannung (Leistungsoptionen 30W, 36W und 44W)<\/li>\n<li>IP68 Wasserdichtigkeitsstandard<\/li>\n<li>Aluminium-PCB mit hoher Leitf\u00e4higkeit<\/li>\n<li>Stromgeregelte Konstruktion<\/li>\n<li>90 oder 108 Samsung SMD LEDs<\/li>\n<li>Vollst\u00e4ndige Abdichtung gegen Wassereintritt durch spezielle chemische Versiegelung<\/li>\n<li>RGB-Optionen mit 2-, 4- und 5-adriger Verkabelung<\/li>\n<li>2 Meter Kabell\u00e4nge<\/li>\n<li>Montagekomponenten mit 316 Edelstahl-Schrauben<\/li>\n<\/ul>\n<p>Mit ihrem schlanken Design, der starken Lichtausbeute und der robusten Materialstruktur ist die Slim Flat Aufputzarmatur eine ideale L\u00f6sung f\u00fcr professionelle Poolbeleuchtungsprojekte.<\/p>\n<table width=\"394\">\n<tbody>\n<tr>\n<td width=\"42\">CODE<\/td>\n<td width=\"230\">PRODUKT\/PRODUCT SAMSUNG<\/td>\n<td width=\"52\">LUMEN<\/td>\n<td width=\"70\">SPEZIFIKATION<\/td>\n<\/tr>\n<tr>\n<td>SKY165<\/td>\n<td>SMD WEISS\/WHITE<\/td>\n<td>5000<\/td>\n<td>AC-DC 12V<\/td>\n<\/tr>\n<tr>\n<td>SKY166<\/td>\n<td>SMD BLAU\/BLUE<\/td>\n<td>550<\/td>\n<td>AC-DC 12V<\/td>\n<\/tr>\n<tr>\n<td>SKY167<\/td>\n<td>SMD TAGESLICHT\/SUNRISE<\/td>\n<td>5000<\/td>\n<td>AC-DC 12V<\/td>\n<\/tr>\n<tr>\n<td>SKY168<\/td>\n<td>SMD T\u00dcRKIS\/TURQUOISE<\/td>\n<td>1750<\/td>\n<td>AC-DC 12V<\/td>\n<\/tr>\n<tr>\n<td>SKY169<\/td>\n<td>SMD BLAU-WEISS\/BLUE-WHITE<\/td>\n<td>3000<\/td>\n<td>AC-DC 12V<\/td>\n<\/tr>\n<tr>\n<td>SKY170<\/td>\n<td>SMD GR\u00dcN\/GREEN<\/td>\n<td>1800<\/td>\n<td>AC-DC 12V<\/td>\n<\/tr>\n<tr>\n<td>SKY171<\/td>\n<td>SMD ROT\/RED<\/td>\n<td>1800<\/td>\n<td>AC-DC 12V<\/td>\n<\/tr>\n<tr>\n<td>SKY172<\/td>\n<td>SMD RGB (4-ADRIG)<\/td>\n<td>1250<\/td>\n<td>DC 12V<\/td>\n<\/tr>\n<tr>\n<td>SKY173<\/td>\n<td>SMD RGB FARBDREHEND (2-ADRIG)<\/td>\n<td>1250<\/td>\n<td>AC-DC 12V<\/td>\n<\/tr>\n<tr>\n<td>SKY174<\/td>\n<td>SMD RGB EIN\/AUS (2-ADRIG)<\/td>\n<td>1250<\/td>\n<td>DC 12V<\/td>\n<\/tr>\n<tr>\n<td>SKY175<\/td>\n<td>SMD RGB WHITE (5-ADRIG) NEW<\/td>\n<td>5000<\/td>\n<td>DC 12V<\/td>\n<\/tr>\n<tr>\n<td>SKY176<\/td>\n<td>SMD RGB SUNRISE (5-ADRIG) NEW<\/td>\n<td>5000<\/td>\n<td>DC 12V<\/td>\n<\/tr>\n<tr>\n<td>SKY177<\/td>\n<td>EDELSTAHLRAHMEN<\/td>\n<td><\/td>\n<td><\/td>\n<\/tr>\n<tr>\n<td>SKY178<\/td>\n<td>FARBIGER RAHMEN<\/td>\n<td><\/td>\n<td><\/td>\n<\/tr>\n<tr>\n<td>SKY179<\/td>\n<td>SMD WEISS\/WHITE<\/td>\n<td>6000<\/td>\n<td>AC-DC 12V<\/td>\n<\/tr>\n<tr>\n<td>SKY180<\/td>\n<td>SMD BLAU\/BLUE<\/td>\n<td>1000<\/td>\n<td>AC-DC 12V<\/td>\n<\/tr>\n<tr>\n<td>SKY181<\/td>\n<td>SMD TAGESLICHT\/SUNRISE<\/td>\n<td>6000<\/td>\n<td>AC-DC 12V<\/td>\n<\/tr>\n<tr>\n<td>SKY182<\/td>\n<td>SMD T\u00dcRKIS\/TURQUOISE<\/td>\n<td>2000<\/td>\n<td>AC-DC 12V<\/td>\n<\/tr>\n<tr>\n<td>SKY183<\/td>\n<td>SMD BLAU-WEISS\/BLUE-WHITE<\/td>\n<td>3500<\/td>\n<td>AC-DC 12V<\/td>\n<\/tr>\n<tr>\n<td>SKY184<\/td>\n<td>SMD GR\u00dcN\/GREEN<\/td>\n<td>2250<\/td>\n<td>AC-DC 12V<\/td>\n<\/tr>\n<tr>\n<td>SKY185<\/td>\n<td>SMD ROT\/RED<\/td>\n<td>2250<\/td>\n<td>AC-DC 12V<\/td>\n<\/tr>\n<tr>\n<td>SKY186<\/td>\n<td>SMD RGB (4-ADRIG)<\/td>\n<td>1600<\/td>\n<td>DC 12V<\/td>\n<\/tr>\n<tr>\n<td>SKY187<\/td>\n<td>SMD RGB FARBDREHEND (2-ADRIG)<\/td>\n<td>1500<\/td>\n<td>AC-DC 12V<\/td>\n<\/tr>\n<tr>\n<td>SKY188<\/td>\n<td>SMD RGB EIN\/AUS (2-ADRIG)<\/td>\n<td>1500<\/td>\n<td>DC 12V<\/td>\n<\/tr>\n<tr>\n<td>SKY189<\/td>\n<td>SMD RGB WHITE (5-ADRIG) NEW<\/td>\n<td>6000<\/td>\n<td>DC 12V<\/td>\n<\/tr>\n<tr>\n<td>SKY190<\/td>\n<td>SMD RGB SUNRISE (5-ADRIG) NEW<\/td>\n<td>6000<\/td>\n<td>DC 12V<\/td>\n<\/tr>\n<tr>\n<td>SKY191<\/td>\n<td>EDELSTAHLRAHMEN<\/td>\n<td><\/td>\n<td><\/td>\n<\/tr>\n<tr>\n<td>SKY192<\/td>\n<td>FARBIGER RAHMEN<\/td>\n<td><\/td>\n<td><\/td>\n<\/tr>\n<\/tbody>\n<\/table>\n","protected":false},"excerpt":{"rendered":"<article class=\"text-token-text-primary w-full focus:outline-none [--shadow-height:45px] has-data-writing-block:pointer-events-none has-data-writing-block:-mt-(--shadow-height) has-data-writing-block:pt-(--shadow-height) [&amp;:has([data-writing-block])&gt;*]:pointer-events-auto scroll-mt-[calc(var(--header-height)+min(200px,max(70px,20svh)))]\" dir=\"auto\" tabindex=\"-1\" data-turn-id=\"request-6921a32d-7438-832d-a50e-b53d7a40368d-14\" data-testid=\"conversation-turn-18\" data-scroll-anchor=\"true\" data-turn=\"assistant\">\n<div class=\"text-base my-auto mx-auto pb-10 [--thread-content-margin:--spacing(4)] thread-sm:[--thread-content-margin:--spacing(6)] thread-lg:[--thread-content-margin:--spacing(16)] px-(--thread-content-margin)\">\n<div class=\"[--thread-content-max-width:40rem] thread-lg:[--thread-content-max-width:48rem] mx-auto max-w-(--thread-content-max-width) flex-1 group\/turn-messages focus-visible:outline-hidden relative flex w-full min-w-0 flex-col agent-turn\" tabindex=\"-1\">\n<div class=\"flex max-w-full flex-col grow\">\n<div class=\"min-h-8 text-message relative flex w-full flex-col items-end gap-2 text-start break-words whitespace-normal [.text-message+&amp;]:mt-1\" dir=\"auto\" data-message-author-role=\"assistant\" data-message-id=\"1d857f78-32af-4e0f-abca-0f72ad152911\" data-message-model-slug=\"gpt-5-1\">\n<div class=\"flex w-full flex-col gap-1 empty:hidden first:pt-[1px]\">\n<div class=\"markdown prose dark:prose-invert w-full break-words dark markdown-new-styling\">\n<p>Die IP68 Slim Flat Aufputzarmatur bietet eine langlebige Nutzung mit 12V Betriebsspannung, 30\u201344W Leistung, Samsung LEDs, RGB-Optionen, vollst\u00e4ndig abgedichteter Konstruktion und 316 Edelstahl-Schrauben.<\/p>\n<\/div>\n<\/div>\n<\/div>\n<\/div>\n<\/div>\n<\/div>\n<\/article>\n","protected":false},"featured_media":5142,"comment_status":"open","ping_status":"closed","template":"","meta":{"_joinchat":[]},"product_brand":[],"product_cat":[73],"product_tag":[],"class_list":{"0":"post-5141","1":"product","2":"type-product","3":"status-publish","4":"has-post-thumbnail","6":"product_cat-poolbeleuchtung","8":"first","9":"instock","10":"shipping-taxable","11":"product-type-simple"},"_links":{"self":[{"href":"https:\/\/markapool.com\/de\/wp-json\/wp\/v2\/product\/5141","targetHints":{"allow":["GET"]}}],"collection":[{"href":"https:\/\/markapool.com\/de\/wp-json\/wp\/v2\/product"}],"about":[{"href":"https:\/\/markapool.com\/de\/wp-json\/wp\/v2\/types\/product"}],"replies":[{"embeddable":true,"href":"https:\/\/markapool.com\/de\/wp-json\/wp\/v2\/comments?post=5141"}],"wp:featuredmedia":[{"embeddable":true,"href":"https:\/\/markapool.com\/de\/wp-json\/wp\/v2\/media\/5142"}],"wp:attachment":[{"href":"https:\/\/markapool.com\/de\/wp-json\/wp\/v2\/media?parent=5141"}],"wp:term":[{"taxonomy":"product_brand","embeddable":true,"href":"https:\/\/markapool.com\/de\/wp-json\/wp\/v2\/product_brand?post=5141"},{"taxonomy":"product_cat","embeddable":true,"href":"https:\/\/markapool.com\/de\/wp-json\/wp\/v2\/product_cat?post=5141"},{"taxonomy":"product_tag","embeddable":true,"href":"https:\/\/markapool.com\/de\/wp-json\/wp\/v2\/product_tag?post=5141"}],"curies":[{"name":"wp","href":"https:\/\/api.w.org\/{rel}","templated":true}]}}