{"id":5157,"date":"2025-11-26T12:36:57","date_gmt":"2025-11-26T09:36:57","guid":{"rendered":"https:\/\/markapool.splusweb.com\/leon-kare-siva-ustu\/"},"modified":"2025-12-27T00:46:33","modified_gmt":"2025-12-26T21:46:33","slug":"leon-quadratisch-aufputzmontage","status":"publish","type":"product","link":"https:\/\/markapool.com\/de\/leon-quadratisch-aufputzmontage\/","title":{"rendered":"Leon (Quadratisch \u2013 Aufputzmontage)"},"content":{"rendered":"<h2>Leon (Quadratisch \u2013 Aufputzmontage)<\/h2>\n<p>Die quadratische Leon LED-Armatur zur Aufputzmontage bietet mit ihrem modernen Design und der hocheffizienten LED-Technologie sowohl eine \u00e4sthetische als auch eine leistungsstarke Beleuchtung. Dank ihrer robusten Konstruktion kann sie sicher in Au\u00dfenbereichen und in wassernahen Anwendungen eingesetzt werden.<\/p>\n<h3>Technische Daten<\/h3>\n<ul>\n<li>DC 12V Betriebsspannung<\/li>\n<li>IP68 Wasserdichtigkeitsstandard<\/li>\n<li>20W Leistungsaufnahme<\/li>\n<li>Aluminium-PCB mit hoher Leitf\u00e4higkeit<\/li>\n<li>Stromgeregelte Konstruktion<\/li>\n<li>Hocheffiziente SMD-LEDs mit bis zu 90 % Energieeinsparung<\/li>\n<li>Originales, UV-stabilisiertes, sto\u00dffestes und langlebiges Material<\/li>\n<\/ul>\n<p>Die quadratische Leon Aufputzarmatur gew\u00e4hrleistet dank ihrer f\u00fcr Au\u00dfenbedingungen geeigneten Bauweise und der starken LED-Leistung eine zuverl\u00e4ssige Beleuchtung \u00fcber viele Jahre.<\/p>\n<table width=\"394\">\n<tbody>\n<tr>\n<td width=\"42\">CODE<\/td>\n<td width=\"230\">PRODUKT\/PRODUCT SAMSUNG<\/td>\n<td width=\"52\">LUMEN<\/td>\n<td width=\"70\">SPEZIFIKATION<\/td>\n<\/tr>\n<tr>\n<td>SKY157<\/td>\n<td>SMD WEISS\/WHITE<\/td>\n<td>2100<\/td>\n<td>DC 12V<\/td>\n<\/tr>\n<tr>\n<td>SKY158<\/td>\n<td>SMD BLAU\/BLUE<\/td>\n<td>2100<\/td>\n<td>DC 12V<\/td>\n<\/tr>\n<tr>\n<td>SKY159<\/td>\n<td>SMD TAGESLICHT\/SUNRISE<\/td>\n<td>500<\/td>\n<td>DC 12V<\/td>\n<\/tr>\n<tr>\n<td>SKY160<\/td>\n<td>SMD T\u00dcRKIS\/TURQUOISE<\/td>\n<td>900<\/td>\n<td>DC 12V<\/td>\n<\/tr>\n<tr>\n<td>SKY161<\/td>\n<td>SMD BLAU-WEISS\/BLUE-WHITE<\/td>\n<td>1000<\/td>\n<td>DC 12V<\/td>\n<\/tr>\n<tr>\n<td>SKY162<\/td>\n<td>SMD GR\u00dcN\/GREEN<\/td>\n<td>1000<\/td>\n<td>DC 12V<\/td>\n<\/tr>\n<tr>\n<td>SKY163<\/td>\n<td>SMD ROT\/RED<\/td>\n<td>1000<\/td>\n<td>DC 12V<\/td>\n<\/tr>\n<tr>\n<td>SKY164<\/td>\n<td>SMD RGB (4-ADRIG)<\/td>\n<td>750<\/td>\n<td>DC 12V<\/td>\n<\/tr>\n<\/tbody>\n<\/table>\n","protected":false},"excerpt":{"rendered":"<p>Die IP68-gesch\u00fctzte quadratische Leon Aufputzarmatur bietet 12V Betriebsspannung, 20W Leistung, hocheffiziente SMD-LEDs, bis zu 90 % Energieeinsparung sowie sto\u00dffestes und langlebiges Material.<\/p>\n","protected":false},"featured_media":5158,"comment_status":"open","ping_status":"closed","template":"","meta":{"_joinchat":[]},"product_brand":[],"product_cat":[73],"product_tag":[],"class_list":{"0":"post-5157","1":"product","2":"type-product","3":"status-publish","4":"has-post-thumbnail","6":"product_cat-poolbeleuchtung","8":"first","9":"instock","10":"shipping-taxable","11":"product-type-simple"},"_links":{"self":[{"href":"https:\/\/markapool.com\/de\/wp-json\/wp\/v2\/product\/5157","targetHints":{"allow":["GET"]}}],"collection":[{"href":"https:\/\/markapool.com\/de\/wp-json\/wp\/v2\/product"}],"about":[{"href":"https:\/\/markapool.com\/de\/wp-json\/wp\/v2\/types\/product"}],"replies":[{"embeddable":true,"href":"https:\/\/markapool.com\/de\/wp-json\/wp\/v2\/comments?post=5157"}],"wp:featuredmedia":[{"embeddable":true,"href":"https:\/\/markapool.com\/de\/wp-json\/wp\/v2\/media\/5158"}],"wp:attachment":[{"href":"https:\/\/markapool.com\/de\/wp-json\/wp\/v2\/media?parent=5157"}],"wp:term":[{"taxonomy":"product_brand","embeddable":true,"href":"https:\/\/markapool.com\/de\/wp-json\/wp\/v2\/product_brand?post=5157"},{"taxonomy":"product_cat","embeddable":true,"href":"https:\/\/markapool.com\/de\/wp-json\/wp\/v2\/product_cat?post=5157"},{"taxonomy":"product_tag","embeddable":true,"href":"https:\/\/markapool.com\/de\/wp-json\/wp\/v2\/product_tag?post=5157"}],"curies":[{"name":"wp","href":"https:\/\/api.w.org\/{rel}","templated":true}]}}