{"id":5169,"date":"2025-11-26T12:31:49","date_gmt":"2025-11-26T09:31:49","guid":{"rendered":"https:\/\/markapool.splusweb.com\/sky-slim\/"},"modified":"2025-12-27T00:50:08","modified_gmt":"2025-12-26T21:50:08","slug":"sky-slim","status":"publish","type":"product","link":"https:\/\/markapool.com\/de\/sky-slim\/","title":{"rendered":"Sky Slim"},"content":{"rendered":"<h2>Sky Slim<\/h2>\n<p>Die Sky Slim LED-Armatur bietet mit ihrer hohen Lichtausbeute, der Samsung-LED-Qualit\u00e4t und dem schlanken Design eine \u00e4sthetische und zugleich langlebige Beleuchtungsl\u00f6sung. F\u00fcr maximale Best\u00e4ndigkeit unter anspruchsvollen Unterwasserbedingungen ist sie mit der Schutzart IP68 ausgestattet.<\/p>\n<h3>Technische Daten<\/h3>\n<ul>\n<li>AC-DC 12 Volt kompatibler Betrieb<\/li>\n<li>IP68 Wasserdichtigkeitsstandard<\/li>\n<li>Leistungsoptionen 30W, 36W und 44W<\/li>\n<li>Aluminium-PCB mit hoher Leitf\u00e4higkeit<\/li>\n<li>Hocheffiziente SMD-LEDs mit bis zu 90 % Energieeinsparung<\/li>\n<li>Vollst\u00e4ndige Abdichtung gegen Wassereintritt durch spezielle chemische Versiegelung<\/li>\n<li>Optionen mit 90 oder 108 Samsung LEDs<\/li>\n<\/ul>\n<h3>Stromgeregelte Schaltung<\/h3>\n<ul>\n<li>RGB-Optionen mit 2-, 4- und 5-adriger Verkabelung<\/li>\n<li>Originale Oberfl\u00e4chenbeschichtung mit UV- und Antioxidationsadditiven<\/li>\n<li>Sto\u00dffestes, langlebiges Material<\/li>\n<\/ul>\n<p>Die Sky Slim Serie ist eine ideale L\u00f6sung f\u00fcr Anwender, die bei professionellen Poolbeleuchtungen sowohl Leistung als auch Langlebigkeit erwarten.<\/p>\n<table width=\"394\">\n<tbody>\n<tr>\n<td width=\"42\">CODE<\/td>\n<td width=\"230\">PRODUKT\/PRODUCT SAMSUNG<\/td>\n<td width=\"52\">LUMEN<\/td>\n<td width=\"70\">SPEZIFIKATION<\/td>\n<\/tr>\n<tr>\n<td>SKY101<\/td>\n<td>SMD WEISS\/WHITE<\/td>\n<td>5000<\/td>\n<td>AC-DC 12V<\/td>\n<\/tr>\n<tr>\n<td>SKY102<\/td>\n<td>SMD BLAU\/BLUE<\/td>\n<td>550<\/td>\n<td>AC-DC 12V<\/td>\n<\/tr>\n<tr>\n<td>SKY103<\/td>\n<td>SMD TAGESLICHT\/SUNRISE<\/td>\n<td>5000<\/td>\n<td>AC-DC 12V<\/td>\n<\/tr>\n<tr>\n<td>SKY104<\/td>\n<td>SMD T\u00dcRKIS\/TURQUOISE<\/td>\n<td>1750<\/td>\n<td>AC-DC 12V<\/td>\n<\/tr>\n<tr>\n<td>SKY105<\/td>\n<td>SMD BLAU-WEISS\/BLUE-WHITE<\/td>\n<td>3000<\/td>\n<td>AC-DC 12V<\/td>\n<\/tr>\n<tr>\n<td>SKY106<\/td>\n<td>SMD GR\u00dcN\/GREEN<\/td>\n<td>1800<\/td>\n<td>AC-DC 12V<\/td>\n<\/tr>\n<tr>\n<td>SKY107<\/td>\n<td>SMD ROT\/RED<\/td>\n<td>1800<\/td>\n<td>AC-DC 12V<\/td>\n<\/tr>\n<tr>\n<td>SKY108<\/td>\n<td>SMD RGB (4-ADRIG)<\/td>\n<td>1250<\/td>\n<td>DC 12V<\/td>\n<\/tr>\n<tr>\n<td>SKY109<\/td>\n<td>SMD RGB FARBDREHEND (2-ADRIG)<\/td>\n<td>1250<\/td>\n<td>AC-DC 12V<\/td>\n<\/tr>\n<tr>\n<td>SKY110<\/td>\n<td>SMD RGB EIN\/AUS (2-ADRIG)<\/td>\n<td>1250<\/td>\n<td>DC 12V<\/td>\n<\/tr>\n<tr>\n<td>SKY111<\/td>\n<td>SMD RGB WHITE (5-ADRIG) NEW<\/td>\n<td>5000<\/td>\n<td>DC 12V<\/td>\n<\/tr>\n<tr>\n<td>SKY112<\/td>\n<td>SMD RGB SUNRISE (5-ADRIG) NEW<\/td>\n<td>5000<\/td>\n<td>DC 12V<\/td>\n<\/tr>\n<tr>\n<td>SKY113<\/td>\n<td>EDELSTAHLRAHMEN<\/td>\n<td><\/td>\n<td><\/td>\n<\/tr>\n<tr>\n<td>SKY114<\/td>\n<td>FARBIGER RAHMEN<\/td>\n<td><\/td>\n<td><\/td>\n<\/tr>\n<tr>\n<td>SKY115<\/td>\n<td>SMD WEISS\/WHITE<\/td>\n<td>6000<\/td>\n<td>AC-DC 12V<\/td>\n<\/tr>\n<tr>\n<td>SKY116<\/td>\n<td>SMD BLAU\/BLUE<\/td>\n<td>1000<\/td>\n<td>AC-DC 12V<\/td>\n<\/tr>\n<tr>\n<td>SKY117<\/td>\n<td>SMD TAGESLICHT\/SUNRISE<\/td>\n<td>6000<\/td>\n<td>AC-DC 12V<\/td>\n<\/tr>\n<tr>\n<td>SKY118<\/td>\n<td>SMD T\u00dcRKIS\/TURQUOISE<\/td>\n<td>2250<\/td>\n<td>AC-DC 12V<\/td>\n<\/tr>\n<tr>\n<td>SKY119<\/td>\n<td>SMD BLAU-WEISS\/BLUE-WHITE<\/td>\n<td>3500<\/td>\n<td>AC-DC 12V<\/td>\n<\/tr>\n<tr>\n<td>SKY120<\/td>\n<td>SMD GR\u00dcN\/GREEN<\/td>\n<td>2500<\/td>\n<td>AC-DC 12V<\/td>\n<\/tr>\n<tr>\n<td>SKY121<\/td>\n<td>SMD ROT\/RED<\/td>\n<td>2250<\/td>\n<td>AC-DC 12V<\/td>\n<\/tr>\n<tr>\n<td>SKY122<\/td>\n<td>SMD RGB (4-ADRIG)<\/td>\n<td>1600<\/td>\n<td>DC 12V<\/td>\n<\/tr>\n<tr>\n<td>SKY123<\/td>\n<td>SMD RGB FARBDREHEND (2-ADRIG)<\/td>\n<td>1600<\/td>\n<td>AC-DC 12V<\/td>\n<\/tr>\n<tr>\n<td>SKY124<\/td>\n<td>SMD RGB EIN\/AUS (2-ADRIG)<\/td>\n<td>1600<\/td>\n<td>DC 12V<\/td>\n<\/tr>\n<tr>\n<td>SKY125<\/td>\n<td>SMD RGB WHITE (5-ADRIG) NEW<\/td>\n<td>6000<\/td>\n<td>DC 12V<\/td>\n<\/tr>\n<tr>\n<td>SKY126<\/td>\n<td>SMD RGB SUNRISE (5-ADRIG) NEW<\/td>\n<td>6000<\/td>\n<td>DC 12V<\/td>\n<\/tr>\n<tr>\n<td>SKY127<\/td>\n<td>EDELSTAHLRAHMEN<\/td>\n<td><\/td>\n<td><\/td>\n<\/tr>\n<tr>\n<td>SKY128<\/td>\n<td>FARBIGER RAHMEN<\/td>\n<td><\/td>\n<td><\/td>\n<\/tr>\n<\/tbody>\n<\/table>\n","protected":false},"excerpt":{"rendered":"<p>Die IP68-gesch\u00fctzte Sky Slim LED-Armatur ist 12V-kompatibel, in 30\u201344W erh\u00e4ltlich, mit Samsung LEDs ausgestattet, bietet bis zu 90 % Energieeinsparung, RGB-Unterst\u00fctzung sowie eine vollst\u00e4ndig abgedichtete und langlebige Konstruktion.<\/p>\n","protected":false},"featured_media":5170,"comment_status":"open","ping_status":"closed","template":"","meta":{"_joinchat":[]},"product_brand":[],"product_cat":[73],"product_tag":[],"class_list":{"0":"post-5169","1":"product","2":"type-product","3":"status-publish","4":"has-post-thumbnail","6":"product_cat-poolbeleuchtung","8":"first","9":"instock","10":"shipping-taxable","11":"product-type-simple"},"_links":{"self":[{"href":"https:\/\/markapool.com\/de\/wp-json\/wp\/v2\/product\/5169","targetHints":{"allow":["GET"]}}],"collection":[{"href":"https:\/\/markapool.com\/de\/wp-json\/wp\/v2\/product"}],"about":[{"href":"https:\/\/markapool.com\/de\/wp-json\/wp\/v2\/types\/product"}],"replies":[{"embeddable":true,"href":"https:\/\/markapool.com\/de\/wp-json\/wp\/v2\/comments?post=5169"}],"wp:featuredmedia":[{"embeddable":true,"href":"https:\/\/markapool.com\/de\/wp-json\/wp\/v2\/media\/5170"}],"wp:attachment":[{"href":"https:\/\/markapool.com\/de\/wp-json\/wp\/v2\/media?parent=5169"}],"wp:term":[{"taxonomy":"product_brand","embeddable":true,"href":"https:\/\/markapool.com\/de\/wp-json\/wp\/v2\/product_brand?post=5169"},{"taxonomy":"product_cat","embeddable":true,"href":"https:\/\/markapool.com\/de\/wp-json\/wp\/v2\/product_cat?post=5169"},{"taxonomy":"product_tag","embeddable":true,"href":"https:\/\/markapool.com\/de\/wp-json\/wp\/v2\/product_tag?post=5169"}],"curies":[{"name":"wp","href":"https:\/\/api.w.org\/{rel}","templated":true}]}}