{"id":5187,"date":"2025-11-26T12:27:22","date_gmt":"2025-11-26T09:27:22","guid":{"rendered":"https:\/\/markapool.splusweb.com\/midi-superfine-led-armatur-komple\/"},"modified":"2025-12-27T00:52:58","modified_gmt":"2025-12-26T21:52:58","slug":"midi-superfine-led-armatur-komplett","status":"publish","type":"product","link":"https:\/\/markapool.com\/de\/midi-superfine-led-armatur-komplett\/","title":{"rendered":"Midi Superfine LED-Armatur (Komplett)"},"content":{"rendered":"<h2>Midi Superfine LED-Armatur (Komplett)<\/h2>\n<p>Die Midi Superfine LED-Armatur bietet dank hoher Lichtausbeute, Samsung-LED-Qualit\u00e4t und robustem Geh\u00e4use eine langlebige Beleuchtungsl\u00f6sung f\u00fcr Pool- und Landschaftsanwendungen. Mit verschiedenen Farboptionen und RGB-Steuerungsvarianten erm\u00f6glicht sie eine vielseitige Nutzung.<\/p>\n<h3>Abmessungen<\/h3>\n<ul>\n<li><strong>Geh\u00e4usedurchmesser:<\/strong> 13 cm<\/li>\n<li><strong>Rahmendurchmesser:<\/strong> 16 cm<\/li>\n<\/ul>\n<h3>Produktoptionen<\/h3>\n<table style=\"width: 100%; border-collapse: collapse;\" border=\"1\" cellpadding=\"8\">\n<thead>\n<tr>\n<th>Code<\/th>\n<th>Produkt \/ Product (Samsung)<\/th>\n<th>Lumen<\/th>\n<th>Spezifikation<\/th>\n<\/tr>\n<\/thead>\n<tbody>\n<tr>\n<td>SKY89<\/td>\n<td>SMD Wei\u00df \/ White<\/td>\n<td>900<\/td>\n<td>AC-DC 12V<\/td>\n<\/tr>\n<tr>\n<td>SKY90<\/td>\n<td>SMD Blau \/ Blue<\/td>\n<td>550<\/td>\n<td>AC-DC 12V<\/td>\n<\/tr>\n<tr>\n<td>SKY91<\/td>\n<td>SMD Tageslicht \/ Sunrise<\/td>\n<td>900<\/td>\n<td>AC-DC 12V<\/td>\n<\/tr>\n<tr>\n<td>SKY92<\/td>\n<td>SMD T\u00fcrkis \/ Turquoise<\/td>\n<td>650<\/td>\n<td>AC-DC 12V<\/td>\n<\/tr>\n<tr>\n<td>SKY93<\/td>\n<td>SMD Blau-Wei\u00df \/ Blue-White<\/td>\n<td>650<\/td>\n<td>AC-DC 12V<\/td>\n<\/tr>\n<tr>\n<td>SKY94<\/td>\n<td>SMD Gr\u00fcn \/ Green<\/td>\n<td>650<\/td>\n<td>AC-DC 12V<\/td>\n<\/tr>\n<tr>\n<td>SKY95<\/td>\n<td>SMD Rot \/ Red<\/td>\n<td>650<\/td>\n<td>AC-DC 12V<\/td>\n<\/tr>\n<tr>\n<td>SKY96<\/td>\n<td>SMD RGB (4-adrig)<\/td>\n<td>700<\/td>\n<td>DC 12V<\/td>\n<\/tr>\n<tr>\n<td>SKY97<\/td>\n<td>SMD RGB Farbwechselnd (2-adrig)<\/td>\n<td>700<\/td>\n<td>AC-DC 12V<\/td>\n<\/tr>\n<tr>\n<td>SKY98<\/td>\n<td>SMD RGB Ein\/Aus (2-adrig)<\/td>\n<td>700<\/td>\n<td>DC 12V<\/td>\n<\/tr>\n<tr>\n<td>SKY99<\/td>\n<td>Edelstahlrahmen<\/td>\n<td>\u2014<\/td>\n<td>\u2014<\/td>\n<\/tr>\n<tr>\n<td>SKY100<\/td>\n<td>Farbiger Rahmen<\/td>\n<td>\u2014<\/td>\n<td>\u2014<\/td>\n<\/tr>\n<\/tbody>\n<\/table>\n<p>Dank breiter Farbauswahl, hoher Lichtleistung und Samsung-LED-Qualit\u00e4t ist die Midi Superfine LED-Armatur eine zuverl\u00e4ssige L\u00f6sung f\u00fcr professionelle Poolbeleuchtungen.<\/p>\n","protected":false},"excerpt":{"rendered":"<p>Die IP68-gesch\u00fctzte 12V Midi Superfine LED-Armatur bietet 12W Leistung, hocheffiziente SMD-LEDs, bis zu 90 % Energieeinsparung, RGB-Optionen sowie eine vollst\u00e4ndig abgedichtete und langlebige Konstruktion.<\/p>\n","protected":false},"featured_media":5188,"comment_status":"open","ping_status":"closed","template":"","meta":{"_joinchat":[]},"product_brand":[],"product_cat":[73],"product_tag":[],"class_list":{"0":"post-5187","1":"product","2":"type-product","3":"status-publish","4":"has-post-thumbnail","6":"product_cat-poolbeleuchtung","8":"first","9":"instock","10":"shipping-taxable","11":"product-type-simple"},"_links":{"self":[{"href":"https:\/\/markapool.com\/de\/wp-json\/wp\/v2\/product\/5187","targetHints":{"allow":["GET"]}}],"collection":[{"href":"https:\/\/markapool.com\/de\/wp-json\/wp\/v2\/product"}],"about":[{"href":"https:\/\/markapool.com\/de\/wp-json\/wp\/v2\/types\/product"}],"replies":[{"embeddable":true,"href":"https:\/\/markapool.com\/de\/wp-json\/wp\/v2\/comments?post=5187"}],"wp:featuredmedia":[{"embeddable":true,"href":"https:\/\/markapool.com\/de\/wp-json\/wp\/v2\/media\/5188"}],"wp:attachment":[{"href":"https:\/\/markapool.com\/de\/wp-json\/wp\/v2\/media?parent=5187"}],"wp:term":[{"taxonomy":"product_brand","embeddable":true,"href":"https:\/\/markapool.com\/de\/wp-json\/wp\/v2\/product_brand?post=5187"},{"taxonomy":"product_cat","embeddable":true,"href":"https:\/\/markapool.com\/de\/wp-json\/wp\/v2\/product_cat?post=5187"},{"taxonomy":"product_tag","embeddable":true,"href":"https:\/\/markapool.com\/de\/wp-json\/wp\/v2\/product_tag?post=5187"}],"curies":[{"name":"wp","href":"https:\/\/api.w.org\/{rel}","templated":true}]}}