{"id":5213,"date":"2025-11-26T12:00:51","date_gmt":"2025-11-26T09:00:51","guid":{"rendered":"https:\/\/markapool.splusweb.com\/superfine-led-armatur-siva-alti-komple\/"},"modified":"2025-12-27T01:09:07","modified_gmt":"2025-12-26T22:09:07","slug":"superfine-led-armatur-unterputz-komplett","status":"publish","type":"product","link":"https:\/\/markapool.com\/de\/superfine-led-armatur-unterputz-komplett\/","title":{"rendered":"Superfine LED-Armatur (Unterputz \u2013 Komplett)"},"content":{"rendered":"<h2>Technische Daten<\/h2>\n<p>Das Produkt wird mit fortschrittlicher LED-Technologie gefertigt, die hohe Effizienz und lange Lebensdauer bietet. Dank der robusten Konstruktion liefert es auch unter anspruchsvollen Bedingungen eine zuverl\u00e4ssige Leistung.<\/p>\n<ul>\n<li>AC-DC 12 Volt kompatibler Betrieb<\/li>\n<li>IP68 Wasserdichtigkeitsstandard<\/li>\n<li>Leistungsoptionen: 30W, 36W und 44W<\/li>\n<li>Aluminium-PCB f\u00fcr hohe W\u00e4rmeleitf\u00e4higkeit<\/li>\n<li>Hocheffiziente SMD-LED-Technologie mit bis zu 90 % Energieeinsparung<\/li>\n<li>Spezielle chemische Abdichtung gegen Wassereintritt an den \u00dcberg\u00e4ngen<\/li>\n<li>Optionen mit 90 oder 108 Samsung LEDs<\/li>\n<\/ul>\n<h3>Mit Stromregelung<\/h3>\n<ul>\n<li>RGB-Optionen mit 2-, 4- und 5-adriger Verkabelung<\/li>\n<li>Originale UV- und antioxidative Au\u00dfenfl\u00e4chenbeschichtung<\/li>\n<li>Schlagfestes, langlebiges Material<\/li>\n<\/ul>\n<p>Dieses Produkt ist eine ideale L\u00f6sung f\u00fcr Anwender, die bei Pool- und Fassadenbeleuchtungen hohe Leistung, Energieeinsparung und Zuverl\u00e4ssigkeit erwarten.<\/p>\n<table width=\"394\">\n<tbody>\n<tr>\n<td width=\"42\">CODE<\/td>\n<td width=\"230\">PRODUKT \/ PRODUCT SAMSUNG<\/td>\n<td width=\"52\">LUMEN<\/td>\n<td width=\"70\">SPEZIFIKATION<\/td>\n<\/tr>\n<tr>\n<td>SKY49<\/td>\n<td>SMD Wei\u00df \/ White<\/td>\n<td>5000<\/td>\n<td>AC-DC 12V<\/td>\n<\/tr>\n<tr>\n<td>SKY50<\/td>\n<td>SMD Blau \/ Blue<\/td>\n<td>550<\/td>\n<td>AC-DC 12V<\/td>\n<\/tr>\n<tr>\n<td>SKY51<\/td>\n<td>SMD Tageslicht \/ Sunrise<\/td>\n<td>5000<\/td>\n<td>AC-DC 12V<\/td>\n<\/tr>\n<tr>\n<td>SKY52<\/td>\n<td>SMD T\u00fcrkis \/ Turquoise<\/td>\n<td>1750<\/td>\n<td>AC-DC 12V<\/td>\n<\/tr>\n<tr>\n<td>SKY53<\/td>\n<td>SMD Blau-Wei\u00df \/ Blue-White<\/td>\n<td>3000<\/td>\n<td>AC-DC 12V<\/td>\n<\/tr>\n<tr>\n<td>SKY54<\/td>\n<td>SMD Gr\u00fcn \/ Green<\/td>\n<td>1800<\/td>\n<td>AC-DC 12V<\/td>\n<\/tr>\n<tr>\n<td>SKY55<\/td>\n<td>SMD Rot \/ Red<\/td>\n<td>1800<\/td>\n<td>AC-DC 12V<\/td>\n<\/tr>\n<tr>\n<td>SKY56<\/td>\n<td>SMD RGB (4-adrig)<\/td>\n<td>1250<\/td>\n<td>DC 12V<\/td>\n<\/tr>\n<tr>\n<td>SKY57<\/td>\n<td>SMD RGB Farbwechselnd (2-adrig)<\/td>\n<td>1250<\/td>\n<td>AC-DC 12V<\/td>\n<\/tr>\n<tr>\n<td>SKY58<\/td>\n<td>SMD RGB Ein\/Aus (2-adrig)<\/td>\n<td>1250<\/td>\n<td>DC 12V<\/td>\n<\/tr>\n<tr>\n<td>SKY59<\/td>\n<td>SMD RGB Wei\u00df (5-adrig) NEW<\/td>\n<td>5000<\/td>\n<td>DC 12V<\/td>\n<\/tr>\n<tr>\n<td>SKY60<\/td>\n<td>SMD RGB Sunrise (5-adrig) NEW<\/td>\n<td>5000<\/td>\n<td>DC 12V<\/td>\n<\/tr>\n<tr>\n<td>SKY61<\/td>\n<td>Edelstahlrahmen<\/td>\n<td><\/td>\n<td><\/td>\n<\/tr>\n<tr>\n<td>SKY62<\/td>\n<td>Farbiger Rahmen<\/td>\n<td><\/td>\n<td><\/td>\n<\/tr>\n<tr>\n<td>SKY63<\/td>\n<td>SMD Wei\u00df \/ White<\/td>\n<td>6000<\/td>\n<td>AC-DC 12V<\/td>\n<\/tr>\n<tr>\n<td>SKY64<\/td>\n<td>SMD Blau \/ Blue<\/td>\n<td>1000<\/td>\n<td>AC-DC 12V<\/td>\n<\/tr>\n<tr>\n<td>SKY65<\/td>\n<td>SMD Tageslicht \/ Sunrise<\/td>\n<td>1000<\/td>\n<td>AC-DC 12V<\/td>\n<\/tr>\n<tr>\n<td>SKY66<\/td>\n<td>SMD T\u00fcrkis \/ Turquoise<\/td>\n<td>2250<\/td>\n<td>AC-DC 12V<\/td>\n<\/tr>\n<tr>\n<td>SKY67<\/td>\n<td>SMD Blau-Wei\u00df \/ Blue-White<\/td>\n<td>2500<\/td>\n<td>AC-DC 12V<\/td>\n<\/tr>\n<tr>\n<td>SKY68<\/td>\n<td>SMD Gr\u00fcn \/ Green<\/td>\n<td>2250<\/td>\n<td>AC-DC 12V<\/td>\n<\/tr>\n<tr>\n<td>SKY69<\/td>\n<td>SMD Rot \/ Red<\/td>\n<td>2250<\/td>\n<td>AC-DC 12V<\/td>\n<\/tr>\n<tr>\n<td>SKY70<\/td>\n<td>SMD RGB (4-adrig)<\/td>\n<td>1600<\/td>\n<td>DC 12V<\/td>\n<\/tr>\n<tr>\n<td>SKY71<\/td>\n<td>SMD RGB Farbwechselnd (2-adrig)<\/td>\n<td>1600<\/td>\n<td>AC-DC 12V<\/td>\n<\/tr>\n<tr>\n<td>SKY72<\/td>\n<td>SMD RGB Ein\/Aus (2-adrig)<\/td>\n<td>1600<\/td>\n<td>DC 12V<\/td>\n<\/tr>\n<tr>\n<td>SKY73<\/td>\n<td>SMD RGB Wei\u00df (5-adrig) NEW<\/td>\n<td>6000<\/td>\n<td>DC 12V<\/td>\n<\/tr>\n<tr>\n<td>SKY74<\/td>\n<td>SMD RGB Sunrise (5-adrig) NEW<\/td>\n<td>6000<\/td>\n<td>DC 12V<\/td>\n<\/tr>\n<tr>\n<td>SKY75<\/td>\n<td>Edelstahlrahmen<\/td>\n<td><\/td>\n<td><\/td>\n<\/tr>\n<tr>\n<td>SKY76<\/td>\n<td>Farbiger Rahmen<\/td>\n<td><\/td>\n<td><\/td>\n<\/tr>\n<\/tbody>\n<\/table>\n","protected":false},"excerpt":{"rendered":"<p>Die IP68-gesch\u00fctzte Superfine LED-Unterputzarmatur bietet 12V-Kompatibilit\u00e4t, 30\u201344W Leistungsoptionen, Samsung LEDs, bis zu 90 % Energieeinsparung, RGB-Unterst\u00fctzung sowie eine vollst\u00e4ndig abgedichtete, langlebige Konstruktion.<\/p>\n","protected":false},"featured_media":5214,"comment_status":"open","ping_status":"closed","template":"","meta":{"_joinchat":[]},"product_brand":[],"product_cat":[73],"product_tag":[],"class_list":{"0":"post-5213","1":"product","2":"type-product","3":"status-publish","4":"has-post-thumbnail","6":"product_cat-poolbeleuchtung","8":"first","9":"instock","10":"shipping-taxable","11":"product-type-simple"},"_links":{"self":[{"href":"https:\/\/markapool.com\/de\/wp-json\/wp\/v2\/product\/5213","targetHints":{"allow":["GET"]}}],"collection":[{"href":"https:\/\/markapool.com\/de\/wp-json\/wp\/v2\/product"}],"about":[{"href":"https:\/\/markapool.com\/de\/wp-json\/wp\/v2\/types\/product"}],"replies":[{"embeddable":true,"href":"https:\/\/markapool.com\/de\/wp-json\/wp\/v2\/comments?post=5213"}],"wp:featuredmedia":[{"embeddable":true,"href":"https:\/\/markapool.com\/de\/wp-json\/wp\/v2\/media\/5214"}],"wp:attachment":[{"href":"https:\/\/markapool.com\/de\/wp-json\/wp\/v2\/media?parent=5213"}],"wp:term":[{"taxonomy":"product_brand","embeddable":true,"href":"https:\/\/markapool.com\/de\/wp-json\/wp\/v2\/product_brand?post=5213"},{"taxonomy":"product_cat","embeddable":true,"href":"https:\/\/markapool.com\/de\/wp-json\/wp\/v2\/product_cat?post=5213"},{"taxonomy":"product_tag","embeddable":true,"href":"https:\/\/markapool.com\/de\/wp-json\/wp\/v2\/product_tag?post=5213"}],"curies":[{"name":"wp","href":"https:\/\/api.w.org\/{rel}","templated":true}]}}